{"id":121244,"date":"2025-11-10T00:00:00","date_gmt":"2025-11-10T05:00:00","guid":{"rendered":"https:\/\/gpl-love.com\/es\/producto\/revo-multipurpose-woocommerce-wordpress-theme\/"},"modified":"2026-03-13T17:28:21","modified_gmt":"2026-03-13T22:28:21","slug":"revo-multipurpose-woocommerce-wordpress-theme","status":"publish","type":"product","link":"https:\/\/gpl-love.com\/es\/producto\/revo-multipurpose-woocommerce-wordpress-theme\/","title":{"rendered":"Revo Multipurpose WooCommerce WordPress Theme 4.0.31"},"content":{"rendered":"<h3>Revo Multipurpose WooCommerce WordPress Theme Caracteristicas<\/h3>\n<p>El tema de WordPress de WooCommerce de WooCommerce Revo es un tema incre\u00edblemente vers\u00e1til y altamente personalizable que ha sido meticulosamente dise\u00f1ado para satisfacer las diversas necesidades y requisitos de las empresas y las personas que buscan establecer una tienda en l\u00ednea formidable. Este tema cuenta con una interfaz notablemente f\u00e1cil de usar, facilitando as\u00ed un proceso sin esfuerzo de configurar y administrar efectivamente su tienda en l\u00ednea. Est\u00e1 equipado con una impresionante variedad de caracter\u00edsticas potentes, que incluyen, entre otros, un constructor de p\u00e1ginas de arrastrar y soltar sin costuras, una gran cantidad de dise\u00f1os de la p\u00e1gina de inicio para elegir y una amplia gama de opciones de color personalizables que son pr\u00e1cticamente ilimitadas. Adem\u00e1s, este tema se integra perfectamente con WooCommerce, otorg\u00e1ndole la capacidad incomparable para vender sus productos sin esfuerzo, administrar eficientemente su inventario y procesar los pagos sin problemas. Ya sea que sea un desarrollador experimentado o un emprendedor en ciernes que se embarca en su incursi\u00f3n inaugural en el mundo del comercio electr\u00f3nico, el tema de WordPress de WooCommerce revocador Curre una tienda en l\u00ednea fenomenalmente exitosa que est\u00e9 destinada a cautivar y cautivar a su p\u00fablico objetivo.<\/p>\n<ul>\n<li>Dise\u00f1o receptivo para garantizar la compatibilidad con todos los dispositivos<\/li>\n<li>Construido espec\u00edficamente para WooCommerce, con un soporte completo para todas las caracter\u00edsticas de WooCommerce<\/li>\n<li>M\u00faltiples dise\u00f1os de la p\u00e1gina de inicio para elegir, permitiendo la personalizaci\u00f3n completa<\/li>\n<li>Opciones avanzadas de filtrado de productos para una mejor experiencia de compra<\/li>\n<li>Integrado con plataformas de redes sociales para compartir f\u00e1cilmente productos<\/li>\n<li>Construido sobre el potente marco de Redux para una f\u00e1cil personalizaci\u00f3n<\/li>\n<li>Incluye plantillas preconstruidas para p\u00e1ginas de productos, p\u00e1ginas de contacto y m\u00e1s<\/li>\n<li>Soporte completo para varios idiomas con compatibilidad WPML<\/li>\n<li>Builder de p\u00e1gina f\u00e1cil de usar para la creaci\u00f3n de sitios web sin esfuerzo<\/li>\n<li>Optimizado para SEO para mejorar las clasificaciones y la visibilidad del sitio web<\/li>\n<li>Actualizaciones regulares y atenci\u00f3n al cliente disponibles para mantenimiento y mejoras continuas.<\/li>\n<\/ul>\n","protected":false},"excerpt":{"rendered":"<p>El tema de WordPress WooCommerce de Revo MultipurSose se destaca como un instrumento extraordinario para los desarrolladores de sitios web que aspiran a fabricar sitios de comercio electr\u00f3nico. Al mostrar su dise\u00f1o adaptable y receptivo, este tema es adecuado para una amplia gama de tiendas en l\u00ednea que venden una variedad de productos b\u00e1sicos, que abarca desde la moda hasta la tecnolog\u00eda. Empoderado por WooCommerce, este tema cuenta con una gran cantidad de funcionalidades avanzadas y opciones de personalizaci\u00f3n, lo que permite la creaci\u00f3n de una tienda de comercio electr\u00f3nico que se alinea perfectamente con su visi\u00f3n. Con su dise\u00f1o elegante, velocidad de carga r\u00e1pida y destreza de optimizaci\u00f3n de motores de b\u00fasqueda, este tema mejora el rendimiento general de su sitio web. Si te encuentras en busca de un tema de WordPress de comercio electr\u00f3nico potente y confiable, simplemente no puedes salir mal con el tema de WordPress de WooCommerce de Multipurpose Revo.<\/p>\n","protected":false},"featured_media":167370,"comment_status":"open","ping_status":"open","template":"","meta":[],"product_brand":[2337],"product_cat":[1263,1397,1237],"product_tag":[1391],"class_list":{"0":"post-121244","1":"product","2":"type-product","3":"status-publish","4":"has-post-thumbnail","6":"product_brand-themeforest","7":"product_cat-comercio-electronico-temas","8":"product_cat-de-multiples-fines-comercio-electronico-temas","9":"product_cat-temas","10":"product_tag-themeforest","11":"member-discount","12":"discount-restricted","14":"first","15":"instock","16":"sale","17":"downloadable","18":"virtual","19":"sold-individually","20":"purchasable","21":"product-type-simple"},"_links":{"self":[{"href":"https:\/\/gpl-love.com\/es\/wp-json\/wp\/v2\/product\/121244","targetHints":{"allow":["GET"]}}],"collection":[{"href":"https:\/\/gpl-love.com\/es\/wp-json\/wp\/v2\/product"}],"about":[{"href":"https:\/\/gpl-love.com\/es\/wp-json\/wp\/v2\/types\/product"}],"replies":[{"embeddable":true,"href":"https:\/\/gpl-love.com\/es\/wp-json\/wp\/v2\/comments?post=121244"}],"wp:featuredmedia":[{"embeddable":true,"href":"https:\/\/gpl-love.com\/es\/wp-json\/wp\/v2\/media\/167370"}],"wp:attachment":[{"href":"https:\/\/gpl-love.com\/es\/wp-json\/wp\/v2\/media?parent=121244"}],"wp:term":[{"taxonomy":"product_brand","embeddable":true,"href":"https:\/\/gpl-love.com\/es\/wp-json\/wp\/v2\/product_brand?post=121244"},{"taxonomy":"product_cat","embeddable":true,"href":"https:\/\/gpl-love.com\/es\/wp-json\/wp\/v2\/product_cat?post=121244"},{"taxonomy":"product_tag","embeddable":true,"href":"https:\/\/gpl-love.com\/es\/wp-json\/wp\/v2\/product_tag?post=121244"}],"curies":[{"name":"wp","href":"https:\/\/api.w.org\/{rel}","templated":true}]}}