{"id":121242,"date":"2025-05-10T00:00:00","date_gmt":"2025-05-10T05:00:00","guid":{"rendered":"https:\/\/gpl-love.com\/es\/producto\/restrict-content-pro-woocommerce-member-discounts-y-add-ons\/"},"modified":"2026-04-10T11:23:23","modified_gmt":"2026-04-10T16:23:23","slug":"restrict-content-pro-woocommerce-member-discounts-y-add-ons","status":"publish","type":"product","link":"https:\/\/gpl-love.com\/es\/producto\/restrict-content-pro-woocommerce-member-discounts-y-add-ons\/","title":{"rendered":"Restrict Content Pro WooCommerce Member Discounts y Add-ons 1.0.7"},"content":{"rendered":"<h3>Restrict Content Pro WooCommerce Member Discounts y Add-ons Caracteristicas<\/h3>\n<p>El contenido restringido de los descuentos y complementos de miembros del miembro de WooCommerce es un complemento excepcional que cuenta con una amplia gama de caracter\u00edsticas notables destinadas a facilitar la gesti\u00f3n efectiva de las tiendas en l\u00ednea por parte de sus usuarios. Este complemento ha sido meticulosamente elaborado para proporcionar a sus usuarios la invaluable capacidad de imponer restricciones al acceso a contenido, productos y p\u00e1ginas espec\u00edficos dentro de su dominio de la tienda WooCommerce. Adem\u00e1s, brinda a los usuarios la oportunidad de adaptar los descuentos exclusivos y los complementos destinados \u00fanicamente a los miembros, sirviendo as\u00ed como un medio espl\u00e9ndido para recompensar a los clientes devotos al tiempo que aumenta las cifras de ventas. Con un proceso de instalaci\u00f3n sin interrupciones y una interfaz de configuraci\u00f3n f\u00e1cilmente navegable, los usuarios pueden establecer r\u00e1pidamente su emporio digital y aprovechar r\u00e1pidamente las innumerables ventajas ofrecidas por este complemento en t\u00e9rminos de aumentar las ventas y fomentar una experiencia mejor al cliente. En resumen, este complemento sirve como un instrumento invaluable para las empresas que buscan optimizar sus procedimientos de tienda en l\u00ednea y amplificar los niveles de interacci\u00f3n del cliente.<\/p>\n<ul>\n<li>Permite dar descuentos para miembros y agregar personalizaciones a productos dentro de WooCommerce<\/li>\n<li>Se integra a la perfecci\u00f3n con Restrict Content Pro, un poderoso complemento de membres\u00eda para WordPress<\/li>\n<li>Ofrece flexibilidad en los niveles de descuento en funci\u00f3n del nivel de membres\u00eda o los productos espec\u00edficos<\/li>\n<li>Habilita la creaci\u00f3n de productos o contenido \u00absolo para miembros\u00bb con descuentos exclusivos<\/li>\n<li>Proporciona una interfaz intuitiva e f\u00e1cil de usar para administrar descuentos de miembros y complementos<\/li>\n<li>Ofrece un proceso de pago optimizado para los miembros, asegurando que se apliquen los descuentos autom\u00e1ticamente<\/li>\n<li>Mejora la lealtad y la retenci\u00f3n de los clientes a trav\u00e9s de ofertas personalizadas y beneficios de membres\u00eda<\/li>\n<li>Compatible con una amplia gama de pasarelas de pago, asegurando transacciones seguras y seguras.<\/li>\n<li>Perfecto para tiendas en l\u00ednea que buscan aumentar las ventas y el compromiso con su base de membres\u00eda.<\/li>\n<\/ul>\n","protected":false},"excerpt":{"rendered":"<p>Restringe el contenido Pro WooCommerce Los descuentos y los complementos, que resulta ser un complemento de WordPress incre\u00edblemente poderoso, sirve al prop\u00f3sito de permitirle proporcionar descuentos exclusivos sin esfuerzo y complementos a sus estimados miembros de WooCommerce. Al integrarse sin problemas con restringir el contenido Pro y WooCommerce, este complemento excepcional le otorga autoridad absoluta sobre las personas que son elegibles para acceder a estos descuentos y complementos buscados. Equipado con una gran cantidad de caracter\u00edsticas notables, como opciones de descuento altamente personalizables, configuraciones de restricci\u00f3n de miembros intrincadamente dise\u00f1adas y una interfaz f\u00e1cil de usar para administrar eficientemente m\u00faltiples complementos, este complemento indudablemente emerge como la soluci\u00f3n final para cualquier propietario de la tienda de WooCommerce para mejorar Las tasas de retenci\u00f3n de miembros y, a su vez, amplifican significativamente sus cifras generales de ventas. Por lo tanto, si aspira a extraer los mayores beneficios de su programa de membres\u00eda, se vuelve absolutamente imperativo aprovechar todo el potencial del contenido restringido de los descuentos y complementos de miembros de los miembros de WooCommerce.<\/p>\n","protected":false},"featured_media":167366,"comment_status":"open","ping_status":"open","template":"","meta":[],"product_brand":[2548],"product_cat":[1325,1206,1211],"product_tag":[1513],"class_list":{"0":"post-121242","1":"product","2":"type-product","3":"status-publish","4":"has-post-thumbnail","6":"product_brand-restirct-content","7":"product_cat-afiliacion","8":"product_cat-plugins","9":"product_cat-wordpress-plugins","10":"product_tag-restirct-content","11":"member-discount","12":"discount-restricted","14":"first","15":"instock","16":"sale","17":"downloadable","18":"virtual","19":"sold-individually","20":"purchasable","21":"product-type-simple"},"_links":{"self":[{"href":"https:\/\/gpl-love.com\/es\/wp-json\/wp\/v2\/product\/121242","targetHints":{"allow":["GET"]}}],"collection":[{"href":"https:\/\/gpl-love.com\/es\/wp-json\/wp\/v2\/product"}],"about":[{"href":"https:\/\/gpl-love.com\/es\/wp-json\/wp\/v2\/types\/product"}],"replies":[{"embeddable":true,"href":"https:\/\/gpl-love.com\/es\/wp-json\/wp\/v2\/comments?post=121242"}],"wp:featuredmedia":[{"embeddable":true,"href":"https:\/\/gpl-love.com\/es\/wp-json\/wp\/v2\/media\/167366"}],"wp:attachment":[{"href":"https:\/\/gpl-love.com\/es\/wp-json\/wp\/v2\/media?parent=121242"}],"wp:term":[{"taxonomy":"product_brand","embeddable":true,"href":"https:\/\/gpl-love.com\/es\/wp-json\/wp\/v2\/product_brand?post=121242"},{"taxonomy":"product_cat","embeddable":true,"href":"https:\/\/gpl-love.com\/es\/wp-json\/wp\/v2\/product_cat?post=121242"},{"taxonomy":"product_tag","embeddable":true,"href":"https:\/\/gpl-love.com\/es\/wp-json\/wp\/v2\/product_tag?post=121242"}],"curies":[{"name":"wp","href":"https:\/\/api.w.org\/{rel}","templated":true}]}}