{"id":121240,"date":"2026-03-13T00:00:00","date_gmt":"2026-03-13T05:00:00","guid":{"rendered":"https:\/\/gpl-love.com\/es\/producto\/restrict-content-pro\/"},"modified":"2026-04-10T11:23:10","modified_gmt":"2026-04-10T16:23:10","slug":"restrict-content-pro","status":"publish","type":"product","link":"https:\/\/gpl-love.com\/es\/producto\/restrict-content-pro\/","title":{"rendered":"Restrict Content Pro 3.5.57"},"content":{"rendered":"<h3>Restrict Content Pro Caracteristicas<\/h3>\n<p>Restringir Content Pro, un complemento de WordPress altamente robusto, proporciona a los propietarios de sitios web la capacidad de limitar la entrada a secciones espec\u00edficas de su sitio web. Con esta notable herramienta, los usuarios pueden establecer sin esfuerzo planes de membres\u00eda, imponer restricciones a p\u00e1ginas o publicaciones particulares e incluso regular el acceso a archivos o descargas particulares. El complemento se integra sin problemas con las pasarelas de pago muy queridas como PayPal y Stripe, simplificando as\u00ed el proceso de monetizar su sitio web y generar ingresos recurrentes. Adem\u00e1s, el tablero y el sistema integral de informes f\u00e1ciles de usar permiten la gesti\u00f3n sin esfuerzo de los planes de membres\u00eda, as\u00ed como un monitoreo meticuloso de los ingresos y suscripciones. Ya sea que su objetivo es crear un sitio de membres\u00eda premium o simplemente ejercer control sobre cierto contenido, el contenido restric de Pro surge como una soluci\u00f3n confiable y altamente efectiva.<\/p>\n<ul>\n<li>Permite a los propietarios de sitios web restringir el acceso al contenido en su sitio web<\/li>\n<li>Proporciona un sistema flexible para crear y administrar los niveles de membres\u00eda<\/li>\n<li>Cuenta con formularios de registro personalizables para que los usuarios se registren para la membres\u00eda<\/li>\n<li>Admite m\u00faltiples pasarelas de pago para cobrar tarifas de membres\u00eda<\/li>\n<li>Proporciona informes detallados y an\u00e1lisis para la gesti\u00f3n de membres\u00eda<\/li>\n<li>Se integra con populares plataformas de marketing por correo electr\u00f3nico<\/li>\n<li>Incluye complementos para integrarse con otros complementos de WordPress<\/li>\n<li>Ofrece una excelente atenci\u00f3n al cliente y documentaci\u00f3n.<\/li>\n<\/ul>\n","protected":false},"excerpt":{"rendered":"<p>Restrict Content Pro es un complemento de WordPress excepcionalmente robusto y potente que ofrece a los propietarios del sitio web la capacidad de limitar y limitar el acceso al contenido designado exclusivamente para seleccionar individuos o grupos. La funcionalidad y la versatilidad de este complemento son realmente notables, ya que permite a los usuarios crear \u00e1reas exclusivas sin esfuerzo estrictamente accesibles para los miembros, generar ingresos a trav\u00e9s de la venta de productos digitales, dise\u00f1ar e implementar planes de suscripci\u00f3n, y supervisar y gobernar las cuentas de los usuarios. En virtud de su naturaleza altamente personalizable y adaptable, restringir el contenido Pro permite a los usuarios adaptar los planes a sus necesidades espec\u00edficas, enviar recordatorios de renovaci\u00f3n de suscripci\u00f3n oportunos e integrarse sin problemas con las pasarelas de pago de renombre. En esencia, este complemento notable est\u00e1 inequ\u00edvocamente destinado al \u00e9xito, ya que atiende a un amplio espectro de individuos y entidades como empresas, bloggers y vendedores, que se ven impulsados \u200b\u200ba monetizar su contenido, al mismo tiempo que ofrecen un valor excepcional a sus estimados suscriptores.<\/p>\n","protected":false},"featured_media":167349,"comment_status":"open","ping_status":"open","template":"","meta":[],"product_brand":[2548],"product_cat":[1325,1206,1211],"product_tag":[1513],"class_list":{"0":"post-121240","1":"product","2":"type-product","3":"status-publish","4":"has-post-thumbnail","6":"product_brand-restirct-content","7":"product_cat-afiliacion","8":"product_cat-plugins","9":"product_cat-wordpress-plugins","10":"product_tag-restirct-content","11":"member-discount","12":"discount-restricted","14":"first","15":"instock","16":"sale","17":"downloadable","18":"virtual","19":"sold-individually","20":"purchasable","21":"product-type-simple"},"_links":{"self":[{"href":"https:\/\/gpl-love.com\/es\/wp-json\/wp\/v2\/product\/121240","targetHints":{"allow":["GET"]}}],"collection":[{"href":"https:\/\/gpl-love.com\/es\/wp-json\/wp\/v2\/product"}],"about":[{"href":"https:\/\/gpl-love.com\/es\/wp-json\/wp\/v2\/types\/product"}],"replies":[{"embeddable":true,"href":"https:\/\/gpl-love.com\/es\/wp-json\/wp\/v2\/comments?post=121240"}],"wp:featuredmedia":[{"embeddable":true,"href":"https:\/\/gpl-love.com\/es\/wp-json\/wp\/v2\/media\/167349"}],"wp:attachment":[{"href":"https:\/\/gpl-love.com\/es\/wp-json\/wp\/v2\/media?parent=121240"}],"wp:term":[{"taxonomy":"product_brand","embeddable":true,"href":"https:\/\/gpl-love.com\/es\/wp-json\/wp\/v2\/product_brand?post=121240"},{"taxonomy":"product_cat","embeddable":true,"href":"https:\/\/gpl-love.com\/es\/wp-json\/wp\/v2\/product_cat?post=121240"},{"taxonomy":"product_tag","embeddable":true,"href":"https:\/\/gpl-love.com\/es\/wp-json\/wp\/v2\/product_tag?post=121240"}],"curies":[{"name":"wp","href":"https:\/\/api.w.org\/{rel}","templated":true}]}}