{"id":121238,"date":"2026-02-23T00:00:00","date_gmt":"2026-02-23T05:00:00","guid":{"rendered":"https:\/\/gpl-love.com\/es\/producto\/rehub-tema-price-comparison-affiliate-marketing-multi-vendor-store-community-theme\/"},"modified":"2026-04-10T11:23:02","modified_gmt":"2026-04-10T16:23:02","slug":"rehub-tema-price-comparison-affiliate-marketing-multi-vendor-store-community-theme","status":"publish","type":"product","link":"https:\/\/gpl-love.com\/es\/producto\/rehub-tema-price-comparison-affiliate-marketing-multi-vendor-store-community-theme\/","title":{"rendered":"Rehub Multi Vendor Store Theme 19.9.9.7"},"content":{"rendered":"<h3>Rehub Multi Vendor Store Theme Caracteristicas<\/h3>\n<p>El tema Rehub Multi Vendor Store es una soluci\u00f3n extremadamente integral y que lo abarca todo dise\u00f1ada espec\u00edficamente para empresas en l\u00ednea que buscan fervientemente crear una tienda de comercio electr\u00f3nico altamente robusta y potente. Con una variedad de opciones diversas y f\u00e1cilmente personalizables, as\u00ed como un dise\u00f1o elegante y elegante y de vanguardia, este tema le ofrece la oportunidad incomparable de mostrar sus innumerables productos y servicios en el absoluto cenit de la magnificencia visual. Adem\u00e1s, las capacidades de m\u00faltiples proveedores facilitan sin problemas y sin esfuerzo la gesti\u00f3n de innumerables vendedores y sus respectivos productos, por lo tanto, simplificando efectiva y expedentemente el proceso de otro modo arduo y mejorando notablemente la eficiencia operativa general. Adem\u00e1s, este tema est\u00e1 repleto de un extenso repertorio de caracter\u00edsticas altamente deseables, que incluyen, entre otros, comparaciones de productos, sistemas de revisi\u00f3n y calificaci\u00f3n, y filtros de b\u00fasqueda notablemente avanzados. Es imperativo tener en cuenta que el tema de la tienda de m\u00faltiples proveedores Rehub no solo ejemplifica una interfaz inmensamente intuitiva y f\u00e1cil su negocio a alturas de \u00e9xito y prosperidad sin precedentes.<\/p>\n<ul>\n<li>Rehub Multi Vendor Store Temo es una plataforma vers\u00e1til y personalizable para crear mercados en l\u00ednea.<\/li>\n<li>Viene con una gran cantidad de plantillas y dise\u00f1os predise\u00f1ados que facilitan comenzar, independientemente de su nivel de experiencia.<\/li>\n<li>Construido con SEO en mente, Rehub ayuda a garantizar que su mercado se destaque de la competencia y atraiga m\u00e1s tr\u00e1fico y ventas.<\/li>\n<li>Con la capacidad de integrarse con muchos complementos y extensiones populares, puede agregar f\u00e1cilmente caracter\u00edsticas como pasarelas de pago, integraci\u00f3n de redes sociales y m\u00e1s en su mercado.<\/li>\n<li>El tema est\u00e1 optimizado para tiempos de carga r\u00e1pidas, por lo que sus clientes pueden navegar y comprar productos de manera r\u00e1pida y eficiente.<\/li>\n<li>Los filtros de productos personalizables permiten a sus clientes encontrar r\u00e1pidamente los productos que est\u00e1n buscando, lo que aumenta las posibilidades de una venta.<\/li>\n<li>Rehub tambi\u00e9n incluye un poderoso sistema de revisi\u00f3n que permite a los clientes dejar comentarios sobre productos y vendedores, proporcionando valiosas pruebas sociales para futuros clientes.<\/li>\n<li>Con el soporte de m\u00faltiples proveedores, Rehub facilita la administraci\u00f3n de m\u00faltiples vendedores y sus productos, todos desde un solo tablero de tablero f\u00e1cil de usar.<\/li>\n<li>La documentaci\u00f3n y el soporte integrales facilitan comenzar y resolver cualquier problema que pueda surgir en el camino.<\/li>\n<\/ul>\n","protected":false},"excerpt":{"rendered":"<p>El tema Rehub Multi Vendor Store es un tema de WordPress extremadamente robusto y f\u00e1cil de usar que ha sido meticulosamente elaborado con el prop\u00f3sito expl\u00edcito de facilitar el establecimiento y la operaci\u00f3n de los mercados en l\u00ednea. En virtud de su capacidad intr\u00ednseca para acomodar a m\u00faltiples proveedores, este tema faculta eficazmente a los usuarios para erigir sin esfuerzo sitios web sofisticados del mercado que est\u00e1n imbuidos de un nivel sin precedentes de conveniencia y funcionalidad. Este tema cuenta con un dise\u00f1o de p\u00e1gina de inicio asombrosamente flexible que se puede adaptar sin esfuerzo para cumplir con las preferencias y especificaciones individuales de cada usuario. Adem\u00e1s, tambi\u00e9n ofrece una gama completa de opciones de b\u00fasqueda y filtrado de vanguardia, lo que permite a los usuarios participar en una experiencia de compra en l\u00ednea altamente eficiente e inmensamente gratificante. Adem\u00e1s, el tema Rehub Multi Vendor Store est\u00e1 meticulosamente dise\u00f1ado con soporte incorporado para algunos de los complementos de comercio electr\u00f3nico m\u00e1s reputados y ampliamente adoptados, incluidos los inmensamente populares y aclamados complementos de WooCommerce y descargas digitales f\u00e1ciles. En consecuencia, este tema ofrece a los usuarios la oportunidad incomparable de integrar y aprovechar los innumerables beneficios y funcionalidades que se asocian inherentemente con estos complementos estimados. Ya sea que albergues aspiraciones de crear un mercado novedoso e innovador desde cero o que haya resuelto optimizar y mejorar una existente, el tema de la tienda de m\u00faltiples proveedores Rehub es inequ\u00edvocamente la panacea definitiva, ya que est\u00e1 en una posici\u00f3n \u00fanica para cumplir con todas sus aspiraciones y requisitos.<\/p>\n","protected":false},"featured_media":167337,"comment_status":"open","ping_status":"open","template":"","meta":[],"product_brand":[2337],"product_cat":[1307,1237,1238],"product_tag":[1391],"class_list":{"0":"post-121238","1":"product","2":"type-product","3":"status-publish","4":"has-post-thumbnail","6":"product_brand-themeforest","7":"product_cat-negocio-wordpress-temas","8":"product_cat-temas","9":"product_cat-wordpress-temas","10":"product_tag-themeforest","11":"member-discount","12":"discount-restricted","14":"first","15":"instock","16":"sale","17":"downloadable","18":"virtual","19":"sold-individually","20":"purchasable","21":"product-type-simple"},"_links":{"self":[{"href":"https:\/\/gpl-love.com\/es\/wp-json\/wp\/v2\/product\/121238","targetHints":{"allow":["GET"]}}],"collection":[{"href":"https:\/\/gpl-love.com\/es\/wp-json\/wp\/v2\/product"}],"about":[{"href":"https:\/\/gpl-love.com\/es\/wp-json\/wp\/v2\/types\/product"}],"replies":[{"embeddable":true,"href":"https:\/\/gpl-love.com\/es\/wp-json\/wp\/v2\/comments?post=121238"}],"wp:featuredmedia":[{"embeddable":true,"href":"https:\/\/gpl-love.com\/es\/wp-json\/wp\/v2\/media\/167337"}],"wp:attachment":[{"href":"https:\/\/gpl-love.com\/es\/wp-json\/wp\/v2\/media?parent=121238"}],"wp:term":[{"taxonomy":"product_brand","embeddable":true,"href":"https:\/\/gpl-love.com\/es\/wp-json\/wp\/v2\/product_brand?post=121238"},{"taxonomy":"product_cat","embeddable":true,"href":"https:\/\/gpl-love.com\/es\/wp-json\/wp\/v2\/product_cat?post=121238"},{"taxonomy":"product_tag","embeddable":true,"href":"https:\/\/gpl-love.com\/es\/wp-json\/wp\/v2\/product_tag?post=121238"}],"curies":[{"name":"wp","href":"https:\/\/api.w.org\/{rel}","templated":true}]}}