{"id":121236,"date":"2026-02-14T00:00:00","date_gmt":"2026-02-14T05:00:00","guid":{"rendered":"https:\/\/gpl-love.com\/es\/?post_type=product&#038;p=121236"},"modified":"2026-04-10T11:22:59","modified_gmt":"2026-04-10T16:22:59","slug":"recaptcha-para-woocommerce","status":"publish","type":"product","link":"https:\/\/gpl-love.com\/es\/producto\/recaptcha-para-woocommerce\/","title":{"rendered":"ReCaptcha para WooCommerce 2.72"},"content":{"rendered":"<h3>ReCaptcha para WooCommerce Caracteristicas<\/h3>\n<p>La utilizaci\u00f3n de Recaptcha para WooCommerce sirve como un mecanismo eficaz para las empresas en l\u00ednea, lo que les permite fortalecer sus defensas contra las amenazas perniciosas planteadas por el spam y el fraude. Al incorporar este complemento en su infraestructura digital, los propietarios de sitios web pueden implementar efectivamente la tecnolog\u00eda de recaptcha de vanguardia de Google en p\u00e1ginas cr\u00edticas, como la p\u00e1gina de pago, la p\u00e1gina de inicio de sesi\u00f3n y los formularios de registro, lo que las hace impermeables a las actividades nefastos de bots automatizados y un usuario escaso de usuarios espurabos cuentas. Adem\u00e1s, el proceso de instalaci\u00f3n sin problemas y la interfaz f\u00e1cil de usar de este complemento garantizan una experiencia superlativa para los clientes. Adem\u00e1s, Recaptcha para WooCommerce tiene un prop\u00f3sito adicional de permitir a los propietarios de sitios web permanecer totalmente compatibles con las regulaciones de privacidad, ya que sirve como un baluarte contra posibles violaciones de datos y protege la informaci\u00f3n personal de su estimado clientele. El empleo de esta soluci\u00f3n de seguridad de vanguardia es inequ\u00edvocamente indispensable para cualquier empresa en l\u00ednea que aspira a proteger su ecosistema digital y erigir una barrera formidable contra las empresas fraudulentas.<\/p>\n<ul>\n<li>Asegure su tienda en l\u00ednea de spam y ataques maliciosos con recaptcha para wooCommerce<\/li>\n<li>Proteja la informaci\u00f3n de sus clientes con seguridad avanzada utilizando la API Recaptcha de Google<\/li>\n<li>Integre sin problemas recaptcha en su tienda WooCommerce con el complemento f\u00e1cil de usar<\/li>\n<li>Elija entre varios tipos de recaptcha, incluida la casilla de verificaci\u00f3n, invisible y V3, para satisfacer las necesidades de su sitio web<\/li>\n<li>Personalice el dise\u00f1o de recaptcha para que coincida con la marca y el estilo de su sitio web<\/li>\n<li>Configurar recaptcha en solo unos pocos clics para comenzar a disfrutar de la seguridad mejorada y la confianza del cliente<\/li>\n<li>Beneficiarse de actualizaciones y soporte automatizados para garantizar que su sitio web permanezca protegido en todo momento<\/li>\n<li>Aumente la clasificaci\u00f3n de los motores de b\u00fasqueda y la lealtad del cliente proporcionando una experiencia de compra segura y sin spam.<\/li>\n<li>Elija una soluci\u00f3n rentable con planes de precios flexibles para acomodar cualquier presupuesto.<\/li>\n<\/ul>\n","protected":false},"excerpt":{"rendered":"<p>La entrada: Recaptcha para el complemento WooCommerce es una herramienta incre\u00edblemente robusta que ofrece una integraci\u00f3n perfecta con Google Recaptcha, lo que aumenta la seguridad de su tienda en l\u00ednea construida en la plataforma WooCommerce. Al incorporar una capa adicional de protecci\u00f3n a sus p\u00e1ginas de pago, formularios de inicio de sesi\u00f3n y otras secciones cruciales de su sitio web, este complemento protege efectivamente su tienda desde SPAM y acceso no autorizado. Con la entrada: Recaptcha para WooCommerce, puede operar con confianza su tienda en l\u00ednea, sabiendo que est\u00e1 protegida y segura en cada momento. No espere m\u00e1s para experimentar la multitud de ventajas proporcionadas por este potente complemento: \u00a1tome la iniciativa hoy!<\/p>\n","protected":false},"featured_media":167331,"comment_status":"open","ping_status":"open","template":"","meta":[],"product_brand":[2344],"product_cat":[1208,1207,1206],"product_tag":[1423],"class_list":{"0":"post-121236","1":"product","2":"type-product","3":"status-publish","4":"has-post-thumbnail","6":"product_brand-woocommerce","7":"product_cat-administracion","8":"product_cat-comercio-electronico-plugins","9":"product_cat-plugins","10":"product_tag-woocommerce","11":"member-discount","12":"discount-restricted","14":"first","15":"instock","16":"sale","17":"downloadable","18":"virtual","19":"sold-individually","20":"purchasable","21":"product-type-simple"},"_links":{"self":[{"href":"https:\/\/gpl-love.com\/es\/wp-json\/wp\/v2\/product\/121236","targetHints":{"allow":["GET"]}}],"collection":[{"href":"https:\/\/gpl-love.com\/es\/wp-json\/wp\/v2\/product"}],"about":[{"href":"https:\/\/gpl-love.com\/es\/wp-json\/wp\/v2\/types\/product"}],"replies":[{"embeddable":true,"href":"https:\/\/gpl-love.com\/es\/wp-json\/wp\/v2\/comments?post=121236"}],"wp:featuredmedia":[{"embeddable":true,"href":"https:\/\/gpl-love.com\/es\/wp-json\/wp\/v2\/media\/167331"}],"wp:attachment":[{"href":"https:\/\/gpl-love.com\/es\/wp-json\/wp\/v2\/media?parent=121236"}],"wp:term":[{"taxonomy":"product_brand","embeddable":true,"href":"https:\/\/gpl-love.com\/es\/wp-json\/wp\/v2\/product_brand?post=121236"},{"taxonomy":"product_cat","embeddable":true,"href":"https:\/\/gpl-love.com\/es\/wp-json\/wp\/v2\/product_cat?post=121236"},{"taxonomy":"product_tag","embeddable":true,"href":"https:\/\/gpl-love.com\/es\/wp-json\/wp\/v2\/product_tag?post=121236"}],"curies":[{"name":"wp","href":"https:\/\/api.w.org\/{rel}","templated":true}]}}