{"id":121234,"date":"2021-03-08T00:00:00","date_gmt":"2021-03-08T05:00:00","guid":{"rendered":"https:\/\/gpl-love.com\/es\/producto\/reactive-search-pro-advanced-wordpress-search-filtering\/"},"modified":"2026-04-10T11:22:52","modified_gmt":"2026-04-10T16:22:52","slug":"reactive-search-pro-advanced-wordpress-search-filtering","status":"publish","type":"product","link":"https:\/\/gpl-love.com\/es\/producto\/reactive-search-pro-advanced-wordpress-search-filtering\/","title":{"rendered":"Reactive Search Pro Advanced Wordpress Search Filtering 4.0.9"},"content":{"rendered":"<h3>Reactive Search Pro Advanced Wordpress Search Filtering Caracteristicas<\/h3>\n<p>Reactive Search Pro Advanced WordPress Search Filtring, un complemento de filtrado de b\u00fasqueda de b\u00fasqueda incre\u00edblemente robusto y que lo abarca, cuenta con la capacidad de capacitar a los usuarios para refinar sus resultados de b\u00fasqueda en cualquier sitio web de WordPress. A trav\u00e9s de la utilizaci\u00f3n de sus caracter\u00edsticas de b\u00fasqueda altamente sofisticadas y de vanguardia, a los usuarios se les otorga el poder de examinar de manera conveniente y efectiva sus resultados de b\u00fasqueda en funci\u00f3n de una amplia gama de criterios, que van desde el precio hasta la categor\u00eda, e incluso se extienden a etiquetas y m\u00e1s all\u00e1. Este complemento ha sido meticulosamente elaborado con la intenci\u00f3n de mejorar la experiencia general del usuario en cualquier sitio de WordPress dado, asegurando que los resultados de b\u00fasqueda producidos sean consistentemente precisos y altamente relevantes. Este complemento no solo es notablemente f\u00e1cil de usar, sino que tambi\u00e9n es notablemente personalizable, lo que permite una integraci\u00f3n perfecta con el dise\u00f1o y la marca de cualquier sitio web. En general, la presencia de reactiva b\u00fasqueda pro avanzada WordPress Filtring de b\u00fasqueda es indudablemente indispensable para cualquier sitio web que aspira a ofrecer una experiencia de b\u00fasqueda incomparable para sus estimados usuarios.<\/p>\n<ul>\n<li>Filtrado de b\u00fasqueda avanzado para sitios web de WordPress<\/li>\n<li>M\u00faltiples opciones de filtrado que incluyen controles deslizantes, casillas de verificaci\u00f3n y men\u00fas desplegables<\/li>\n<li>Dise\u00f1o receptivo para dispositivos de escritorio, tabletas y m\u00f3viles<\/li>\n<li>Resultados de b\u00fasqueda en tiempo real sin recargas de p\u00e1gina<\/li>\n<li>Opciones de personalizaci\u00f3n flexible para el dise\u00f1o y dise\u00f1o de la b\u00fasqueda<\/li>\n<li>Integraci\u00f3n con WooCommerce, descargas digitales f\u00e1ciles y otros complementos populares de WordPress<\/li>\n<li>Tecnolog\u00eda de b\u00fasqueda de AJAX para resultados de b\u00fasqueda m\u00e1s r\u00e1pidos<\/li>\n<li>Compatibilidad con constructores de p\u00e1ginas populares como Elementor y Beaver Builder<\/li>\n<li>Admite m\u00faltiples tipos de publicaciones que incluyen p\u00e1ginas, publicaciones y tipos de publicaciones personalizadas<\/li>\n<li>Interfaz f\u00e1cil de usar y proceso de instalaci\u00f3n f\u00e1cil<\/li>\n<\/ul>\n","protected":false},"excerpt":{"rendered":"<p>Reactive Search Pro, un complemento excepcionalmente sofisticado para WordPress, se ha desarrollado ingeniosamente para permitir a los usuarios buscar y filtrar meticulosamente a trav\u00e9s de la amplia extensi\u00f3n de contenido abarcado en su sitio web. Al aprovechar las capacidades formidables de los mecanismos de filtrado de este complemento, los usuarios pueden localizar de manera expedita y sin esfuerzo la informaci\u00f3n precisa que buscan, facilitando as\u00ed una mayor participaci\u00f3n con el contenido presentado. Adem\u00e1s, su interfaz receptiva de inmediato garantiza una funcionalidad perfecta en una extensa variedad de dispositivos, lo que la hace vers\u00e1til y universalmente accesible. Adem\u00e1s, se integra perfectamente con los temas y complementos de WordPress m\u00e1s populares, lo que garantiza una compatibilidad excepcional. Si la presencia digital de uno abarca un blog modesto o un emporio de comercio electr\u00f3nico en expansi\u00f3n, Reactive Search Pro emerge como la soluci\u00f3n por excelencia, que ofrece una funcionalidad de b\u00fasqueda incomparable y avanzada que atiende incluso a los requisitos m\u00e1s exigentes.<\/p>\n","protected":false},"featured_media":167318,"comment_status":"open","ping_status":"open","template":"","meta":[],"product_brand":[2339],"product_cat":[1214,1206,1211],"product_tag":[1256],"class_list":{"0":"post-121234","1":"product","2":"type-product","3":"status-publish","4":"has-post-thumbnail","6":"product_brand-codecanyon","7":"product_cat-personalizacion","8":"product_cat-plugins","9":"product_cat-wordpress-plugins","10":"product_tag-codecanyon","11":"member-discount","12":"discount-restricted","14":"first","15":"instock","16":"sale","17":"downloadable","18":"virtual","19":"sold-individually","20":"purchasable","21":"product-type-simple"},"_links":{"self":[{"href":"https:\/\/gpl-love.com\/es\/wp-json\/wp\/v2\/product\/121234","targetHints":{"allow":["GET"]}}],"collection":[{"href":"https:\/\/gpl-love.com\/es\/wp-json\/wp\/v2\/product"}],"about":[{"href":"https:\/\/gpl-love.com\/es\/wp-json\/wp\/v2\/types\/product"}],"replies":[{"embeddable":true,"href":"https:\/\/gpl-love.com\/es\/wp-json\/wp\/v2\/comments?post=121234"}],"wp:featuredmedia":[{"embeddable":true,"href":"https:\/\/gpl-love.com\/es\/wp-json\/wp\/v2\/media\/167318"}],"wp:attachment":[{"href":"https:\/\/gpl-love.com\/es\/wp-json\/wp\/v2\/media?parent=121234"}],"wp:term":[{"taxonomy":"product_brand","embeddable":true,"href":"https:\/\/gpl-love.com\/es\/wp-json\/wp\/v2\/product_brand?post=121234"},{"taxonomy":"product_cat","embeddable":true,"href":"https:\/\/gpl-love.com\/es\/wp-json\/wp\/v2\/product_cat?post=121234"},{"taxonomy":"product_tag","embeddable":true,"href":"https:\/\/gpl-love.com\/es\/wp-json\/wp\/v2\/product_tag?post=121234"}],"curies":[{"name":"wp","href":"https:\/\/api.w.org\/{rel}","templated":true}]}}