{"id":121232,"date":"2026-04-16T00:00:00","date_gmt":"2026-04-16T05:00:00","guid":{"rendered":"https:\/\/gpl-love.com\/es\/producto\/rank-math-pro\/"},"modified":"2026-04-16T17:16:18","modified_gmt":"2026-04-16T22:16:18","slug":"rank-math-pro","status":"publish","type":"product","link":"https:\/\/gpl-love.com\/es\/producto\/rank-math-pro\/","title":{"rendered":"Rank Math Pro 3.0.111"},"content":{"rendered":"<h3>Rank Math Pro Caracteristicas<\/h3>\n<p>Rank Math Pro, un complemento SEO robusto, se ha desarrollado espec\u00edficamente para ayudar a los propietarios de sitios web a optimizar su contenido y mejorar su clasificaci\u00f3n de motores de b\u00fasqueda. Con su variedad de caracter\u00edsticas avanzadas, que abarcan el an\u00e1lisis de palabras clave, la optimizaci\u00f3n de contenido y el marcado de esquema avanzado, Rank Math Pro proporciona una soluci\u00f3n integral que atiende a todos sus requisitos de SEO. Se atiende a un amplio espectro de usuarios, que van desde propietarios de peque\u00f1as empresas que buscan mejorar la visibilidad de su sitio web hasta vendedores experimentados con el objetivo de elevar sus esfuerzos de SEO hasta nuevas alturas. Con sus notables capacidades, Rank Math Pro es de hecho la herramienta definitiva que puede ayudarlo a alcanzar sus objetivos. Entonces, \u00bfpor qu\u00e9 retrasar m\u00e1s? No pierda el tiempo y se embarque en su viaje con Rank Math Pro hoy, \u00a1y presencie el impacto transformador que puede tener en su sitio web!<\/p>\n<ul>\n<li>Soluciones de SEO avanzadas para sitios web de WordPress<\/li>\n<li>Optimizaci\u00f3n de palabras clave para una mayor visibilidad del motor de b\u00fasqueda<\/li>\n<li>Integraci\u00f3n con Google Analytics y consola de b\u00fasqueda para ideas procesables<\/li>\n<li>Generaci\u00f3n y control de mapa del sitio XML integral<\/li>\n<li>Integraci\u00f3n de fragmentos ricos para una mejor presentaci\u00f3n en los resultados de b\u00fasqueda<\/li>\n<li>Integraci\u00f3n de las redes sociales para mejorar el intercambio y el compromiso<\/li>\n<li>Opciones de marcado de esquema avanzado para una mejor comprensi\u00f3n del motor de b\u00fasqueda<\/li>\n<li>Redireccionar Administrador para manejar enlaces rotos y cambiar las URL<\/li>\n<li>Optimizaci\u00f3n de SEO de imagen para mejorar la velocidad de p\u00e1gina y la usabilidad<\/li>\n<li>Integraci\u00f3n de WooCommerce para la optimizaci\u00f3n de SEO de comercio electr\u00f3nico.<\/li>\n<\/ul>\n","protected":false},"excerpt":{"rendered":"<p>Rank Math Pro, un complemento SEO excepcionalmente robusto dise\u00f1ado espec\u00edficamente para WordPress, es una herramienta invaluable para los propietarios de sitios web que buscan mejorar su contenido y aumentar sus clasificaciones en las p\u00e1ginas de resultados del motor de b\u00fasqueda. Este complemento ofrece una variedad de caracter\u00edsticas de vanguardia, que incluyen, entre otros, la optimizaci\u00f3n de palabras clave, la integraci\u00f3n del marcado de esquema de Google y el an\u00e1lisis integral de SEO. Al aprovechar esta notable herramienta, los usuarios est\u00e1n facultados no solo para identificar las \u00e1reas potenciales para su mejora, sino tambi\u00e9n para implementar modificaciones de manera efectiva que sin duda amplificar\u00e1n su visibilidad en l\u00ednea. Con una impresionante base de clientes que consta de m\u00e1s de 200,000 sitios web, el rango de matem\u00e1ticas pro se mantiene inequ\u00edvocamente como la soluci\u00f3n de SEO incomparable, que atiende a las necesidades y aspiraciones de las empresas que abarcan un espectro diverso de tama\u00f1os e industrias.<\/p>\n","protected":false},"featured_media":167311,"comment_status":"open","ping_status":"open","template":"","meta":[],"product_brand":[2545],"product_cat":[1206,1360,1211],"product_tag":[1362],"class_list":{"0":"post-121232","1":"product","2":"type-product","3":"status-publish","4":"has-post-thumbnail","6":"product_brand-rank-math","7":"product_cat-plugins","8":"product_cat-seo","9":"product_cat-wordpress-plugins","10":"product_tag-rank-math","11":"member-discount","12":"discount-restricted","14":"first","15":"instock","16":"sale","17":"downloadable","18":"virtual","19":"sold-individually","20":"purchasable","21":"product-type-simple"},"_links":{"self":[{"href":"https:\/\/gpl-love.com\/es\/wp-json\/wp\/v2\/product\/121232","targetHints":{"allow":["GET"]}}],"collection":[{"href":"https:\/\/gpl-love.com\/es\/wp-json\/wp\/v2\/product"}],"about":[{"href":"https:\/\/gpl-love.com\/es\/wp-json\/wp\/v2\/types\/product"}],"replies":[{"embeddable":true,"href":"https:\/\/gpl-love.com\/es\/wp-json\/wp\/v2\/comments?post=121232"}],"wp:featuredmedia":[{"embeddable":true,"href":"https:\/\/gpl-love.com\/es\/wp-json\/wp\/v2\/media\/167311"}],"wp:attachment":[{"href":"https:\/\/gpl-love.com\/es\/wp-json\/wp\/v2\/media?parent=121232"}],"wp:term":[{"taxonomy":"product_brand","embeddable":true,"href":"https:\/\/gpl-love.com\/es\/wp-json\/wp\/v2\/product_brand?post=121232"},{"taxonomy":"product_cat","embeddable":true,"href":"https:\/\/gpl-love.com\/es\/wp-json\/wp\/v2\/product_cat?post=121232"},{"taxonomy":"product_tag","embeddable":true,"href":"https:\/\/gpl-love.com\/es\/wp-json\/wp\/v2\/product_tag?post=121232"}],"curies":[{"name":"wp","href":"https:\/\/api.w.org\/{rel}","templated":true}]}}