{"id":121230,"date":"2023-02-08T00:00:00","date_gmt":"2023-02-08T05:00:00","guid":{"rendered":"https:\/\/gpl-love.com\/es\/producto\/qubely-pro-the-ultimate-wordpress-gutenberg-plugin\/"},"modified":"2026-04-10T11:22:40","modified_gmt":"2026-04-10T16:22:40","slug":"qubely-pro-the-ultimate-wordpress-gutenberg-plugin","status":"publish","type":"product","link":"https:\/\/gpl-love.com\/es\/producto\/qubely-pro-the-ultimate-wordpress-gutenberg-plugin\/","title":{"rendered":"Qubely Pro The Ultimate WordPress Gutenberg Plugin 1.4.3"},"content":{"rendered":"<h3>Qubely Pro The Ultimate WordPress Gutenberg Plugin Caracteristicas<\/h3>\n<p>Qubely Pro, un complemento de WordPress de potencia excepcional, sirve para amplificar la funcionalidad del editor de Gutenberg. Sus notables capacidades permiten a los usuarios dise\u00f1ar dise\u00f1os impresionantes para sus sitios web, todo sin la necesidad de ninguna experiencia de programaci\u00f3n. Poseiendo una amplia gama de m\u00e1s de 150 bloques adaptables, este complemento faculta a los usuarios incorporar un amplio espectro de caracter\u00edsticas y funcionalidades en sus p\u00e1ginas web y art\u00edculos. Adem\u00e1s, Qualy Pro cuenta con opciones de dise\u00f1o avanzadas, incluidos los dise\u00f1os de cuadr\u00edcula y mamposter\u00eda muy buscados, que otorgan a los usuarios la libertad de personalizar sus dise\u00f1os al contenido de su coraz\u00f3n a trav\u00e9s de la utilizaci\u00f3n de una amplia selecci\u00f3n de tipograf\u00eda y opciones de color. Con su interfaz notablemente intuitiva y un extenso conjunto de caracter\u00edsticas, Querel Pro realmente se erige como el complemento preeminente de WordPress Gutenberg, que atiende a las necesidades de cualquier persona que busque curar sitios web de grado profesional sin esfuerzo.<\/p>\n<ul>\n<li>Revolucionario complemento de Gutenberg para WordPress<\/li>\n<li>Interfaz de arrastre y suelto f\u00e1cil e intuitiva<\/li>\n<li>35+ bloques personalizados para mejorar el dise\u00f1o y la funcionalidad del sitio web<\/li>\n<li>Bloques totalmente personalizables con opciones de estilo avanzado<\/li>\n<li>Bloques especializados para comercio electr\u00f3nico, testimonios, miembros del equipo y m\u00e1s<\/li>\n<li>Se integra a la perfecci\u00f3n con temas populares de WordPress<\/li>\n<li>Opci\u00f3n para guardar y reutilizar dise\u00f1os y configuraciones personalizados<\/li>\n<li>Rendimiento r\u00e1pido de Lightning para mejorar la velocidad del sitio web y SEO<\/li>\n<li>Actualizado regularmente con nuevas funciones y mejoras<\/li>\n<li>Equipo de soporte dedicado disponible para responder preguntas y brindar asistencia<\/li>\n<\/ul>\n","protected":false},"excerpt":{"rendered":"<p>Qubely Pro, un complemento excepcional de Gutenberg dise\u00f1ado espec\u00edficamente para WordPress, proporciona una amplia gama de posibilidades de dise\u00f1o y un notable grado de flexibilidad creativa. Este complemento fenomenal faculta a los usuarios generar dise\u00f1os intrincados sin esfuerzo, incorporar bloques personalizados, construir p\u00e1ginas visualmente llamativas y difundir contenido cautivador. Su editor de arrastrar y soltar notablemente f\u00e1cil de usar, junto con sus opciones de estilo avanzado, desbloquea oportunidades ilimitadas y facilita la transformaci\u00f3n de sus conceptos imaginativos en manifestaciones tangibles. Independientemente de su nivel de especializaci\u00f3n, ya sea un profesional experimentado o un novato, QUBY PRO est\u00e1 equipado con todas las caracter\u00edsticas necesarias para impulsar su sitio web de WordPress a alturas sin precedentes.<\/p>\n","protected":false},"featured_media":167300,"comment_status":"open","ping_status":"open","template":"","meta":[],"product_brand":[2431],"product_cat":[1214,1206,1211],"product_tag":[1476],"class_list":{"0":"post-121230","1":"product","2":"type-product","3":"status-publish","4":"has-post-thumbnail","6":"product_brand-themeum","7":"product_cat-personalizacion","8":"product_cat-plugins","9":"product_cat-wordpress-plugins","10":"product_tag-themeum","11":"member-discount","12":"discount-restricted","14":"first","15":"instock","16":"sale","17":"downloadable","18":"virtual","19":"sold-individually","20":"purchasable","21":"product-type-simple"},"_links":{"self":[{"href":"https:\/\/gpl-love.com\/es\/wp-json\/wp\/v2\/product\/121230","targetHints":{"allow":["GET"]}}],"collection":[{"href":"https:\/\/gpl-love.com\/es\/wp-json\/wp\/v2\/product"}],"about":[{"href":"https:\/\/gpl-love.com\/es\/wp-json\/wp\/v2\/types\/product"}],"replies":[{"embeddable":true,"href":"https:\/\/gpl-love.com\/es\/wp-json\/wp\/v2\/comments?post=121230"}],"wp:featuredmedia":[{"embeddable":true,"href":"https:\/\/gpl-love.com\/es\/wp-json\/wp\/v2\/media\/167300"}],"wp:attachment":[{"href":"https:\/\/gpl-love.com\/es\/wp-json\/wp\/v2\/media?parent=121230"}],"wp:term":[{"taxonomy":"product_brand","embeddable":true,"href":"https:\/\/gpl-love.com\/es\/wp-json\/wp\/v2\/product_brand?post=121230"},{"taxonomy":"product_cat","embeddable":true,"href":"https:\/\/gpl-love.com\/es\/wp-json\/wp\/v2\/product_cat?post=121230"},{"taxonomy":"product_tag","embeddable":true,"href":"https:\/\/gpl-love.com\/es\/wp-json\/wp\/v2\/product_tag?post=121230"}],"curies":[{"name":"wp","href":"https:\/\/api.w.org\/{rel}","templated":true}]}}