{"id":121228,"date":"2022-03-17T00:00:00","date_gmt":"2022-03-17T05:00:00","guid":{"rendered":"https:\/\/gpl-love.com\/es\/producto\/qube-responsive-multi-purpose-theme\/"},"modified":"2026-04-10T11:22:39","modified_gmt":"2026-04-10T16:22:39","slug":"qube-responsive-multi-purpose-theme","status":"publish","type":"product","link":"https:\/\/gpl-love.com\/es\/producto\/qube-responsive-multi-purpose-theme\/","title":{"rendered":"Qube Responsive Multi-Purpose Theme 1.1.6"},"content":{"rendered":"<h3>Qube Responsive Multi-Purpose Theme Caracteristicas<\/h3>\n<p>QUBE TIEMO Multi-usos receptivo, un tema de WordPress altamente adaptable y f\u00e1cil de usar, sirve a una multitud de prop\u00f3sitos. Con su dise\u00f1o receptivo que se ajusta perfectamente a cualquier pantalla del dispositivo, los usuarios tienen una experiencia \u00f3ptima. Adem\u00e1s, el tema ofrece una variedad de dise\u00f1os preconstruidos, encabezados y pies de p\u00e1gina personalizables, opciones de color ilimitadas y opciones de tema robustas, todas las cuales facilitan la personalizaci\u00f3n del sitio web sin esfuerzo para atender los requisitos \u00fanicos de los usuarios individuales. Adem\u00e1s, el tema multiprop\u00f3sito que receptiva qube cuenta con compatibilidad con complementos de renombre como WooCommerce, Yoast SEO y el Formulario de contacto 7. Esta compatibilidad permite a los usuarios integrar las funcionalidades de comercio electr\u00f3nico sin esfuerzo, mejorar la optimizaci\u00f3n de los motores de b\u00fasqueda de su sitio web y crear un contacto frecuente para el usuario. formas. Como resultado, el tema multiprop\u00f3sito que receptiva qube surge como la mejor opci\u00f3n para empresas, blogueros y profesionales creativos que anhelan establecer sitios web visualmente llamativos y completamente funcionales.<\/p>\n<ul>\n<li>Dise\u00f1o totalmente personalizable y receptivo para una experiencia de usuario \u00f3ptima en todos los dispositivos<\/li>\n<li>El tema vers\u00e1til se puede utilizar para una amplia gama de sitios web como carteras, blogs y sitios web de negocios<\/li>\n<li>Viene equipado con varias p\u00e1ginas y plantillas predise\u00f1adas para una f\u00e1cil personalizaci\u00f3n<\/li>\n<li>Construido con la optimizaci\u00f3n de SEO en mente para mejorar la visibilidad del sitio web y las clasificaciones de motores de b\u00fasqueda<\/li>\n<li>Builder de p\u00e1gina de arrastrar y soltar f\u00e1ciles de usar para crear p\u00e1ginas \u00fanicas y din\u00e1micas sin ning\u00fan conocimiento de codificaci\u00f3n<\/li>\n<li>Se integra con complementos populares como WooCommerce y el Formulario de contacto 7 para una funcionalidad adicional<\/li>\n<li>Compatible con todos los navegadores modernos y actualizados regularmente para garantizar un rendimiento \u00f3ptimo<\/li>\n<li>Equipo de apoyo dedicado para ayudar con cualquier pregunta o inquietud<\/li>\n<li>Actualizaciones de por vida y acceso a todas las caracter\u00edsticas nuevas para un precio de compra \u00fanico.<\/li>\n<\/ul>\n","protected":false},"excerpt":{"rendered":"<p>El tema multiprop\u00f3sito de QUBE surge como la resoluci\u00f3n por excelencia para todo tipo de sitios web, que abarca una amplia gama de posibilidades. Construido con un dise\u00f1o exquisitamente pulido y contempor\u00e1neo, este tema posee el notable atributo de ser completamente personalizable y ajustable para atender a cualquier prop\u00f3sito concebible. Presenta un extenso repertorio de caracter\u00edsticas, que incluye una gran cantidad de dise\u00f1os de la p\u00e1gina de inicio para elegir, una variedad impresionante de selecciones tipogr\u00e1ficas que exudan la elegancia pura, as\u00ed como una gama inagotable de opciones de color que ofrecen libertad creativa sin l\u00edmites. Adem\u00e1s, el tema QUBE cuenta con plena capacidad de respuesta, asegurando una accesibilidad perfecta en cualquier dispositivo o plataforma. Al utilizar este tema excepcional, tiene la capacidad sin restricciones para elaborar un sitio web verdaderamente distintivo y pulido profesionalmente que est\u00e9 garantizado para llamar la atenci\u00f3n y dejar una impresi\u00f3n indeleble.<\/p>\n","protected":false},"featured_media":167299,"comment_status":"open","ping_status":"open","template":"","meta":[],"product_brand":[2337],"product_cat":[1239,1237,1238],"product_tag":[1391],"class_list":{"0":"post-121228","1":"product","2":"type-product","3":"status-publish","4":"has-post-thumbnail","6":"product_brand-themeforest","7":"product_cat-de-multiples-fines","8":"product_cat-temas","9":"product_cat-wordpress-temas","10":"product_tag-themeforest","11":"member-discount","12":"discount-restricted","14":"first","15":"instock","16":"sale","17":"downloadable","18":"virtual","19":"sold-individually","20":"purchasable","21":"product-type-simple"},"_links":{"self":[{"href":"https:\/\/gpl-love.com\/es\/wp-json\/wp\/v2\/product\/121228","targetHints":{"allow":["GET"]}}],"collection":[{"href":"https:\/\/gpl-love.com\/es\/wp-json\/wp\/v2\/product"}],"about":[{"href":"https:\/\/gpl-love.com\/es\/wp-json\/wp\/v2\/types\/product"}],"replies":[{"embeddable":true,"href":"https:\/\/gpl-love.com\/es\/wp-json\/wp\/v2\/comments?post=121228"}],"wp:featuredmedia":[{"embeddable":true,"href":"https:\/\/gpl-love.com\/es\/wp-json\/wp\/v2\/media\/167299"}],"wp:attachment":[{"href":"https:\/\/gpl-love.com\/es\/wp-json\/wp\/v2\/media?parent=121228"}],"wp:term":[{"taxonomy":"product_brand","embeddable":true,"href":"https:\/\/gpl-love.com\/es\/wp-json\/wp\/v2\/product_brand?post=121228"},{"taxonomy":"product_cat","embeddable":true,"href":"https:\/\/gpl-love.com\/es\/wp-json\/wp\/v2\/product_cat?post=121228"},{"taxonomy":"product_tag","embeddable":true,"href":"https:\/\/gpl-love.com\/es\/wp-json\/wp\/v2\/product_tag?post=121228"}],"curies":[{"name":"wp","href":"https:\/\/api.w.org\/{rel}","templated":true}]}}