{"id":121226,"date":"2025-12-04T00:00:00","date_gmt":"2025-12-04T05:00:00","guid":{"rendered":"https:\/\/gpl-love.com\/es\/producto\/puca-optimized-mobile-woocommerce-theme\/"},"modified":"2026-04-10T11:22:31","modified_gmt":"2026-04-10T16:22:31","slug":"puca-optimized-mobile-woocommerce-theme","status":"publish","type":"product","link":"https:\/\/gpl-love.com\/es\/producto\/puca-optimized-mobile-woocommerce-theme\/","title":{"rendered":"Puca Optimized Mobile WooCommerce Theme 2.6.40"},"content":{"rendered":"<h3>Puca Optimized Mobile WooCommerce Theme Caracteristicas<\/h3>\n<p>El tema de WooCommerce m\u00f3vil PUCA es un tema de comercio electr\u00f3nico excepcionalmente notable que ha sido meticulosamente dise\u00f1ado para ayudar a los empresarios en l\u00ednea a construir una tienda en l\u00ednea triunfante pr\u00f3spera. En particular, este tema ha sido debidamente optimizado para el uso m\u00f3vil, facilitando as\u00ed la accesibilidad de su sitio web a trav\u00e9s de cualquier dispositivo habilitado para Internet. Este atributo encomiable garantiza inherentemente que su tienda en l\u00ednea sea accesible sin esfuerzo a un espectro significativamente m\u00e1s amplio de clientes potenciales. Adem\u00e1s, es importante resaltar que el tema se integra perfectamente con WooCommerce, facilitando as\u00ed la administraci\u00f3n simplificada de su tienda en l\u00ednea. Adem\u00e1s, el tema est\u00e1 repleto de una extensa variedad de caracter\u00edsticas, que incluyen, entre otros, demostraciones prefabricadas, widgets personalizados y estilos de encabezado personalizables, todos los cuales se pueden adaptar para alinearse adecuadamente con los requisitos espec\u00edficos de su negocio. Abrace el tema de WooCommerce m\u00f3vil optimizado de PUCA y desbloquea la capacidad de forjar una tienda en l\u00ednea exquisitamente notable que se distingue inequ\u00edvocamente de la multitud de competidores.<\/p>\n<ul>\n<li>El tema de WooCommerce m\u00f3vil optimizado de PUCA es un tema premium dise\u00f1ado espec\u00edficamente para las tiendas en l\u00ednea de WooCommerce.<\/li>\n<li>El tema est\u00e1 completamente optimizado para dispositivos m\u00f3viles, asegurando que sus clientes puedan navegar f\u00e1cilmente y comprar productos sobre la marcha.<\/li>\n<li>El tema de WooCommerce m\u00f3vil optimizado de PUCA presenta un dise\u00f1o moderno y minimalista que coloca a sus productos al frente y al centro.<\/li>\n<li>Con una variedad de plantillas y dise\u00f1os preconstruidos, puede personalizar su tienda en l\u00ednea para adaptarse mejor a sus necesidades comerciales.<\/li>\n<li>El tema es totalmente receptivo, asegurando que su tienda en l\u00ednea se vea genial en todos los dispositivos, incluidos escritorios, tabletas y tel\u00e9fonos inteligentes.<\/li>\n<li>El tema de WooCommerce m\u00f3vil optimizado de PUCA es f\u00e1cil de instalar y configurar, con una interfaz f\u00e1cil de usar que facilita la personalizaci\u00f3n de su tienda en l\u00ednea sin ning\u00fan conocimiento de codificaci\u00f3n.<\/li>\n<li>El tema tambi\u00e9n incluye una gama de poderosos complementos de WooCommerce, que incluyen filtros de productos avanzados, variaciones de productos, vista r\u00e1pida, lista de deseos y m\u00e1s.<\/li>\n<li>Con actualizaciones regulares y soporte dedicado, puede estar seguro de que su tienda en l\u00ednea siempre se ejecuta sin problemas y de manera efectiva.<\/li>\n<\/ul>\n","protected":false},"excerpt":{"rendered":"<p>El tema de WooCommerce m\u00f3vil optimizado de PUCA es una soluci\u00f3n integral e ideal para las empresas que buscan activamente formas de mejorar la funcionalidad y la apariencia de su escaparate en l\u00ednea. El aspecto notable de este tema en particular radica en su capacidad de respuesta excepcional, ya que est\u00e1 meticulosamente elaborado para atender espec\u00edficamente a dispositivos m\u00f3viles, garantizando as\u00ed una experiencia de navegaci\u00f3n perfecta y placentera para sus estimados clientes que acceden a su sitio web a trav\u00e9s de sus tel\u00e9fonos inteligentes y tabletas. Adem\u00e1s, el tema PUCA ofrece una amplia gama de opciones f\u00e1cilmente personalizables, repletas de caracter\u00edsticas potentes que est\u00e1n orientadas a elevar su presencia en l\u00ednea y aumentar sus cifras de ventas. Adem\u00e1s de su encanto, este tema cuenta con un dise\u00f1o elegante y de vanguardia que exuda modernidad, lo que lo convierte en la mejor opci\u00f3n para las empresas que est\u00e1n decididas a florecer en el paisaje digital en constante evoluci\u00f3n.<\/p>\n","protected":false},"featured_media":167289,"comment_status":"open","ping_status":"open","template":"","meta":[],"product_brand":[2337],"product_cat":[1263,1264,1237],"product_tag":[1391],"class_list":{"0":"post-121226","1":"product","2":"type-product","3":"status-publish","4":"has-post-thumbnail","6":"product_brand-themeforest","7":"product_cat-comercio-electronico-temas","8":"product_cat-negocio","9":"product_cat-temas","10":"product_tag-themeforest","11":"member-discount","12":"discount-restricted","14":"first","15":"instock","16":"sale","17":"downloadable","18":"virtual","19":"sold-individually","20":"purchasable","21":"product-type-simple"},"_links":{"self":[{"href":"https:\/\/gpl-love.com\/es\/wp-json\/wp\/v2\/product\/121226","targetHints":{"allow":["GET"]}}],"collection":[{"href":"https:\/\/gpl-love.com\/es\/wp-json\/wp\/v2\/product"}],"about":[{"href":"https:\/\/gpl-love.com\/es\/wp-json\/wp\/v2\/types\/product"}],"replies":[{"embeddable":true,"href":"https:\/\/gpl-love.com\/es\/wp-json\/wp\/v2\/comments?post=121226"}],"wp:featuredmedia":[{"embeddable":true,"href":"https:\/\/gpl-love.com\/es\/wp-json\/wp\/v2\/media\/167289"}],"wp:attachment":[{"href":"https:\/\/gpl-love.com\/es\/wp-json\/wp\/v2\/media?parent=121226"}],"wp:term":[{"taxonomy":"product_brand","embeddable":true,"href":"https:\/\/gpl-love.com\/es\/wp-json\/wp\/v2\/product_brand?post=121226"},{"taxonomy":"product_cat","embeddable":true,"href":"https:\/\/gpl-love.com\/es\/wp-json\/wp\/v2\/product_cat?post=121226"},{"taxonomy":"product_tag","embeddable":true,"href":"https:\/\/gpl-love.com\/es\/wp-json\/wp\/v2\/product_tag?post=121226"}],"curies":[{"name":"wp","href":"https:\/\/api.w.org\/{rel}","templated":true}]}}