{"id":121224,"date":"2026-03-03T00:00:00","date_gmt":"2026-03-03T05:00:00","guid":{"rendered":"https:\/\/gpl-love.com\/es\/producto\/projecthuddle-a-wordpress-plugin-para-website-y-design-communication\/"},"modified":"2026-04-10T11:22:15","modified_gmt":"2026-04-10T16:22:15","slug":"projecthuddle-a-wordpress-plugin-para-website-y-design-communication","status":"publish","type":"product","link":"https:\/\/gpl-love.com\/es\/producto\/projecthuddle-a-wordpress-plugin-para-website-y-design-communication\/","title":{"rendered":"ProjectHuddle A WordPress plugin para website y design communication 4.9.2"},"content":{"rendered":"<h3>ProjectHuddle A WordPress plugin para website y design communication Caracteristicas<\/h3>\n<p>ProjecThuddle, un complemento excepcional de WordPress, se ha desarrollado espec\u00edficamente para mejorar la comunicaci\u00f3n en el sitio web y los esfuerzos de dise\u00f1o. Con su funcionalidad perfecta, esta herramienta fomenta efectivamente la colaboraci\u00f3n entre propietarios de sitios web, dise\u00f1adores y clientes por igual. Con una extensa gama de caracter\u00edsticas, como el marcado en tiempo real, la marca personalizada y la retroalimentaci\u00f3n en contexto, ProjecThuddle simplifica el intrincado proceso de comunicaci\u00f3n al proporcionar a los usuarios los medios para compartir dise\u00f1os, im\u00e1genes y documentos sin esfuerzo. Adem\u00e1s, permite a los usuarios rastrear meticulosamente el progreso del proyecto y permanecer constantemente actualizado sobre las \u00faltimas modificaciones. Sin lugar a dudas, ProjecThuddle es un activo indispensable para que las personas que aspiran a optimizar el proceso de dise\u00f1o y fomentar una mejor comunicaci\u00f3n dentro de su equipo.<\/p>\n<ul>\n<li>Integre perfectamente el sitio web y dise\u00f1e comentarios directamente en su sitio de WordPress<\/li>\n<li>Sistema intuitivo de comentarios y anotaciones para identificar \u00e1reas espec\u00edficas de preocupaci\u00f3n o alabanza<\/li>\n<li>Administrar m\u00faltiples proyectos y miembros del equipo con facilidad<\/li>\n<li>Colaborar con clientes y colegas en tiempo real, sin dejar su sitio web nunca.<\/li>\n<li>Pinte la comunicaci\u00f3n y elimine la confusi\u00f3n con todas las comentarios en una ubicaci\u00f3n centralizada<\/li>\n<li>Opciones de marca y mensajer\u00eda personalizables para un toque profesional y personalizado<\/li>\n<li>Aumentar la productividad y ahorrar tiempo con notificaciones automatizadas y caracter\u00edsticas de gesti\u00f3n de tareas<\/li>\n<li>La interfaz f\u00e1cil de usar requiere capacitaci\u00f3n m\u00ednima y sin experiencia en codificaci\u00f3n<\/li>\n<li>El sistema seguro basado en la nube garantiza que todos los datos est\u00e9n protegidos y accesibles desde cualquier lugar<\/li>\n<li>Planes de precios flexibles y asequibles para adaptarse a empresas de cualquier tama\u00f1o o presupuesto.<\/li>\n<\/ul>\n","protected":false},"excerpt":{"rendered":"<p>ProjecThuddle, un complemento incre\u00edblemente robusto para WordPress, ha sido ingeniosamente elaborado para transformar completamente el \u00e1mbito del sitio web y la comunicaci\u00f3n de dise\u00f1o. Esta herramienta incre\u00edblemente pr\u00e1ctica permite a los dise\u00f1adores y clientes colaborar sin esfuerzo y efectivamente, facilitando as\u00ed la racionalizaci\u00f3n del proceso de revisi\u00f3n y retroalimentaci\u00f3n. La intuici\u00f3n y la facilidad de uso de ProjecThuddle son realmente incomparables, presentando una plataforma de comunicaci\u00f3n inigualable que atiende a los proyectos de sitios web de todos los \u00e1mbitos y escalas. Se despiden de los cayos y enrevesados \u200b\u200bcanales de comunicaci\u00f3n, y abrazan de todo coraz\u00f3n el notable mundo de la colaboraci\u00f3n perfecta que ofrece graciosamente.<\/p>\n","protected":false},"featured_media":167269,"comment_status":"open","ping_status":"open","template":"","meta":[],"product_brand":[2366],"product_cat":[1214,1206,1211],"product_tag":[2296],"class_list":{"0":"post-121224","1":"product","2":"type-product","3":"status-publish","4":"has-post-thumbnail","6":"product_brand-brainstorm-force","7":"product_cat-personalizacion","8":"product_cat-plugins","9":"product_cat-wordpress-plugins","10":"product_tag-brainstorm-force","11":"member-discount","12":"discount-restricted","14":"first","15":"instock","16":"sale","17":"downloadable","18":"virtual","19":"sold-individually","20":"purchasable","21":"product-type-simple"},"_links":{"self":[{"href":"https:\/\/gpl-love.com\/es\/wp-json\/wp\/v2\/product\/121224","targetHints":{"allow":["GET"]}}],"collection":[{"href":"https:\/\/gpl-love.com\/es\/wp-json\/wp\/v2\/product"}],"about":[{"href":"https:\/\/gpl-love.com\/es\/wp-json\/wp\/v2\/types\/product"}],"replies":[{"embeddable":true,"href":"https:\/\/gpl-love.com\/es\/wp-json\/wp\/v2\/comments?post=121224"}],"wp:featuredmedia":[{"embeddable":true,"href":"https:\/\/gpl-love.com\/es\/wp-json\/wp\/v2\/media\/167269"}],"wp:attachment":[{"href":"https:\/\/gpl-love.com\/es\/wp-json\/wp\/v2\/media?parent=121224"}],"wp:term":[{"taxonomy":"product_brand","embeddable":true,"href":"https:\/\/gpl-love.com\/es\/wp-json\/wp\/v2\/product_brand?post=121224"},{"taxonomy":"product_cat","embeddable":true,"href":"https:\/\/gpl-love.com\/es\/wp-json\/wp\/v2\/product_cat?post=121224"},{"taxonomy":"product_tag","embeddable":true,"href":"https:\/\/gpl-love.com\/es\/wp-json\/wp\/v2\/product_tag?post=121224"}],"curies":[{"name":"wp","href":"https:\/\/api.w.org\/{rel}","templated":true}]}}