{"id":121218,"date":"2026-05-05T00:00:00","date_gmt":"2026-05-05T05:00:00","guid":{"rendered":"https:\/\/gpl-love.com\/es\/producto\/powerpack-para-elementor\/"},"modified":"2026-05-09T17:15:56","modified_gmt":"2026-05-09T22:15:56","slug":"powerpack-para-elementor","status":"publish","type":"product","link":"https:\/\/gpl-love.com\/es\/producto\/powerpack-para-elementor\/","title":{"rendered":"PowerPack para Elementor 2.13.2"},"content":{"rendered":"<h3>PowerPack para Elementor Caracteristicas<\/h3>\n<p>El PowerPack para Elementor, un complemento notablemente innovador e inmensamente poderoso, ha sido meticulosamente elaborado con el prop\u00f3sito expl\u00edcito de aumentar la funcionalidad y la adaptabilidad del Elementor Page Builder. Al aprovechar las capacidades notables de este complemento, a los usuarios se les otorga acceso sin restricciones a una amplia variedad de widgets, plantillas y m\u00f3dulos predise\u00f1ados, lo que los impulsa a los sitios web de manera perfecta y expeditada que son visualmente sorprendentes y altamente funcionales. Con una interfaz de arrastrar y soltar excepcionalmente f\u00e1cil de usar, as\u00ed como una gran cantidad de opciones personalizables, PowerPack for Elementor permite la creaci\u00f3n de dise\u00f1os verdaderamente distintivos y profesionalmente pulidos. Independientemente del nivel de competencia de uno, ya sea un dise\u00f1ador web ne\u00f3fito o experimentado, el PowerPack para Elemoror inequ\u00edvocamente sigue siendo una herramienta indispensable que garantiza catapultar a los sitios web de uno a alturas de excelencia incomparables.<\/p>\n<ul>\n<li>Conjunto completo de herramientas y widgets para mejorar la funcionalidad de Elementor<\/li>\n<li>Interfaz simple y f\u00e1cil de usar<\/li>\n<li>Admite versiones gratuitas y profesionales de Elementor<\/li>\n<li>Aumenta su productividad y le ahorra tiempo con su flujo de trabajo eficiente<\/li>\n<li>Acceso a toneladas de plantillas y m\u00f3dulos predise\u00f1ados para acelerar su proceso de dise\u00f1o<\/li>\n<li>Elementos creativos para agregar elementos de dise\u00f1o \u00fanicos y din\u00e1micos a su sitio web<\/li>\n<li>Una variedad de opciones y configuraciones de personalizaci\u00f3n para ajustar sus dise\u00f1os a los m\u00e1s peque\u00f1os detalles<\/li>\n<li>Actualizado constantemente con nuevas funciones y mejoras<\/li>\n<li>Equipo de soporte dedicado disponible para asistencia y soluci\u00f3n de problemas<\/li>\n<li>Ofrece una alternativa rentable para contratar a un dise\u00f1ador o desarrollador para elementos de sitio web personalizados<\/li>\n<\/ul>\n","protected":false},"excerpt":{"rendered":"<p>El PowerPack para Elementor, un complemento integral, est\u00e1 dise\u00f1ado espec\u00edficamente para mejorar las capacidades de su constructor de p\u00e1ginas Elementer al incorporar una amplia gama de caracter\u00edsticas y funcionalidades avanzadas. Este complemento notablemente potente se presenta como una soluci\u00f3n con todo incluido que atiende efectivamente a su dise\u00f1o y requisitos de funcionalidad avanzada, simplificando as\u00ed el proceso de elaboraci\u00f3n de sitios web visualmente llamativos con la ayuda del elemento. Con un extenso repertorio de m\u00f3dulos robustos a su disposici\u00f3n, como los titulares animados, el estilo de forma avanzada, los men\u00fas receptivos y una variedad de otros, el PowerPack for Elementor eleva con \u00e9xito los esfuerzos de dise\u00f1o de su sitio web a alturas sin precedentes. En consecuencia, independientemente de su nivel de especializaci\u00f3n en dise\u00f1o web, ya sea el de un profesional experimentado o el de un novato, tenga la seguridad de que este notable producto est\u00e1 astutamente formulado para facilitar la creaci\u00f3n de sitios web que unen sin problemas tanto el atractivo est\u00e9tico como la alta funcionalidad.<\/p>\n","protected":false},"featured_media":167244,"comment_status":"open","ping_status":"open","template":"","meta":[],"product_brand":[2443],"product_cat":[1214,1206,1211],"product_tag":[1289],"class_list":{"0":"post-121218","1":"product","2":"type-product","3":"status-publish","4":"has-post-thumbnail","6":"product_brand-elementor","7":"product_cat-personalizacion","8":"product_cat-plugins","9":"product_cat-wordpress-plugins","10":"product_tag-elementor","11":"member-discount","12":"discount-restricted","14":"first","15":"instock","16":"sale","17":"downloadable","18":"virtual","19":"sold-individually","20":"purchasable","21":"product-type-simple"},"_links":{"self":[{"href":"https:\/\/gpl-love.com\/es\/wp-json\/wp\/v2\/product\/121218","targetHints":{"allow":["GET"]}}],"collection":[{"href":"https:\/\/gpl-love.com\/es\/wp-json\/wp\/v2\/product"}],"about":[{"href":"https:\/\/gpl-love.com\/es\/wp-json\/wp\/v2\/types\/product"}],"replies":[{"embeddable":true,"href":"https:\/\/gpl-love.com\/es\/wp-json\/wp\/v2\/comments?post=121218"}],"wp:featuredmedia":[{"embeddable":true,"href":"https:\/\/gpl-love.com\/es\/wp-json\/wp\/v2\/media\/167244"}],"wp:attachment":[{"href":"https:\/\/gpl-love.com\/es\/wp-json\/wp\/v2\/media?parent=121218"}],"wp:term":[{"taxonomy":"product_brand","embeddable":true,"href":"https:\/\/gpl-love.com\/es\/wp-json\/wp\/v2\/product_brand?post=121218"},{"taxonomy":"product_cat","embeddable":true,"href":"https:\/\/gpl-love.com\/es\/wp-json\/wp\/v2\/product_cat?post=121218"},{"taxonomy":"product_tag","embeddable":true,"href":"https:\/\/gpl-love.com\/es\/wp-json\/wp\/v2\/product_tag?post=121218"}],"curies":[{"name":"wp","href":"https:\/\/api.w.org\/{rel}","templated":true}]}}