{"id":121216,"date":"2026-03-02T00:00:00","date_gmt":"2026-03-02T05:00:00","guid":{"rendered":"https:\/\/gpl-love.com\/es\/producto\/porto-multipurpose-y-woocommerce-theme\/"},"modified":"2026-04-10T11:21:50","modified_gmt":"2026-04-10T16:21:50","slug":"porto-multipurpose-y-woocommerce-theme","status":"publish","type":"product","link":"https:\/\/gpl-love.com\/es\/producto\/porto-multipurpose-y-woocommerce-theme\/","title":{"rendered":"Porto Multipurpose y WooCommerce Theme 7.8.5"},"content":{"rendered":"<h3>Porto Multipurpose y WooCommerce Theme Caracteristicas<\/h3>\n<p>El tema de MultipurSose y WooCommerce de Porto es un tema incre\u00edblemente vers\u00e1til y excepcionalmente poderoso que ha sido meticulosamente elaborado para atender a una extensa variedad de negocios. Este tema notable se ha optimizado completamente para integrarse sin problemas con WooCommerce, lo que le convierte en la mejor opci\u00f3n para tiendas en l\u00ednea y sitios web de comercio electr\u00f3nico. Con un dise\u00f1o elegante y contempor\u00e1neo, Porto ofrece personalizaci\u00f3n inigualable y presenta a los usuarios una amplia selecci\u00f3n de plantillas y dise\u00f1os predise\u00f1ados, facilitando efectivamente un proceso de creaci\u00f3n de sitios web sin costuras y eficientes. Adem\u00e1s, Porto est\u00e1 equipado con una mir\u00edada de caracter\u00edsticas de vanguardia, como su dise\u00f1o altamente receptivo, sus opciones de color pr\u00e1cticamente ilimitadas y su amplia gama de complementos premium. Independientemente de si aspira a erigir un blog sofisticado, una cartera cautivadora o una tienda en l\u00ednea pr\u00f3spera, el tema multiprop\u00f3sito de Porto y el tema de WooCommerce, sin duda, poseen todas las herramientas necesarias para permitirle forjar un sitio web profundamente profesional y absolutamente cautivador.<\/p>\n<ul>\n<li>Tema vers\u00e1til adecuado para varios tipos de sitios web<\/li>\n<li>Soporte incorporado para WooCommerce, la plataforma de comercio electr\u00f3nico l\u00edder<\/li>\n<li>Dise\u00f1o totalmente receptivo para una visualizaci\u00f3n \u00f3ptima en cualquier dispositivo<\/li>\n<li>M\u00faltiples opciones de p\u00e1gina de inicio y dise\u00f1o para la personalizaci\u00f3n<\/li>\n<li>Constructor de p\u00e1gina f\u00e1cil de usar para crear dise\u00f1os \u00fanicos<\/li>\n<li>Incluye una biblioteca de p\u00e1ginas de plantillas preconstruidas para una configuraci\u00f3n m\u00e1s r\u00e1pida<\/li>\n<li>Integraci\u00f3n con complementos populares como el Formulario de contacto 7 y MailChimp<\/li>\n<li>Optimizado para SEO y velocidad para un mejor rendimiento del sitio web<\/li>\n<li>Actualizaciones regulares y excelente soporte al cliente de los desarrolladores de temas<\/li>\n<\/ul>\n","protected":false},"excerpt":{"rendered":"<p>El tema MultipurSose y WooCommerce de Porto se presenta como la soluci\u00f3n definitiva para las personas que buscan establecer una tienda en l\u00ednea visualmente llamativa y altamente funcional. Su dise\u00f1o elegante y contempor\u00e1neo garantiza la adaptabilidad en varios dispositivos, mientras que su personalizaci\u00f3n lo hace adecuado para empresas de todo tipo. Las caracter\u00edsticas notables incluyen capacidades de b\u00fasqueda avanzadas, una amplia gama de opciones de dise\u00f1o del producto y la capacidad de personalizar los encabezados para adaptarse a las preferencias individuales. Adem\u00e1s, Porto enfatiza la importancia de la optimizaci\u00f3n de la velocidad, garantizando tiempos de carga r\u00e1pida y un rendimiento sin problemas. Ya sea que se encuentre en el inicio de su empresa digital o aspira a mejorar su tienda en l\u00ednea existente, el tema de Multipurpose y WooCommerce existente, sin duda, es la opci\u00f3n \u00f3ptima para impulsar su negocio a alturas sin precedentes.<\/p>\n","protected":false},"featured_media":167239,"comment_status":"open","ping_status":"open","template":"","meta":[],"product_brand":[2337],"product_cat":[1239,1237,1238],"product_tag":[1391],"class_list":{"0":"post-121216","1":"product","2":"type-product","3":"status-publish","4":"has-post-thumbnail","6":"product_brand-themeforest","7":"product_cat-de-multiples-fines","8":"product_cat-temas","9":"product_cat-wordpress-temas","10":"product_tag-themeforest","11":"member-discount","12":"discount-restricted","14":"first","15":"instock","16":"sale","17":"downloadable","18":"virtual","19":"sold-individually","20":"purchasable","21":"product-type-simple"},"_links":{"self":[{"href":"https:\/\/gpl-love.com\/es\/wp-json\/wp\/v2\/product\/121216","targetHints":{"allow":["GET"]}}],"collection":[{"href":"https:\/\/gpl-love.com\/es\/wp-json\/wp\/v2\/product"}],"about":[{"href":"https:\/\/gpl-love.com\/es\/wp-json\/wp\/v2\/types\/product"}],"replies":[{"embeddable":true,"href":"https:\/\/gpl-love.com\/es\/wp-json\/wp\/v2\/comments?post=121216"}],"wp:featuredmedia":[{"embeddable":true,"href":"https:\/\/gpl-love.com\/es\/wp-json\/wp\/v2\/media\/167239"}],"wp:attachment":[{"href":"https:\/\/gpl-love.com\/es\/wp-json\/wp\/v2\/media?parent=121216"}],"wp:term":[{"taxonomy":"product_brand","embeddable":true,"href":"https:\/\/gpl-love.com\/es\/wp-json\/wp\/v2\/product_brand?post=121216"},{"taxonomy":"product_cat","embeddable":true,"href":"https:\/\/gpl-love.com\/es\/wp-json\/wp\/v2\/product_cat?post=121216"},{"taxonomy":"product_tag","embeddable":true,"href":"https:\/\/gpl-love.com\/es\/wp-json\/wp\/v2\/product_tag?post=121216"}],"curies":[{"name":"wp","href":"https:\/\/api.w.org\/{rel}","templated":true}]}}