{"id":121214,"date":"2026-04-29T00:00:00","date_gmt":"2026-04-29T05:00:00","guid":{"rendered":"https:\/\/gpl-love.com\/es\/producto\/polylang-pro\/"},"modified":"2026-04-29T11:16:00","modified_gmt":"2026-04-29T16:16:00","slug":"polylang-pro","status":"publish","type":"product","link":"https:\/\/gpl-love.com\/es\/producto\/polylang-pro\/","title":{"rendered":"Polylang Pro 3.8.3"},"content":{"rendered":"<h3>Polylang Pro Caracteristicas<\/h3>\n<p>Polylang Pro, un complemento de WordPress extremadamente robusto, otorga a los propietarios de sitios web la notable capacidad de construir sitios web multiling\u00fces sin esfuerzo. Al implementar este complemento, se le otorga la capacidad de traducir sin problemas su sitio web en una variedad de idiomas, asegurando as\u00ed una experiencia de usuario ininterrumpida para los visitantes provenientes de varias regiones. Con una interfaz notablemente f\u00e1cil de usar y opciones de configuraci\u00f3n convenientemente personalizables, este complemento le permite administrar eficientemente las traducciones con la m\u00e1xima facilidad. Con PolyLang Pro a su disposici\u00f3n, puede crear sin esfuerzo conmutadores de idiomas, traducir efectivamente los tipos de publicaciones personalizadas y traducir sin problemas widgets y men\u00fas. Adem\u00e1s, este complemento fenomenal incluso extiende su soporte a la traducci\u00f3n autom\u00e1tica a trav\u00e9s de una mir\u00edada de servicios de terceros, simplificando as\u00ed el proceso de llegar a una audiencia global. En esencia, Polylang produzca inequ\u00edvocamente una herramienta indispensable que atiende a las diversas necesidades de cualquier negocio u organizaci\u00f3n que busque aumentar su presencia en l\u00ednea mientras facilita simult\u00e1neamente una experiencia multiling\u00fce para su estimada base de usuarios.<\/p>\n<ul>\n<li>Funcionalidad de varios idiomas para sitios web de WordPress<\/li>\n<li>Switcher de idioma f\u00e1cil de usar<\/li>\n<li>Soporte para idiomas RTL (de derecha a izquierda)<\/li>\n<li>Integraci\u00f3n con servicios de traducci\u00f3n populares como WPML y Lingotek<\/li>\n<li>Compatibilidad con temas y complementos de WordPress<\/li>\n<li>Widget de conmutador de idioma personalizable y banderas<\/li>\n<li>URL amigables para SEO para diferentes idiomas<\/li>\n<li>Opciones de idioma extendido, que incluyen variantes de idiomas personalizados y alternativas de lenguaje<\/li>\n<li>Soporte para widgets y men\u00fas espec\u00edficos del idioma<\/li>\n<li>Archivos de traducci\u00f3n configurados por WPML incluidos para temas y complementos principales<\/li>\n<\/ul>\n","protected":false},"excerpt":{"rendered":"<p>Polylang Pro, un complemento multiling\u00fce asombrosamente robusto dise\u00f1ado espec\u00edficamente para sitios web de WordPress, permite a los usuarios generar y administrar sin esfuerzo numerosas traducciones de su contenido. Equipado con una interfaz excepcionalmente f\u00e1cil de usar y una variedad de funcionalidades avanzadas, este complemento facilita la traducci\u00f3n perfecta de sitios web a varios idiomas, el establecimiento de conmutadores de idiomas y una gran cantidad de otras caracter\u00edsticas ventajosas. Ya sea que sea una empresa que busca llegar a una audiencia mundial o un blogger con el objetivo de ampliar sus lectores a nivel internacional, Polylang Pro emerge sin duda como la soluci\u00f3n definitiva para elaborar un sitio web impecablemente multiling\u00fce.<\/p>\n","protected":false},"featured_media":167236,"comment_status":"open","ping_status":"open","template":"","meta":[],"product_brand":[2532],"product_cat":[1220,1206,1211],"product_tag":[1354],"class_list":{"0":"post-121214","1":"product","2":"type-product","3":"status-publish","4":"has-post-thumbnail","6":"product_brand-polylang","7":"product_cat-multi-lenguaje","8":"product_cat-plugins","9":"product_cat-wordpress-plugins","10":"product_tag-polylang","11":"member-discount","12":"discount-restricted","14":"first","15":"instock","16":"sale","17":"downloadable","18":"virtual","19":"sold-individually","20":"purchasable","21":"product-type-simple"},"_links":{"self":[{"href":"https:\/\/gpl-love.com\/es\/wp-json\/wp\/v2\/product\/121214","targetHints":{"allow":["GET"]}}],"collection":[{"href":"https:\/\/gpl-love.com\/es\/wp-json\/wp\/v2\/product"}],"about":[{"href":"https:\/\/gpl-love.com\/es\/wp-json\/wp\/v2\/types\/product"}],"replies":[{"embeddable":true,"href":"https:\/\/gpl-love.com\/es\/wp-json\/wp\/v2\/comments?post=121214"}],"wp:featuredmedia":[{"embeddable":true,"href":"https:\/\/gpl-love.com\/es\/wp-json\/wp\/v2\/media\/167236"}],"wp:attachment":[{"href":"https:\/\/gpl-love.com\/es\/wp-json\/wp\/v2\/media?parent=121214"}],"wp:term":[{"taxonomy":"product_brand","embeddable":true,"href":"https:\/\/gpl-love.com\/es\/wp-json\/wp\/v2\/product_brand?post=121214"},{"taxonomy":"product_cat","embeddable":true,"href":"https:\/\/gpl-love.com\/es\/wp-json\/wp\/v2\/product_cat?post=121214"},{"taxonomy":"product_tag","embeddable":true,"href":"https:\/\/gpl-love.com\/es\/wp-json\/wp\/v2\/product_tag?post=121214"}],"curies":[{"name":"wp","href":"https:\/\/api.w.org\/{rel}","templated":true}]}}