{"id":121212,"date":"2026-02-23T00:00:00","date_gmt":"2026-02-23T05:00:00","guid":{"rendered":"https:\/\/gpl-love.com\/es\/producto\/polylang-para-woocommerce\/"},"modified":"2026-04-10T11:21:47","modified_gmt":"2026-04-10T16:21:47","slug":"polylang-para-woocommerce","status":"publish","type":"product","link":"https:\/\/gpl-love.com\/es\/producto\/polylang-para-woocommerce\/","title":{"rendered":"Polylang para WooCommerce 2.2.2"},"content":{"rendered":"<h3>Polylang para WooCommerce Caracteristicas<\/h3>\n<p>Polylang para WooCommerce, un complemento robusto de WordPress, ofrece a los usuarios la incre\u00edble capacidad de traducir su tienda WooCommerce en m\u00faltiples idiomas, asegurando un alcance m\u00e1s amplio. Al aprovechar este complemento, las personas pueden crear p\u00e1ginas, productos y categor\u00edas distintas sin esfuerzo adaptadas a cada idioma, proporcionando as\u00ed una experiencia de navegaci\u00f3n incomparable para clientes internacionales. Adem\u00e1s, Polylang para WooCommerce cuenta con una gran cantidad de funcionalidades adicionales, incluida la detecci\u00f3n autom\u00e1tica del idioma, los conmutadores de lenguaje personalizables e incluso el soporte para los idiomas RTL. Adem\u00e1s, este complemento est\u00e1 dise\u00f1ado en mente con la facilidad de uso, lo que permite una personalizaci\u00f3n perfecta que se puede adaptar a las necesidades espec\u00edficas y diversas de su negocio. Por lo tanto, si aspira a expandir su empresa de comercio electr\u00f3nico en nuevos mercados, Polylang para WooCommerce es un complemento indispensable que simplemente no puede permitirse pasar por alto.<\/p>\n<ul>\n<li>Compatible con WooCommerce: le permite traducir su tienda WooCommerce a varios idiomas.<\/li>\n<li>Detecci\u00f3n autom\u00e1tica del idioma: Capaz de detectar la configuraci\u00f3n del navegador del usuario y mostrar la tienda en ese idioma.<\/li>\n<li>Sitchorista de lenguaje personalizable: le permite definir el estilo, la visualizaci\u00f3n y la ubicaci\u00f3n del conmutador de idiomas.<\/li>\n<li>Admite todos los temas de WordPress: se puede usar con cualquier tema de WordPress, con una compatibilidad y flexibilidad completa.<\/li>\n<li>F\u00e1cil de usar: \u00a1no se requiere conocimiento de codificaci\u00f3n! F\u00e1cil de instalar, configurar y usar.<\/li>\n<li>SEO Friendly: son compatibles con URL de idiomas, etiquetas de hreflang y metadatos de SEO, por lo que su sitio se puede compartir sin esfuerzo a nivel mundial.<\/li>\n<li>Integraci\u00f3n de traducci\u00f3n profesional: Capaz de integrarse con servicios de traducci\u00f3n profesional como WEGLOT o TranslatePress.<\/li>\n<li>Tienda multiling\u00fce de WooCommerce: le permite alcanzar y conectarse con una audiencia m\u00e1s amplia y aumentar su base de clientes.<\/li>\n<\/ul>\n","protected":false},"excerpt":{"rendered":"<p>Polylang para WooCommerce, un complemento excepcional, ofrece a los propietarios de tiendas en l\u00ednea la capacidad de traducir sin esfuerzo sus productos a numerosos idiomas, ampliando as\u00ed su alcance a una audiencia m\u00e1s amplia. Al aprovechar el poder de esta notable herramienta, los clientes pueden examinar su sitio web en su idioma deseado, fomentando as\u00ed un aumento de las ventas y una mayor satisfacci\u00f3n del cliente. Polylang para WooCommerce cuenta con una interfaz de usuario intuitiva, junto con una gran cantidad de caracter\u00edsticas como la traducci\u00f3n autom\u00e1tica y los conmutadores de lenguaje personalizables, entre otros. Adem\u00e1s, su integraci\u00f3n perfecta con WooCommerce lo convierte en la opci\u00f3n \u00f3ptima para discernir a los propietarios de tiendas en l\u00ednea que buscan una soluci\u00f3n de traducci\u00f3n confiable y eficiente.<\/p>\n","protected":false},"featured_media":167235,"comment_status":"open","ping_status":"open","template":"","meta":[],"product_brand":[2532],"product_cat":[1220,1206,1211],"product_tag":[1354],"class_list":{"0":"post-121212","1":"product","2":"type-product","3":"status-publish","4":"has-post-thumbnail","6":"product_brand-polylang","7":"product_cat-multi-lenguaje","8":"product_cat-plugins","9":"product_cat-wordpress-plugins","10":"product_tag-polylang","11":"member-discount","12":"discount-restricted","14":"first","15":"instock","16":"sale","17":"downloadable","18":"virtual","19":"sold-individually","20":"purchasable","21":"product-type-simple"},"_links":{"self":[{"href":"https:\/\/gpl-love.com\/es\/wp-json\/wp\/v2\/product\/121212","targetHints":{"allow":["GET"]}}],"collection":[{"href":"https:\/\/gpl-love.com\/es\/wp-json\/wp\/v2\/product"}],"about":[{"href":"https:\/\/gpl-love.com\/es\/wp-json\/wp\/v2\/types\/product"}],"replies":[{"embeddable":true,"href":"https:\/\/gpl-love.com\/es\/wp-json\/wp\/v2\/comments?post=121212"}],"wp:featuredmedia":[{"embeddable":true,"href":"https:\/\/gpl-love.com\/es\/wp-json\/wp\/v2\/media\/167235"}],"wp:attachment":[{"href":"https:\/\/gpl-love.com\/es\/wp-json\/wp\/v2\/media?parent=121212"}],"wp:term":[{"taxonomy":"product_brand","embeddable":true,"href":"https:\/\/gpl-love.com\/es\/wp-json\/wp\/v2\/product_brand?post=121212"},{"taxonomy":"product_cat","embeddable":true,"href":"https:\/\/gpl-love.com\/es\/wp-json\/wp\/v2\/product_cat?post=121212"},{"taxonomy":"product_tag","embeddable":true,"href":"https:\/\/gpl-love.com\/es\/wp-json\/wp\/v2\/product_tag?post=121212"}],"curies":[{"name":"wp","href":"https:\/\/api.w.org\/{rel}","templated":true}]}}