{"id":121210,"date":"2026-01-06T00:00:00","date_gmt":"2026-01-06T05:00:00","guid":{"rendered":"https:\/\/gpl-love.com\/es\/producto\/pixwell-modern-magazine-wordpress-theme\/"},"modified":"2026-04-10T11:21:42","modified_gmt":"2026-04-10T16:21:42","slug":"pixwell-modern-magazine-wordpress-theme","status":"publish","type":"product","link":"https:\/\/gpl-love.com\/es\/producto\/pixwell-modern-magazine-wordpress-theme\/","title":{"rendered":"Pixwell Modern Magazine WordPress Theme 11.7"},"content":{"rendered":"<h3>Pixwell Modern Magazine WordPress Theme Caracteristicas<\/h3>\n<p>El tema de WordPress de Pixwell Modern Magazine es un tema incre\u00edblemente maleable y f\u00e1cil de usar que ha sido meticulosamente elaborado para satisfacer espec\u00edficamente las necesidades de los sitios web de revistas en l\u00ednea. Cuenta con una extensa gama de caracter\u00edsticas que est\u00e1n dise\u00f1adas para proporcionar opciones de personalizaci\u00f3n m\u00e1xima para los usuarios, como un constructor de p\u00e1ginas de inicio altamente flexible, una impresionante selecci\u00f3n de demostraciones predise\u00f1adas que numera m\u00e1s de 10, una gama ilimitada de opciones de color y una extensa colecci\u00f3n de M\u00e1s de 800 fuentes de Google para mejorar el atractivo visual del sitio web. Adem\u00e1s, este tema tambi\u00e9n incluye un sistema de revisi\u00f3n notablemente robusto, que est\u00e1 espec\u00edficamente dise\u00f1ado para facilitar el proceso perfecto y eficiente de revisi\u00f3n y calificaci\u00f3n de varios art\u00edculos y piezas de contenido. Adem\u00e1s, el tema est\u00e1 equipado con una funcionalidad de b\u00fasqueda avanzada que no tiene paralelo en su efectividad, ya que permite a los usuarios localizar sin esfuerzo art\u00edculos o temas de inter\u00e9s. Adem\u00e1s, la integraci\u00f3n de varias plataformas de redes sociales dentro del marco del tema garantiza una mayor participaci\u00f3n e impulsa un tr\u00e1fico sustancial al sitio web. Los desarrolladores de Pixwell tambi\u00e9n han invertido un esfuerzo considerable para optimizar la codificaci\u00f3n e implementar un dise\u00f1o receptivo, lo que garantiza que el sitio web exhiba tiempos de carga \u00f3ptimos y ofrece una experiencia de usuario perfecta y est\u00e9ticamente agradable en todos los dispositivos. Adem\u00e1s, las actualizaciones peri\u00f3dicas se implementan consistentemente para el tema, acompa\u00f1ado de un espectacular de atenci\u00f3n al cliente, estableciendo as\u00ed Pixwell como una opci\u00f3n extremadamente confiable y eficiente para cualquier sitio web de revistas en l\u00ednea.<\/p>\n<ul>\n<li>Dise\u00f1o elegante y moderno que es adecuado para cualquier sitio web de revistas<\/li>\n<li>Constructor de p\u00e1ginas de arrastre y soltar intuitivo para una f\u00e1cil personalizaci\u00f3n y creaci\u00f3n de dise\u00f1o<\/li>\n<li>M\u00faltiples plantillas predise\u00f1adas para diferentes tipos de contenido y p\u00e1ginas<\/li>\n<li>Optimizado para la velocidad y el rendimiento, asegurando tiempos de carga r\u00e1pidos para todos los visitantes<\/li>\n<li>Estructura y c\u00f3digo amigable para SEO, ayudando a aumentar la clasificaci\u00f3n de los motores de b\u00fasqueda<\/li>\n<li>Botones y widgets de intercambio social integrados para una f\u00e1cil promoci\u00f3n de contenido<\/li>\n<li>Widgets flexibles y potentes para agregar contenido din\u00e1mico a p\u00e1ginas y publicaciones<\/li>\n<li>Admite m\u00faltiples idiomas y complementos de traducci\u00f3n para una audiencia global<\/li>\n<li>Sistema de gesti\u00f3n de anuncios incorporado para monetizar su sitio con anuncios de pantalla<\/li>\n<li>Actualizaciones peri\u00f3dicas y atenci\u00f3n al cliente para garantizar que el tema permanezca funcional y actualizado.<\/li>\n<\/ul>\n","protected":false},"excerpt":{"rendered":"<p>El tema de WordPress de Pixwell Modern Magazine es un tema exquisito y altamente personalizable que es absolutamente ideal para cualquier revista o sitio web de noticias en l\u00ednea, capaz de cautivar sin esfuerzo la atenci\u00f3n de sus lectores con su dise\u00f1o de vanguardia y optimizado. Vale la pena mencionar que este tema est\u00e1 dise\u00f1ado para ser completamente receptivo, asegurando una experiencia de usuario consistentemente suave y perfecta en todos los dispositivos, independientemente del tama\u00f1o u orientaci\u00f3n de la pantalla. Adem\u00e1s, este tema ofrece una amplia gama de opciones de personalizaci\u00f3n, lo que le permite adaptar todos los aspectos del dise\u00f1o, el esquema de color y la selecci\u00f3n de fuentes a sus especificaciones exactas, creando as\u00ed una identidad visual \u00fanica y verdaderamente personalizada. Con una gran cantidad de caracter\u00edsticas potentes e innovadoras, as\u00ed como una interfaz intuitiva y f\u00e1cil de usar, Pixwell se establece inequ\u00edvocamente como la mejor opci\u00f3n para cualquier revista o sitio de WordPress de noticias.<\/p>\n","protected":false},"featured_media":167227,"comment_status":"open","ping_status":"open","template":"","meta":[],"product_brand":[2337],"product_cat":[1245,1237,1238],"product_tag":[1391],"class_list":{"0":"post-121210","1":"product","2":"type-product","3":"status-publish","4":"has-post-thumbnail","6":"product_brand-themeforest","7":"product_cat-blog-revista","8":"product_cat-temas","9":"product_cat-wordpress-temas","10":"product_tag-themeforest","11":"member-discount","12":"discount-restricted","14":"first","15":"instock","16":"sale","17":"downloadable","18":"virtual","19":"sold-individually","20":"purchasable","21":"product-type-simple"},"_links":{"self":[{"href":"https:\/\/gpl-love.com\/es\/wp-json\/wp\/v2\/product\/121210","targetHints":{"allow":["GET"]}}],"collection":[{"href":"https:\/\/gpl-love.com\/es\/wp-json\/wp\/v2\/product"}],"about":[{"href":"https:\/\/gpl-love.com\/es\/wp-json\/wp\/v2\/types\/product"}],"replies":[{"embeddable":true,"href":"https:\/\/gpl-love.com\/es\/wp-json\/wp\/v2\/comments?post=121210"}],"wp:featuredmedia":[{"embeddable":true,"href":"https:\/\/gpl-love.com\/es\/wp-json\/wp\/v2\/media\/167227"}],"wp:attachment":[{"href":"https:\/\/gpl-love.com\/es\/wp-json\/wp\/v2\/media?parent=121210"}],"wp:term":[{"taxonomy":"product_brand","embeddable":true,"href":"https:\/\/gpl-love.com\/es\/wp-json\/wp\/v2\/product_brand?post=121210"},{"taxonomy":"product_cat","embeddable":true,"href":"https:\/\/gpl-love.com\/es\/wp-json\/wp\/v2\/product_cat?post=121210"},{"taxonomy":"product_tag","embeddable":true,"href":"https:\/\/gpl-love.com\/es\/wp-json\/wp\/v2\/product_tag?post=121210"}],"curies":[{"name":"wp","href":"https:\/\/api.w.org\/{rel}","templated":true}]}}