{"id":121208,"date":"2026-03-18T00:00:00","date_gmt":"2026-03-18T05:00:00","guid":{"rendered":"https:\/\/gpl-love.com\/es\/producto\/pixelyoursite-pro-facebook-pixel-wordpress-plugin\/"},"modified":"2026-04-10T11:21:41","modified_gmt":"2026-04-10T16:21:41","slug":"pixelyoursite-pro-facebook-pixel-wordpress-plugin","status":"publish","type":"product","link":"https:\/\/gpl-love.com\/es\/producto\/pixelyoursite-pro-facebook-pixel-wordpress-plugin\/","title":{"rendered":"PixelYourSite Pro Facebook pixel WordPress plugin 12.4.1.2"},"content":{"rendered":"<h3>PixelYourSite Pro Facebook pixel WordPress plugin Caracteristicas<\/h3>\n<p>PixyOursite Pro es un complemento de WordPress muy robusto y lleno de funciones que sirve como una herramienta invaluable para los propietarios de sitios web que buscan optimizar sus campa\u00f1as de marketing rastreando de manera efectiva su p\u00edxel de Facebook. Este notable complemento no solo permite la instalaci\u00f3n y administraci\u00f3n sin esfuerzo de su p\u00edxel de Facebook en su sitio web de WordPress, sino que tambi\u00e9n facilita el seguimiento de varios eventos y la creaci\u00f3n de audiencias personalizadas basadas en acciones de usuario espec\u00edficas. Con una variedad de opciones sofisticadas para el seguimiento y la optimizaci\u00f3n de la conversi\u00f3n a su disposici\u00f3n, incluidos anuncios din\u00e1micos de productos, conversiones personalizadas avanzadas y la capacidad de compartir datos ricos de texto y im\u00e1genes, este complemento realmente le permite elevar sus esfuerzos de marketing a alturas sin precedentes. Adem\u00e1s, su integraci\u00f3n perfecta con complementos prominentes de WordPress como Google Analytics, WooCommerce, descargas digitales f\u00e1ciles y muchos otros asegura una experiencia de usuario perfecta y armoniosa. Al aprovechar las caracter\u00edsticas y capacidades excepcionales de PixyOursite Pro, puede maximizar el potencial de la destreza publicitaria de Facebook, impulsando as\u00ed sus campa\u00f1as de marketing a nuevos niveles de \u00e9xito y rentabilidad a trav\u00e9s de estrategias espec\u00edficas y personalizadas que generan conversiones e ingresos mejorados.<\/p>\n<ul>\n<li>Instale f\u00e1cilmente el p\u00edxel de Facebook en su sitio de WordPress<\/li>\n<li>Acceda a las funciones de p\u00edxeles avanzadas para una orientaci\u00f3n y seguimiento m\u00e1s precisos<\/li>\n<li>Configurar eventos y par\u00e1metros personalizados para rastrear acciones y comportamientos espec\u00edficos<\/li>\n<li>Rastrear conversiones e ingresos para medir el \u00e9xito de sus anuncios de Facebook<\/li>\n<li>Use anuncios de productos din\u00e1micos para reorganizar a los visitantes del sitio web con productos relevantes<\/li>\n<li>Integre con otros complementos populares de WordPress como WooCommerce y descargas digitales f\u00e1ciles<\/li>\n<li>Obtenga informes detallados e informaci\u00f3n sobre los datos de sus p\u00edxeles para informar su estrategia publicitaria<\/li>\n<li>Atenci\u00f3n al cliente experta para ayudarlo a solucionar problemas de cualquier problema o pregunta que pueda tener.<\/li>\n<\/ul>\n","protected":false},"excerpt":{"rendered":"<p>El PixyOursite Pro es un complemento de WordPress excepcionalmente robusto que otorga a los usuarios la capacidad perfecta de instalar y administrar eficientemente el p\u00edxel de Facebook en sus respectivos sitios web. Este notable complemento ofrece una amplia gama de caracter\u00edsticas, lo que permite a los usuarios rastrear sin esfuerzo una multitud de eventos importantes que ocurren en sus sitios web, abarcando, entre otros, vistas de la p\u00e1gina, agregar acciones y compras del carrito. Adem\u00e1s, PixelyOursite Pro proporciona a los usuarios opciones de orientaci\u00f3n avanzada para sus anuncios, incluidas las caracter\u00edsticas notables del p\u00fablico personalizado, el seguimiento de la conversi\u00f3n y los anuncios din\u00e1micos de productos. Ya sea que uno se encuentre como el propietario de una tienda de comercio electr\u00f3nico o un vendedor digital que busca optimizar sus esfuerzos publicitarios de Facebook, PixyOursite Pro se erige como la herramienta definitiva preparada para elevar sus estrategias publicitarias a alturas incomparables.<\/p>\n","protected":false},"featured_media":167225,"comment_status":"open","ping_status":"open","template":"","meta":[],"product_brand":[2531],"product_cat":[1232,1206,1211],"product_tag":[1352],"class_list":{"0":"post-121208","1":"product","2":"type-product","3":"status-publish","4":"has-post-thumbnail","6":"product_brand-pixelyoursite","7":"product_cat-marketing-wordpress-plugins","8":"product_cat-plugins","9":"product_cat-wordpress-plugins","10":"product_tag-pixelyoursite","11":"member-discount","12":"discount-restricted","14":"first","15":"instock","16":"sale","17":"downloadable","18":"virtual","19":"sold-individually","20":"purchasable","21":"product-type-simple"},"_links":{"self":[{"href":"https:\/\/gpl-love.com\/es\/wp-json\/wp\/v2\/product\/121208","targetHints":{"allow":["GET"]}}],"collection":[{"href":"https:\/\/gpl-love.com\/es\/wp-json\/wp\/v2\/product"}],"about":[{"href":"https:\/\/gpl-love.com\/es\/wp-json\/wp\/v2\/types\/product"}],"replies":[{"embeddable":true,"href":"https:\/\/gpl-love.com\/es\/wp-json\/wp\/v2\/comments?post=121208"}],"wp:featuredmedia":[{"embeddable":true,"href":"https:\/\/gpl-love.com\/es\/wp-json\/wp\/v2\/media\/167225"}],"wp:attachment":[{"href":"https:\/\/gpl-love.com\/es\/wp-json\/wp\/v2\/media?parent=121208"}],"wp:term":[{"taxonomy":"product_brand","embeddable":true,"href":"https:\/\/gpl-love.com\/es\/wp-json\/wp\/v2\/product_brand?post=121208"},{"taxonomy":"product_cat","embeddable":true,"href":"https:\/\/gpl-love.com\/es\/wp-json\/wp\/v2\/product_cat?post=121208"},{"taxonomy":"product_tag","embeddable":true,"href":"https:\/\/gpl-love.com\/es\/wp-json\/wp\/v2\/product_tag?post=121208"}],"curies":[{"name":"wp","href":"https:\/\/api.w.org\/{rel}","templated":true}]}}