{"id":121207,"date":"2026-02-05T00:00:00","date_gmt":"2026-02-05T05:00:00","guid":{"rendered":"https:\/\/gpl-love.com\/es\/producto\/pixel-cat-elite\/"},"modified":"2026-03-09T08:01:11","modified_gmt":"2026-03-09T13:01:11","slug":"pixel-cat-elite","status":"publish","type":"product","link":"https:\/\/gpl-love.com\/es\/producto\/pixel-cat-elite\/","title":{"rendered":"Pixel Cat Elite 3.3.0"},"content":{"rendered":"<h3>Pixel Cat Elite Caracteristicas<\/h3>\n<p>Pixel Cat Elite, un dispositivo de entrada de calidad superior, ofrece una experiencia de juego incomparable a sus usuarios. Meticulosamente elaborado con la m\u00e1xima precisi\u00f3n y precisi\u00f3n en mente, este dispositivo excepcional permite a los jugadores ejecutar sin esfuerzo sus intrincados movimientos y comandos imperativos. Equipado con sensores \u00f3pticos de \u00faltima generaci\u00f3n, el Pixel Cat Elite garantiza un seguimiento r\u00e1pido y sin costuras, garantizando que cada movimiento matizado se detecte con la m\u00e1xima precisi\u00f3n. Adem\u00e1s, este notable dispositivo muestra una variedad de botones personalizables que se pueden adaptar sin esfuerzo para satisfacer sus requisitos de juego espec\u00edficos. Su dise\u00f1o elegante y ergon\u00f3mico aumenta a\u00fan m\u00e1s su atractivo, brindando una sensaci\u00f3n c\u00f3moda y altamente receptiva, lo que lo hace ideal para sesiones de juegos prolongadas. Independientemente de si se entrega de forma casual o es un profesional dedicado, el Pixel Cat Elite se erige como una opci\u00f3n impecable para cualquier persona que busque mejorar su destreza en los juegos.<\/p>\n<ul>\n<li>Herramienta poderosa para crear un impresionante arte de p\u00edxeles.<\/li>\n<li>Amable para principiantes con una interfaz f\u00e1cil de usar.<\/li>\n<li>Caracter\u00edsticas avanzadas para artistas de p\u00edxeles experimentados, como capas y paletas de colores personalizadas.<\/li>\n<li>Compatible con m\u00faltiples formatos de archivo, incluidos PNG, JPEG y GIF.<\/li>\n<li>Una amplia gama de tama\u00f1os y formas de cepillos para un detalle perfecto.<\/li>\n<li>Pequillas de acceso postales personalizables para acelerar el flujo de trabajo.<\/li>\n<li>Actualizaciones y mejoras regulares al software.<\/li>\n<li>Ligero y r\u00e1pido para instalar.<\/li>\n<li>Adecuado para su uso en los sistemas operativos de Windows y Mac.<\/li>\n<li>Excelente atenci\u00f3n al cliente y comunidad en l\u00ednea para compartir consejos y trucos.<\/li>\n<\/ul>\n","protected":false},"excerpt":{"rendered":"<p>Nos complace presentar el Pixel Cat Elite, un dispositivo de vanguardia que est\u00e1 destinado a convertirse en un activo indispensable en sus esfuerzos de dise\u00f1o digital. Combinando una precisi\u00f3n inigualable en el seguimiento con una multitud de botones personalizables, esta revolucionaria herramienta de entrada le permite crear gr\u00e1ficos, ilustraciones y animaciones cautivadores sin esfuerzo. Adem\u00e1s, el Pixel Cat Elite cuenta con un dise\u00f1o elegante y ergon\u00f3mico que garantiza la mayor comodidad y productividad incluso durante las sesiones de uso prolongados. Independientemente de si usted es un dise\u00f1ador gr\u00e1fico experimentado o un novato que se aventura en el \u00e1mbito de la creatividad, el Pixel Cat Elite es inequ\u00edvocamente el instrumento por excelencia que elevar\u00e1 sus capacidades art\u00edsticas a alturas incomparables.<\/p>\n","protected":false},"featured_media":167224,"comment_status":"open","ping_status":"open","template":"","meta":[],"product_brand":[2530],"product_cat":[1232,1206,1211],"product_tag":[1783],"class_list":{"0":"post-121207","1":"product","2":"type-product","3":"status-publish","4":"has-post-thumbnail","6":"product_brand-fatcat","7":"product_cat-marketing-wordpress-plugins","8":"product_cat-plugins","9":"product_cat-wordpress-plugins","10":"product_tag-fatcat","11":"member-discount","12":"discount-restricted","14":"first","15":"instock","16":"sale","17":"downloadable","18":"virtual","19":"sold-individually","20":"purchasable","21":"product-type-simple"},"_links":{"self":[{"href":"https:\/\/gpl-love.com\/es\/wp-json\/wp\/v2\/product\/121207","targetHints":{"allow":["GET"]}}],"collection":[{"href":"https:\/\/gpl-love.com\/es\/wp-json\/wp\/v2\/product"}],"about":[{"href":"https:\/\/gpl-love.com\/es\/wp-json\/wp\/v2\/types\/product"}],"replies":[{"embeddable":true,"href":"https:\/\/gpl-love.com\/es\/wp-json\/wp\/v2\/comments?post=121207"}],"wp:featuredmedia":[{"embeddable":true,"href":"https:\/\/gpl-love.com\/es\/wp-json\/wp\/v2\/media\/167224"}],"wp:attachment":[{"href":"https:\/\/gpl-love.com\/es\/wp-json\/wp\/v2\/media?parent=121207"}],"wp:term":[{"taxonomy":"product_brand","embeddable":true,"href":"https:\/\/gpl-love.com\/es\/wp-json\/wp\/v2\/product_brand?post=121207"},{"taxonomy":"product_cat","embeddable":true,"href":"https:\/\/gpl-love.com\/es\/wp-json\/wp\/v2\/product_cat?post=121207"},{"taxonomy":"product_tag","embeddable":true,"href":"https:\/\/gpl-love.com\/es\/wp-json\/wp\/v2\/product_tag?post=121207"}],"curies":[{"name":"wp","href":"https:\/\/api.w.org\/{rel}","templated":true}]}}