{"id":121205,"date":"2026-01-28T00:00:00","date_gmt":"2026-01-28T05:00:00","guid":{"rendered":"https:\/\/gpl-love.com\/es\/producto\/piotnet-forms-pro-wordpress-form-builder\/"},"modified":"2026-04-10T11:21:39","modified_gmt":"2026-04-10T16:21:39","slug":"piotnet-forms-pro-wordpress-form-builder","status":"publish","type":"product","link":"https:\/\/gpl-love.com\/es\/producto\/piotnet-forms-pro-wordpress-form-builder\/","title":{"rendered":"Piotnet Forms Pro WordPress Form Builder 2.1.40"},"content":{"rendered":"<h3>Piotnet Forms Pro WordPress Form Builder Caracteristicas<\/h3>\n<p>Piotnet forma el Builder de formulario WordPress Pro, una herramienta altamente sofisticada dise\u00f1ada espec\u00edficamente con el fin de crear formularios personalizables y funcionales en su sitio web de WordPress, ofrece una multitud de caracter\u00edsticas y capacidades. La interfaz de arrastrar y soltar f\u00e1cilmente de usuario permite la creaci\u00f3n de formas sin esfuerzo, que atiende a una amplia gama de prop\u00f3sitos, como formularios de contacto, formularios de registro, encuestas y m\u00e1s. Este complemento cuenta con una extensa variedad de elementos y caracter\u00edsticas de formulario, que incluyen, entre otros, l\u00f3gica condicional, formularios de m\u00faltiples pasos y gesti\u00f3n de env\u00edo. Adem\u00e1s, la integraci\u00f3n perfecta con servicios de terceros como MailChimp y PayPal est\u00e1 f\u00e1cilmente disponible. La flexibilidad incomparable ofrecida por PioTnet Forms Pro permite a los propietarios de sitios web curar formularios que se alinean con precisi\u00f3n con sus necesidades individuales y preferencias de dise\u00f1o. En esencia, este complemento sirve como una opci\u00f3n excepcional para los webmasters que buscan optimizar el proceso de creaci\u00f3n de formularios, todo el tiempo manteniendo los m\u00e1s altos est\u00e1ndares de calidad y funcionalidad.<\/p>\n<ul>\n<li>Cree formularios de aspecto profesional para su sitio web de WordPress en minutos<\/li>\n<li>La interfaz intuitiva de arrastrar y soltar hace que la construcci\u00f3n de la forma sea f\u00e1cil y accesible para todos<\/li>\n<li>Elija entre plantillas predise\u00f1adas o comience desde cero<\/li>\n<li>Los elementos de formulario personalizables incluyen campos de texto, men\u00fas desplegables, botones de radio, casillas de verificaci\u00f3n y m\u00e1s<\/li>\n<li>Agregue elementos avanzados como cargas de archivos, l\u00f3gica condicional y campos ocultos<\/li>\n<li>Integraci\u00f3n con marketing de correo electr\u00f3nico popular y herramientas CRM como MailChimp, Hubspot y Salesforce<\/li>\n<li>Configurar autorespondedores y notificaciones por correo electr\u00f3nico para los env\u00edos de formularios<\/li>\n<li>Incorporar formularios en cualquier lugar de su sitio web utilizando un shortcode o widget<\/li>\n<li>Configure los env\u00edos de formulario que se guardar\u00e1n en su base de datos de WordPress o se enviar\u00e1n a servicios externos<\/li>\n<li>Incluye protecci\u00f3n contra el spama incorporada y soporte de Captcha para evitar presentaciones no deseadas<\/li>\n<\/ul>\n","protected":false},"excerpt":{"rendered":"<p>Piotnet Forms Pro, un constructor de formularios excepcional para WordPress, le permite crear formas personalizadas sin esfuerzo y eficientemente. Con una interfaz de arrastrar y soltar f\u00e1cilmente con usuarios y una extensa gama de componentes de formulario a su disposici\u00f3n, tiene la flexibilidad con las formas de moda que se alinean sin problemas con las demandas \u00fanicas de su negocio. Adem\u00e1s, este complemento abarca una gran cantidad de funcionalidades avanzadas, como l\u00f3gica condicional, formularios de varios pasos e integraci\u00f3n perfecta con plataformas de marketing por correo electr\u00f3nico de renombre. Ya sea que sus requisitos conllevan un formulario de contacto b\u00e1sico o una encuesta intrincada, PioTnet Forms Pro optimiza el proceso de generar formularios visualmente impresionantes que producen resultados favorables.<\/p>\n","protected":false},"featured_media":167223,"comment_status":"open","ping_status":"open","template":"","meta":[],"product_brand":[2529],"product_cat":[1216,1206,1211],"product_tag":[1350],"class_list":{"0":"post-121205","1":"product","2":"type-product","3":"status-publish","4":"has-post-thumbnail","6":"product_brand-piotnetforms","7":"product_cat-formas","8":"product_cat-plugins","9":"product_cat-wordpress-plugins","10":"product_tag-piotnetforms","11":"member-discount","12":"discount-restricted","14":"first","15":"instock","16":"sale","17":"downloadable","18":"virtual","19":"sold-individually","20":"purchasable","21":"product-type-simple"},"_links":{"self":[{"href":"https:\/\/gpl-love.com\/es\/wp-json\/wp\/v2\/product\/121205","targetHints":{"allow":["GET"]}}],"collection":[{"href":"https:\/\/gpl-love.com\/es\/wp-json\/wp\/v2\/product"}],"about":[{"href":"https:\/\/gpl-love.com\/es\/wp-json\/wp\/v2\/types\/product"}],"replies":[{"embeddable":true,"href":"https:\/\/gpl-love.com\/es\/wp-json\/wp\/v2\/comments?post=121205"}],"wp:featuredmedia":[{"embeddable":true,"href":"https:\/\/gpl-love.com\/es\/wp-json\/wp\/v2\/media\/167223"}],"wp:attachment":[{"href":"https:\/\/gpl-love.com\/es\/wp-json\/wp\/v2\/media?parent=121205"}],"wp:term":[{"taxonomy":"product_brand","embeddable":true,"href":"https:\/\/gpl-love.com\/es\/wp-json\/wp\/v2\/product_brand?post=121205"},{"taxonomy":"product_cat","embeddable":true,"href":"https:\/\/gpl-love.com\/es\/wp-json\/wp\/v2\/product_cat?post=121205"},{"taxonomy":"product_tag","embeddable":true,"href":"https:\/\/gpl-love.com\/es\/wp-json\/wp\/v2\/product_tag?post=121205"}],"curies":[{"name":"wp","href":"https:\/\/api.w.org\/{rel}","templated":true}]}}