{"id":121201,"date":"2025-12-12T00:00:00","date_gmt":"2025-12-12T05:00:00","guid":{"rendered":"https:\/\/gpl-love.com\/es\/producto\/photography-responsive-wordpress-theme\/"},"modified":"2026-03-13T17:27:26","modified_gmt":"2026-03-13T22:27:26","slug":"photography-responsive-wordpress-theme","status":"publish","type":"product","link":"https:\/\/gpl-love.com\/es\/producto\/photography-responsive-wordpress-theme\/","title":{"rendered":"Photography Responsive WordPress Theme 7.7.5"},"content":{"rendered":"<h3>Photography Responsive WordPress Theme Caracteristicas<\/h3>\n<p>El tema de WordPress que responde a la fotograf\u00eda demuestra ser una resoluci\u00f3n exquisita y contempor\u00e1nea para los fot\u00f3grafos que aspiran a exhibir su trabajo en Internet. Su dise\u00f1o totalmente receptivo garantiza que su sitio web exude a la magnificencia y el esplendor en todos los dispositivos. Adem\u00e1s, este tema ofrece inmensas oportunidades de personalizaci\u00f3n, facilitando alteraciones sin esfuerzo de colores, fuentes y dise\u00f1os para armonizar con su gusto y estilo individualista. Adem\u00e1s de estos atributos notables, alberga una galer\u00eda incorporada y funcionalidades de cartera que racionalizan el proceso de mostrar sus creaciones m\u00e1s formidables. No solo eso, sino que tambi\u00e9n abarca una plantilla de blog, lo que le permite expresar con franqueza sus reflexiones y encuentros con su fiel audiencia. Sin lugar a dudas, el tema de WordPress que receptiva a la fotograf\u00eda es el ep\u00edtome de la perfecci\u00f3n para cualquier fot\u00f3grafo que se esfuerza por establecer una presencia en l\u00ednea profesional y cautivadora.<\/p>\n<ul>\n<li>Dise\u00f1o profesional y moderno que est\u00e1 optimizado para sitios web de fotograf\u00eda<\/li>\n<li>Dise\u00f1o totalmente receptivo que se adapta perfectamente a todos los dispositivos, incluidos las computadoras de escritorio, las tabletas y los tel\u00e9fonos inteligentes.<\/li>\n<li>Opciones de constructor de p\u00e1ginas y personalizaci\u00f3n f\u00e1cil de usar que le permiten crear p\u00e1ginas \u00fanicas e impresionantes<\/li>\n<li>Viene con numerosas demostraciones y plantillas preconstruidas que se pueden importar f\u00e1cilmente para un comienzo r\u00e1pido<\/li>\n<li>Galer\u00eda incorporada y caracter\u00edsticas de cartera para mostrar su trabajo de una manera elegante y organizada<\/li>\n<li>Totalmente compatible con complementos populares como WooCommerce, Contact Form 7 y Yoast SEO<\/li>\n<li>M\u00faltiples formatos de blog y dise\u00f1os para elegir, para que pueda crear el entorno perfecto para su contenido.<\/li>\n<li>Panel de opciones de tema potentes y flexibles que le permite personalizar todos los aspectos del tema<\/li>\n<li>Viene con un instalador de demostraci\u00f3n con un solo clic, que le permite instalar datos de demostraci\u00f3n con un solo clic<\/li>\n<li>Equipo de apoyo dedicado y documentaci\u00f3n extensa para brindarle asistencia profesional<\/li>\n<li>Incluye caracter\u00edsticas esenciales como el soporte de traducci\u00f3n, el tema infantil y m\u00e1s.<\/li>\n<\/ul>\n","protected":false},"excerpt":{"rendered":"<p>El tema de WordPress que responde con fotograf\u00eda de entrada se presenta como un instrumento altamente adecuado y efectivo para las personas en el campo de fotograf\u00eda profesional que aspiran a exhibir su extensa cartera a trav\u00e9s del \u00e1mbito digital. Con un dise\u00f1o est\u00e9ticamente agradable y contempor\u00e1neo que se adapta perfectamente a varios tama\u00f1os de pantalla, este tema enfatiza sin esfuerzo los mejores ejemplos de su oficio, lo que le permite establecer una presencia en l\u00ednea robusta y dominante. Independientemente de si posee una experiencia considerable o se est\u00e1 embarcando en su viaje como artista floreciente, la entrada sirve como la plataforma definitiva para manifestar su inquebrantable dedicaci\u00f3n al arte de la fotograf\u00eda, al tiempo que falsifica las profundas conexiones con clientes potenciales a trav\u00e9s de una cautivadora y cautivadora mediana visualmente y visualmente cautivando .<\/p>\n","protected":false},"featured_media":167209,"comment_status":"open","ping_status":"open","template":"","meta":[],"product_brand":[2337],"product_cat":[1267,1237,1238],"product_tag":[1391],"class_list":{"0":"post-121201","1":"product","2":"type-product","3":"status-publish","4":"has-post-thumbnail","6":"product_brand-themeforest","7":"product_cat-creativo","8":"product_cat-temas","9":"product_cat-wordpress-temas","10":"product_tag-themeforest","11":"member-discount","12":"discount-restricted","14":"first","15":"instock","16":"sale","17":"downloadable","18":"virtual","19":"sold-individually","20":"purchasable","21":"product-type-simple"},"_links":{"self":[{"href":"https:\/\/gpl-love.com\/es\/wp-json\/wp\/v2\/product\/121201","targetHints":{"allow":["GET"]}}],"collection":[{"href":"https:\/\/gpl-love.com\/es\/wp-json\/wp\/v2\/product"}],"about":[{"href":"https:\/\/gpl-love.com\/es\/wp-json\/wp\/v2\/types\/product"}],"replies":[{"embeddable":true,"href":"https:\/\/gpl-love.com\/es\/wp-json\/wp\/v2\/comments?post=121201"}],"wp:featuredmedia":[{"embeddable":true,"href":"https:\/\/gpl-love.com\/es\/wp-json\/wp\/v2\/media\/167209"}],"wp:attachment":[{"href":"https:\/\/gpl-love.com\/es\/wp-json\/wp\/v2\/media?parent=121201"}],"wp:term":[{"taxonomy":"product_brand","embeddable":true,"href":"https:\/\/gpl-love.com\/es\/wp-json\/wp\/v2\/product_brand?post=121201"},{"taxonomy":"product_cat","embeddable":true,"href":"https:\/\/gpl-love.com\/es\/wp-json\/wp\/v2\/product_cat?post=121201"},{"taxonomy":"product_tag","embeddable":true,"href":"https:\/\/gpl-love.com\/es\/wp-json\/wp\/v2\/product_tag?post=121201"}],"curies":[{"name":"wp","href":"https:\/\/api.w.org\/{rel}","templated":true}]}}