{"id":121199,"date":"2025-06-30T00:00:00","date_gmt":"2025-06-30T05:00:00","guid":{"rendered":"https:\/\/gpl-love.com\/es\/producto\/phlox-pro-elementor-multipurpose-wordpress-theme\/"},"modified":"2026-04-10T11:21:30","modified_gmt":"2026-04-10T16:21:30","slug":"phlox-pro-elementor-multipurpose-wordpress-theme","status":"publish","type":"product","link":"https:\/\/gpl-love.com\/es\/producto\/phlox-pro-elementor-multipurpose-wordpress-theme\/","title":{"rendered":"Phlox Pro Elementor MultiPurpose WordPress Theme 5.17.6"},"content":{"rendered":"<h3>Phlox Pro Elementor MultiPurpose WordPress Theme Caracteristicas<\/h3>\n<p>El tema de WordPress MultipUrpose Phlox Pro Elementor es una soluci\u00f3n incre\u00edblemente completa que se presenta como una opci\u00f3n ideal para las personas que buscan construir y dise\u00f1ar sitios web. Este tema est\u00e1 equipado con un creador de p\u00e1ginas de arrastrar y soltar notablemente f\u00e1cil de usar, que permite a los usuarios fabricar p\u00e1ginas y sitios web visualmente cautivadores visualmente, todo en ausencia de cualquier experiencia de codificaci\u00f3n previa. Adem\u00e1s, este tema se acompa\u00f1a de una amplia variedad de m\u00e1s de 30 demostraciones completas del sitio web que sirven como una base excelente para iniciar la creaci\u00f3n del propio sitio web personal. Adem\u00e1s, cuenta con una selecci\u00f3n expansiva de m\u00e1s de 90 widgets Elementor, que promueve la gama de posibilidades de dise\u00f1o disponibles para los usuarios. Sin lugar a dudas, este tema sobresale en su capacidad para optimizar la velocidad y el rendimiento, asegurando as\u00ed que los visitantes del sitio web experimenten tiempos de carga notablemente r\u00e1pidos. En conjunto, el tema de WordPress multiprop\u00f3sito Phlox Pro Elementor es una herramienta innegablemente vers\u00e1til y potente que capacita a las personas para crear sitios web que son est\u00e9ticamente agradables y altamente funcionales.<\/p>\n<ul>\n<li>Un tema de WordPress vers\u00e1til y f\u00e1cil de usar adecuado para una variedad de sitios web y aplicaciones<\/li>\n<li>Construido con el creador de p\u00e1ginas Elementor para una f\u00e1cil personalizaci\u00f3n y flexibilidad de dise\u00f1o<\/li>\n<li>Presenta un dise\u00f1o moderno con varios dise\u00f1os preconstruidos para p\u00e1gina de inicio, cartera, blog y m\u00e1s<\/li>\n<li>Totalmente receptivo, asegurando una experiencia de usuario perfecta en todos los dispositivos y tama\u00f1os de pantalla<\/li>\n<li>Integraci\u00f3n con complementos populares de WordPress, incluidos WooCommerce para la funcionalidad de comercio electr\u00f3nico y el Formulario de contacto 7 para formularios personalizables<\/li>\n<li>Caracter\u00edsticas de optimizaci\u00f3n de rendimiento incorporadas, incluida la carga perezosa y la minificaci\u00f3n de activos para tiempos de carga m\u00e1s r\u00e1pidos<\/li>\n<li>Documentaci\u00f3n extensa y video tutoriales para guiar a los usuarios a trav\u00e9s del proceso de configuraci\u00f3n y personalizaci\u00f3n<\/li>\n<li>Actualizaciones regulares y correcciones de errores para garantizar la compatibilidad con las \u00faltimas versiones de WordPress y est\u00e1ndares de seguridad<\/li>\n<li>Equipo de atenci\u00f3n al cliente dedicado para abordar cualquier pregunta o problema que pueda surgir.<\/li>\n<\/ul>\n","protected":false},"excerpt":{"rendered":"<p>El tema de WordPress multiprop\u00f3sito Phlox Pro Elementor es un tema incre\u00edblemente vers\u00e1til y din\u00e1micamente robusto que atiende a una gran cantidad de diferentes necesidades del sitio web, ofreciendo una soluci\u00f3n integral y que lo abarca todo. Con su constructor de p\u00e1ginas de elementor altamente avanzado y de vanguardia, junto con una extensa variedad de potentes opciones de personalizaci\u00f3n, este tema le otorga la capacidad de crear sitios web visualmente impresionantes y altamente receptivos de manera imposible y eficiente en una fracci\u00f3n de la \u00e9poca. Adem\u00e1s, la inclusi\u00f3n de numerosas demostraciones y plantillas preconstruidas dentro del tema facilita una iniciaci\u00f3n acelerada y simplificada del proceso de dise\u00f1o de su sitio web. Ya sea que se encuentre embarcado en la creaci\u00f3n de un blog cautivador y atractivo, una tienda de comercio electr\u00f3nico innovadora y rica en caracter\u00edsticas, o un sitio web comercial profesional y pulido, tenga la seguridad de que el tema de WordPress multiprop\u00f3sito Phlox Pro se erige como el ep\u00edtome de un ep\u00edtome de un ep\u00edtome de un ep\u00edtome. elecci\u00f3n impecable.<\/p>\n","protected":false},"featured_media":167208,"comment_status":"open","ping_status":"open","template":"","meta":[],"product_brand":[2337],"product_cat":[1239,1237,1238],"product_tag":[1391],"class_list":{"0":"post-121199","1":"product","2":"type-product","3":"status-publish","4":"has-post-thumbnail","6":"product_brand-themeforest","7":"product_cat-de-multiples-fines","8":"product_cat-temas","9":"product_cat-wordpress-temas","10":"product_tag-themeforest","11":"member-discount","12":"discount-restricted","14":"first","15":"instock","16":"sale","17":"downloadable","18":"virtual","19":"sold-individually","20":"purchasable","21":"product-type-simple"},"_links":{"self":[{"href":"https:\/\/gpl-love.com\/es\/wp-json\/wp\/v2\/product\/121199","targetHints":{"allow":["GET"]}}],"collection":[{"href":"https:\/\/gpl-love.com\/es\/wp-json\/wp\/v2\/product"}],"about":[{"href":"https:\/\/gpl-love.com\/es\/wp-json\/wp\/v2\/types\/product"}],"replies":[{"embeddable":true,"href":"https:\/\/gpl-love.com\/es\/wp-json\/wp\/v2\/comments?post=121199"}],"wp:featuredmedia":[{"embeddable":true,"href":"https:\/\/gpl-love.com\/es\/wp-json\/wp\/v2\/media\/167208"}],"wp:attachment":[{"href":"https:\/\/gpl-love.com\/es\/wp-json\/wp\/v2\/media?parent=121199"}],"wp:term":[{"taxonomy":"product_brand","embeddable":true,"href":"https:\/\/gpl-love.com\/es\/wp-json\/wp\/v2\/product_brand?post=121199"},{"taxonomy":"product_cat","embeddable":true,"href":"https:\/\/gpl-love.com\/es\/wp-json\/wp\/v2\/product_cat?post=121199"},{"taxonomy":"product_tag","embeddable":true,"href":"https:\/\/gpl-love.com\/es\/wp-json\/wp\/v2\/product_tag?post=121199"}],"curies":[{"name":"wp","href":"https:\/\/api.w.org\/{rel}","templated":true}]}}