{"id":121197,"date":"2026-03-26T00:00:00","date_gmt":"2026-03-26T05:00:00","guid":{"rendered":"https:\/\/gpl-love.com\/es\/producto\/perfmatters-wordpress-plugin\/"},"modified":"2026-04-10T11:21:25","modified_gmt":"2026-04-10T16:21:25","slug":"perfmatters-wordpress-plugin","status":"publish","type":"product","link":"https:\/\/gpl-love.com\/es\/producto\/perfmatters-wordpress-plugin\/","title":{"rendered":"Perfmatters WordPress Plugin 2.6.0"},"content":{"rendered":"<h3>Perfmatters WordPress Plugin Caracteristicas<\/h3>\n<p>Perfmatters, un complemento de WordPress altamente potente, ayuda efectivamente a los propietarios de sitios web a optimizar el rendimiento de su sitio web al reducir significativamente los tiempos de carga. Su variedad de caracter\u00edsticas, incluida la carga perezosa, la gesti\u00f3n de scripts y la optimizaci\u00f3n de la base de datos, garantiza la m\u00e1xima eficiencia de su sitio web. Adem\u00e1s, su interfaz f\u00e1cil de usar permite una f\u00e1cil personalizaci\u00f3n, que atiende a los distintos requisitos de su sitio web. Al disminuir los tiempos de carga de la p\u00e1gina, los perfmatters no solo mejoran la experiencia del usuario, sino que tambi\u00e9n elevan las clasificaciones de SEO y las tasas de conversi\u00f3n. No dude en instalar Perfmatters en su sitio de WordPress hoy y sea testigo de la notable transformaci\u00f3n que aporta al rendimiento de su sitio web.<\/p>\n<ul>\n<li>Rendimiento mejorado del sitio web y tiempos de carga de p\u00e1gina m\u00e1s r\u00e1pidos<\/li>\n<li>Disminuci\u00f3n de la tasa de rebote y un mayor compromiso<\/li>\n<li>Reducci\u00f3n de las solicitudes HTTP y el tama\u00f1o de archivo minimizado<\/li>\n<li>Capacidad para eliminar caracter\u00edsticas y scripts innecesarios para optimizar el c\u00f3digo del sitio web<\/li>\n<li>Compatibilidad con complementos populares de almacenamiento en cach\u00e9 de WordPress para mejoras de rendimiento a\u00fan mayores<\/li>\n<li>Opci\u00f3n para optimizar las fuentes de Google y Google Analytics para tiempos de carga m\u00e1s r\u00e1pidos<\/li>\n<li>Interfaz f\u00e1cil de usar con toggles y casillas de verificaci\u00f3n para deshabilitar\/habilitar caracter\u00edsticas<\/li>\n<li>Configuraci\u00f3n flexible para control granular sobre las optimizaciones del sitio web<\/li>\n<li>Actualizaciones y mejoras regulares basadas en comentarios de los usuarios y nuevos desarrollos tecnol\u00f3gicos<\/li>\n<li>Excelentes recursos de soporte al cliente y documentaci\u00f3n para garantizar una implementaci\u00f3n sin problemas y sin problemas.<\/li>\n<\/ul>\n","protected":false},"excerpt":{"rendered":"<p>Perfmatters, un complemento de WordPress altamente eficiente, se ha creado meticulosamente para optimizar la carga de scripts y estilos, mejorando significativamente la velocidad y el rendimiento de su estimado sitio web. Esta notable herramienta le permite deshabilitar sin esfuerzo caracter\u00edsticas superfluas que potencialmente pueden obstaculizar la rapidez de su sitio, como emojis, dashicones e incrustaciones. Adem\u00e1s, Perfmatters le proporciona la invaluable capacidad de cargar selectivamente scripts y estilos, disminuyendo as\u00ed la cantidad de solicitudes HTTP y, en consecuencia, aumentar los tiempos de carga de sus p\u00e1ginas web. Es imperativo tener en cuenta que este complemento indispensable no solo tiene el potencial de reforzar las clasificaciones de su sitio web, sino tambi\u00e9n elevar en gran medida la experiencia del usuario, culminando en un aumento sustancial en las conversiones.<\/p>\n","protected":false},"featured_media":167202,"comment_status":"open","ping_status":"open","template":"","meta":[],"product_brand":[2526],"product_cat":[1206,1579,1211],"product_tag":[1348],"class_list":{"0":"post-121197","1":"product","2":"type-product","3":"status-publish","4":"has-post-thumbnail","6":"product_brand-pfermatters","7":"product_cat-plugins","8":"product_cat-rendimiento","9":"product_cat-wordpress-plugins","10":"product_tag-pfermatters","11":"member-discount","12":"discount-restricted","14":"first","15":"instock","16":"sale","17":"downloadable","18":"virtual","19":"sold-individually","20":"purchasable","21":"product-type-simple"},"_links":{"self":[{"href":"https:\/\/gpl-love.com\/es\/wp-json\/wp\/v2\/product\/121197","targetHints":{"allow":["GET"]}}],"collection":[{"href":"https:\/\/gpl-love.com\/es\/wp-json\/wp\/v2\/product"}],"about":[{"href":"https:\/\/gpl-love.com\/es\/wp-json\/wp\/v2\/types\/product"}],"replies":[{"embeddable":true,"href":"https:\/\/gpl-love.com\/es\/wp-json\/wp\/v2\/comments?post=121197"}],"wp:featuredmedia":[{"embeddable":true,"href":"https:\/\/gpl-love.com\/es\/wp-json\/wp\/v2\/media\/167202"}],"wp:attachment":[{"href":"https:\/\/gpl-love.com\/es\/wp-json\/wp\/v2\/media?parent=121197"}],"wp:term":[{"taxonomy":"product_brand","embeddable":true,"href":"https:\/\/gpl-love.com\/es\/wp-json\/wp\/v2\/product_brand?post=121197"},{"taxonomy":"product_cat","embeddable":true,"href":"https:\/\/gpl-love.com\/es\/wp-json\/wp\/v2\/product_cat?post=121197"},{"taxonomy":"product_tag","embeddable":true,"href":"https:\/\/gpl-love.com\/es\/wp-json\/wp\/v2\/product_tag?post=121197"}],"curies":[{"name":"wp","href":"https:\/\/api.w.org\/{rel}","templated":true}]}}