{"id":121195,"date":"2026-01-04T00:00:00","date_gmt":"2026-01-04T05:00:00","guid":{"rendered":"https:\/\/gpl-love.com\/es\/producto\/oxygen-the-ultimate-visual-website-builder\/"},"modified":"2026-04-10T11:20:38","modified_gmt":"2026-04-10T16:20:38","slug":"oxygen-the-ultimate-visual-website-builder","status":"publish","type":"product","link":"https:\/\/gpl-love.com\/es\/producto\/oxygen-the-ultimate-visual-website-builder\/","title":{"rendered":"Oxygen The Ultimate Visual Website Builder 4.9.5"},"content":{"rendered":"<h3>Oxygen The Ultimate Visual Website Builder Caracteristicas<\/h3>\n<p>Oxygen, aclamado como el mejor constructor de sitios web visuales, es un instrumento extremadamente potente que otorga a los usuarios la capacidad de fabricar sitios web impresionantes con una facilidad insondable. Su interfaz de arrastre y ca\u00edda incre\u00edblemente intuitiva faculta a los usuarios para dise\u00f1ar y adaptar meticulosamente cada faceta de su sitio, abarcando, pero no limitado al dise\u00f1o, esquema de color, tipograf\u00eda e im\u00e1genes. El ox\u00edgeno presenta generosamente una extensa variedad de plantillas y elementos de dise\u00f1o preexistentes, acelerando efectivamente el comienzo del proceso de construcci\u00f3n del sitio web, y su dise\u00f1o din\u00e1mico receptivo garantiza que los sitios resultantes irradienan la magnificencia en todos los dispositivos concebibles. Adem\u00e1s, el ox\u00edgeno exuda un aura de versatilidad, gracias a su c\u00f3digo inmaculado y la incorporaci\u00f3n de complementos altamente buscados como WooCommerce y Google Analytics, lo que lo convierte en una opci\u00f3n \u00f3ptima para empresas e individuos por igual. Ya sea que uno posee la experiencia refinada de un dise\u00f1ador web experimentado o se encuentre en las etapas nacientes de su viaje creativo, el ox\u00edgeno sigue siendo inquebrantable en su provisi\u00f3n de una plataforma f\u00e1cil de usar que garantiza la construcci\u00f3n expedita de sitios web de grado profesional.<\/p>\n<ul>\n<li>Oxygen es un poderoso constructor de sitios web que lo ayuda a crear sitios web impresionantes de manera r\u00e1pida y f\u00e1cil.<\/li>\n<li>Con Oxygen, puede dise\u00f1ar su sitio web visualmente y ver sus cambios en tiempo real, sin requerido ning\u00fan conocimiento de codificaci\u00f3n.<\/li>\n<li>Oxygen viene con una gama de plantillas y bloques predise\u00f1ados, por lo que puede comenzar con su sitio web de inmediato.<\/li>\n<li>Puede personalizar todos los aspectos de su sitio web utilizando el editor visual intuitivo de Oxygen, desde fuentes y colores hasta dise\u00f1o y navegaci\u00f3n.<\/li>\n<li>El ox\u00edgeno es amigable con SEO, por lo que su sitio web se ubicar\u00e1 bien en los motores de b\u00fasqueda y atraer\u00e1 a m\u00e1s visitantes.<\/li>\n<li>Con las caracter\u00edsticas avanzadas de Oxygen, como contenido din\u00e1mico e integraci\u00f3n con complementos populares de WordPress, puede crear un sitio web m\u00e1s atractivo e interactivo.<\/li>\n<li>El ox\u00edgeno es r\u00e1pido y liviano, por lo que su sitio web se cargar\u00e1 r\u00e1pidamente y proporcionar\u00e1 una gran experiencia de usuario para sus visitantes.<\/li>\n<li>Oxygen tambi\u00e9n ofrece un excelente soporte y un foro comunitario, por lo que puede obtener ayuda y asesoramiento de otros usuarios y expertos.<\/li>\n<\/ul>\n","protected":false},"excerpt":{"rendered":"<p>Input Oxygen es un constructor de sitios web revolucionario que brinda a las personas la capacidad de dise\u00f1ar sitios web visualmente llamativos y altamente profesionales en cuesti\u00f3n de minutos. A trav\u00e9s de su interfaz de arrastrar y soltar f\u00e1cilmente de usuario, una amplia gama de herramientas de dise\u00f1o y capacidades avanzadas de desarrollo web, el ox\u00edgeno de entrada simplifica el proceso de construcci\u00f3n de sitios web personalizados que combinan perfectamente la est\u00e9tica con la funcionalidad. Esta plataforma vers\u00e1til acomoda una amplia gama de proyectos web, desde blogs y carteras sin complicaciones hasta intrincados sitios de comercio electr\u00f3nico y mercados en l\u00ednea, otorgando as\u00ed a los usuarios la libertad y la autoridad para actualizar sus esfuerzos basados \u200b\u200ben la web. Independientemente de si uno posee una gran experiencia en el dise\u00f1o web o es un reci\u00e9n llegado al \u00e1mbito del desarrollo web, el ox\u00edgeno de entrada es la soluci\u00f3n \u00f3ptima para materializar el sitio web de las aspiraciones de uno.<\/p>\n","protected":false},"featured_media":167127,"comment_status":"open","ping_status":"open","template":"","meta":[],"product_brand":[2520],"product_cat":[1214,1206,1211],"product_tag":[1346],"class_list":{"0":"post-121195","1":"product","2":"type-product","3":"status-publish","4":"has-post-thumbnail","6":"product_brand-oxygen","7":"product_cat-personalizacion","8":"product_cat-plugins","9":"product_cat-wordpress-plugins","10":"product_tag-oxygen","11":"member-discount","12":"discount-restricted","14":"first","15":"instock","16":"sale","17":"downloadable","18":"virtual","19":"sold-individually","20":"purchasable","21":"product-type-simple"},"_links":{"self":[{"href":"https:\/\/gpl-love.com\/es\/wp-json\/wp\/v2\/product\/121195","targetHints":{"allow":["GET"]}}],"collection":[{"href":"https:\/\/gpl-love.com\/es\/wp-json\/wp\/v2\/product"}],"about":[{"href":"https:\/\/gpl-love.com\/es\/wp-json\/wp\/v2\/types\/product"}],"replies":[{"embeddable":true,"href":"https:\/\/gpl-love.com\/es\/wp-json\/wp\/v2\/comments?post=121195"}],"wp:featuredmedia":[{"embeddable":true,"href":"https:\/\/gpl-love.com\/es\/wp-json\/wp\/v2\/media\/167127"}],"wp:attachment":[{"href":"https:\/\/gpl-love.com\/es\/wp-json\/wp\/v2\/media?parent=121195"}],"wp:term":[{"taxonomy":"product_brand","embeddable":true,"href":"https:\/\/gpl-love.com\/es\/wp-json\/wp\/v2\/product_brand?post=121195"},{"taxonomy":"product_cat","embeddable":true,"href":"https:\/\/gpl-love.com\/es\/wp-json\/wp\/v2\/product_cat?post=121195"},{"taxonomy":"product_tag","embeddable":true,"href":"https:\/\/gpl-love.com\/es\/wp-json\/wp\/v2\/product_tag?post=121195"}],"curies":[{"name":"wp","href":"https:\/\/api.w.org\/{rel}","templated":true}]}}