{"id":121193,"date":"2023-06-01T00:00:00","date_gmt":"2023-06-01T05:00:00","guid":{"rendered":"https:\/\/gpl-love.com\/es\/producto\/organiz-an-organic-store-woocommerce-theme\/"},"modified":"2026-04-10T11:20:28","modified_gmt":"2026-04-10T16:20:28","slug":"organiz-an-organic-store-woocommerce-theme","status":"publish","type":"product","link":"https:\/\/gpl-love.com\/es\/producto\/organiz-an-organic-store-woocommerce-theme\/","title":{"rendered":"Organiz An Organic Store WooCommerce Theme 2.5"},"content":{"rendered":"<h3>Organiz An Organic Store WooCommerce Theme Caracteristicas<\/h3>\n<p>La organizaci\u00f3n, un tema de WooCommerce meticulosamente elaborado dise\u00f1ado espec\u00edficamente para tiendas org\u00e1nicas, exuda un dise\u00f1o impresionante. Su dise\u00f1o inmaculado y contempor\u00e1neo ofrece una extravagancia de compras incomparable que sin duda cautivar\u00e1 y satisfar\u00e1 a sus estimados clientes. Este espl\u00e9ndido tema otorga navegaci\u00f3n sin esfuerzo y una navegaci\u00f3n perfecta de productos, lo que lo hace notablemente conveniente que los clientes localen sus art\u00edculos deseados. Adem\u00e1s, su capacidad de respuesta inigualable garantiza una presentaci\u00f3n exquisita de su tienda en todos los dispositivos, ya sea el escritorio majestuoso o el m\u00f3vil ubicuo. Adem\u00e1s, este tema extraordinario llega destrozado con una extensa variedad de atributos personalizables que abarcan fuentes, colores y dise\u00f1os, por lo tanto, facilitan la creaci\u00f3n de una personalidad en l\u00ednea extraordinaria y distintiva para su preciado establecimiento. Adem\u00e1s, su notable integraci\u00f3n con WooCommerce dota a su emporio digital funcionalidades suplementarias como listados de productos, mecanismos de env\u00edo y opciones de pago, elevando as\u00ed su experiencia minorista en l\u00ednea a un cenit sin precedentes. Con la ayuda de la organizaci\u00f3n, tiene la oportunidad incomparable de mostrar su extenso repertorio de productos y servicios org\u00e1nicos de la manera m\u00e1s espl\u00e9ndida y cautivadora imaginable, embarcando sin esfuerzo en el emocionante viaje del comercio en l\u00ednea.<\/p>\n<ul>\n<li>Un tema hermoso y moderno dise\u00f1ado espec\u00edficamente para tiendas org\u00e1nicas que usan WooCommerce<\/li>\n<li>Dise\u00f1o totalmente receptivo que se ve muy bien en todos los dispositivos, incluidos los dispositivos m\u00f3viles y la tableta.<\/li>\n<li>M\u00faltiples dise\u00f1os de p\u00e1gina de inicio para elegir, incluido un control deslizante de ancho completo y una opci\u00f3n de fondo de video<\/li>\n<li>Esquema de color personalizable y opciones de fuentes para que coincidan con su marca y creen una apariencia constante en todo su sitio<\/li>\n<li>Integrado con WooCommerce para un f\u00e1cil procesamiento de compras en l\u00ednea y pagos<\/li>\n<li>Filtros de productos incorporados para ayudar a los clientes a encontrar lo que necesitan de manera r\u00e1pida y f\u00e1cil<\/li>\n<li>Soporte completo para la integraci\u00f3n de las redes sociales, incluidos los enlaces a todos sus perfiles sociales y botones para compartir para sus productos y publicaciones de blog<\/li>\n<li>Incluye una variedad de p\u00e1ginas predise\u00f1adas, que incluyen un blog, p\u00e1gina de contacto y p\u00e1gina de preguntas frecuentes, para que pueda obtener su sitio en funcionamiento r\u00e1pido<\/li>\n<li>Viene con documentaci\u00f3n integral y apoyo dedicado para ayudarlo a aprovechar al m\u00e1ximo su tema y maximizar su presencia en l\u00ednea.<\/li>\n<\/ul>\n","protected":false},"excerpt":{"rendered":"<p>La organizaci\u00f3n, un tema de WooCommerce de moda y moderno, ha sido meticulosamente elaborada para satisfacer las necesidades de las tiendas org\u00e1nicas. Este tema altamente adaptable y receptivo abarca una mir\u00edada de funcionalidades precargadas, como una p\u00e1gina de inicio completamente personalizable, un control deslizante de productos atractivo y un carrusel de producto atractivo. Al integrar a la perfecci\u00f3n estas caracter\u00edsticas, la organizaci\u00f3n faculta sin esfuerzo a los usuarios establecer una tienda en l\u00ednea visualmente cautivadora para productos org\u00e1nicos, facilitando as\u00ed una experiencia de compra sin problemas repleta de un carrito de compras f\u00e1cil de usar y un proceso de pago eficiente. Con su proceso de instalaci\u00f3n sin problemas, la interfaz intuitiva de usuario y una variedad de caracter\u00edsticas robustas, la organizaci\u00f3n indudablemente emerge como la mejor opci\u00f3n para cualquier tienda org\u00e1nica que aspira a expandir sus horizontes al reino del comercio electr\u00f3nico.<\/p>\n","protected":false},"featured_media":167113,"comment_status":"open","ping_status":"open","template":"","meta":[],"product_brand":[2337],"product_cat":[1646,1237,1238],"product_tag":[1391],"class_list":{"0":"post-121193","1":"product","2":"type-product","3":"status-publish","4":"has-post-thumbnail","6":"product_brand-themeforest","7":"product_cat-alimentacion-y-restaurante","8":"product_cat-temas","9":"product_cat-wordpress-temas","10":"product_tag-themeforest","11":"member-discount","12":"discount-restricted","14":"first","15":"instock","16":"sale","17":"downloadable","18":"virtual","19":"sold-individually","20":"purchasable","21":"product-type-simple"},"_links":{"self":[{"href":"https:\/\/gpl-love.com\/es\/wp-json\/wp\/v2\/product\/121193","targetHints":{"allow":["GET"]}}],"collection":[{"href":"https:\/\/gpl-love.com\/es\/wp-json\/wp\/v2\/product"}],"about":[{"href":"https:\/\/gpl-love.com\/es\/wp-json\/wp\/v2\/types\/product"}],"replies":[{"embeddable":true,"href":"https:\/\/gpl-love.com\/es\/wp-json\/wp\/v2\/comments?post=121193"}],"wp:featuredmedia":[{"embeddable":true,"href":"https:\/\/gpl-love.com\/es\/wp-json\/wp\/v2\/media\/167113"}],"wp:attachment":[{"href":"https:\/\/gpl-love.com\/es\/wp-json\/wp\/v2\/media?parent=121193"}],"wp:term":[{"taxonomy":"product_brand","embeddable":true,"href":"https:\/\/gpl-love.com\/es\/wp-json\/wp\/v2\/product_brand?post=121193"},{"taxonomy":"product_cat","embeddable":true,"href":"https:\/\/gpl-love.com\/es\/wp-json\/wp\/v2\/product_cat?post=121193"},{"taxonomy":"product_tag","embeddable":true,"href":"https:\/\/gpl-love.com\/es\/wp-json\/wp\/v2\/product_tag?post=121193"}],"curies":[{"name":"wp","href":"https:\/\/api.w.org\/{rel}","templated":true}]}}