{"id":121191,"date":"2021-03-11T00:00:00","date_gmt":"2021-03-11T05:00:00","guid":{"rendered":"https:\/\/gpl-love.com\/es\/producto\/optimizer-pro-flexible-wordpress-theme\/"},"modified":"2026-03-13T17:27:01","modified_gmt":"2026-03-13T22:27:01","slug":"optimizer-pro-flexible-wordpress-theme","status":"publish","type":"product","link":"https:\/\/gpl-love.com\/es\/producto\/optimizer-pro-flexible-wordpress-theme\/","title":{"rendered":"Optimizer Pro Flexible WordPress Theme 0.8.0"},"content":{"rendered":"<h3>Optimizer Pro Flexible WordPress Theme Caracteristicas<\/h3>\n<p>El tema Optimizer Pro Flexible WordPress, conocido por su notable funcionalidad, sirve como una herramienta invaluable para construir sitios web a medida que se adapten a los requisitos distintivos de empresas o individuos. Este extraordinario tema cuenta con una extensa gama de opciones de personalizaci\u00f3n, otorga a los usuarios la capacidad de dise\u00f1ar un sitio web que se alinee perfectamente con su marca y estilo personal. Por medio de su constructor de p\u00e1ginas f\u00e1cil de usar, las personas pueden maniobrar sin esfuerzo y posicionar varios elementos, generando as\u00ed un sitio web din\u00e1mico y cautivador que est\u00e1 optimizado para una velocidad y rendimiento excepcionales. Adem\u00e1s de estas caracter\u00edsticas excepcionales, el tema Flexible WordPress de Optimizer Pro abarca un conjunto integral de complementos y funcionalidades, que abarca herramientas de optimizaci\u00f3n de SEO, capacidades de comercio electr\u00f3nico sin problemas e integraci\u00f3n perfecta con plataformas de redes sociales. Independientemente de si se est\u00e1 embarcando en la construcci\u00f3n de un sitio web comercial modesto o una plataforma multifac\u00e9tica de comercio electr\u00f3nico, el tema de WordPress flexible Optimizer Pro reina como la soluci\u00f3n por excelencia para elaborar un sitio web est\u00e9ticamente agradable y funcionalmente superior que seguramente cautivar\u00e1 e impresionar\u00e1 su visitantes.<\/p>\n<ul>\n<li>Tema de WordPress totalmente personalizable dise\u00f1ado espec\u00edficamente para un rendimiento \u00f3ptimo<\/li>\n<li>Opciones de color ilimitadas y dise\u00f1os de p\u00e1gina personalizables<\/li>\n<li>Compatible con complementos populares de WordPress que incluyen WooCommerce, Contact Form 7 y m\u00e1s<\/li>\n<li>Caracter\u00edsticas de optimizaci\u00f3n de SEO incorporadas para una mejor clasificaci\u00f3n de motores de b\u00fasqueda<\/li>\n<li>Dise\u00f1o de respuesta m\u00f3vil para una visualizaci\u00f3n sin problemas en cualquier dispositivo<\/li>\n<li>Panel de opciones de temas avanzados para una f\u00e1cil personalizaci\u00f3n<\/li>\n<li>Importar contenido de demostraci\u00f3n de un solo clic para una configuraci\u00f3n r\u00e1pida y f\u00e1cil<\/li>\n<li>Actualizaciones de temas regulares para soporte continuo y nuevas caracter\u00edsticas<\/li>\n<li>Equipo de atenci\u00f3n al cliente r\u00e1pido y confiable<\/li>\n<li>Documentaci\u00f3n extensa y tutoriales en video para una f\u00e1cil implementaci\u00f3n<\/li>\n<\/ul>\n","protected":false},"excerpt":{"rendered":"<p>Desbloquee su creatividad y muestre su profesionalismo sin esfuerzo con el exquisito tema Flexible WordPress Optimizer Pro. Independientemente de si tiene como objetivo seleccionar un blog personal encantador o embarcarse en el emocionante viaje de establecer una tienda en l\u00ednea, este notable tema presenta una variedad de opciones hechas a medida para satisfacer todos sus caprichos y requisitos. Sum\u00e9rjase en la experiencia perfecta proporcionada por el dise\u00f1o receptivo y la optimizaci\u00f3n \u00f3ptima de SEO, asegurando que su sitio web exude brillante y capta la atenci\u00f3n en todos los dispositivos mientras asciende las filas de los resultados del motor de b\u00fasqueda. Adem\u00e1s, deleitue la interfaz f\u00e1cil de usar y adopte la pura simplicidad que le otorg\u00f3 el ingenioso editor de arrastre y ca\u00edda incorporado, permitiendo que incluso aquellos desprovistos de conocimientos de codificaci\u00f3n creen un sitio web impresionante. Eleve su presencia en l\u00ednea a alturas sin precedentes adoptando el potencial incomparable del tema optimizador de WordPress Flexible.<\/p>\n","protected":false},"featured_media":167110,"comment_status":"open","ping_status":"open","template":"","meta":[],"product_brand":[2515],"product_cat":[1239,1237,1238],"product_tag":[1344],"class_list":{"0":"post-121191","1":"product","2":"type-product","3":"status-publish","4":"has-post-thumbnail","6":"product_brand-optimizer-wp","7":"product_cat-de-multiples-fines","8":"product_cat-temas","9":"product_cat-wordpress-temas","10":"product_tag-optimizer-wp","11":"member-discount","12":"discount-restricted","14":"first","15":"instock","16":"sale","17":"downloadable","18":"virtual","19":"sold-individually","20":"purchasable","21":"product-type-simple"},"_links":{"self":[{"href":"https:\/\/gpl-love.com\/es\/wp-json\/wp\/v2\/product\/121191","targetHints":{"allow":["GET"]}}],"collection":[{"href":"https:\/\/gpl-love.com\/es\/wp-json\/wp\/v2\/product"}],"about":[{"href":"https:\/\/gpl-love.com\/es\/wp-json\/wp\/v2\/types\/product"}],"replies":[{"embeddable":true,"href":"https:\/\/gpl-love.com\/es\/wp-json\/wp\/v2\/comments?post=121191"}],"wp:featuredmedia":[{"embeddable":true,"href":"https:\/\/gpl-love.com\/es\/wp-json\/wp\/v2\/media\/167110"}],"wp:attachment":[{"href":"https:\/\/gpl-love.com\/es\/wp-json\/wp\/v2\/media?parent=121191"}],"wp:term":[{"taxonomy":"product_brand","embeddable":true,"href":"https:\/\/gpl-love.com\/es\/wp-json\/wp\/v2\/product_brand?post=121191"},{"taxonomy":"product_cat","embeddable":true,"href":"https:\/\/gpl-love.com\/es\/wp-json\/wp\/v2\/product_cat?post=121191"},{"taxonomy":"product_tag","embeddable":true,"href":"https:\/\/gpl-love.com\/es\/wp-json\/wp\/v2\/product_tag?post=121191"}],"curies":[{"name":"wp","href":"https:\/\/api.w.org\/{rel}","templated":true}]}}