{"id":121189,"date":"2026-03-13T00:00:00","date_gmt":"2026-03-13T05:00:00","guid":{"rendered":"https:\/\/gpl-love.com\/es\/producto\/openpos-woocommerce-point-of-sale-pos\/"},"modified":"2026-04-10T11:20:23","modified_gmt":"2026-04-10T16:20:23","slug":"openpos-woocommerce-point-of-sale-pos","status":"publish","type":"product","link":"https:\/\/gpl-love.com\/es\/producto\/openpos-woocommerce-point-of-sale-pos\/","title":{"rendered":"Openpos WooCommerce Point Of Sale POS 8.3.0"},"content":{"rendered":"<h3>Openpos WooCommerce Point Of Sale POS Caracteristicas<\/h3>\n<p>OpenPOS es un complemento excepcional de WooCommerce Point of Sale (POS) que se integra perfectamente con su tienda en l\u00ednea, lo que le permite administrar sin esfuerzo su inventario, clientes y ventas desde una sola plataforma. Al aprovechar el poder de OpenPos, tiene la notable capacidad de transformar su tienda f\u00edsica en un centro digital, lo que le permite racionalizar sus operaciones comerciales y ofrecer una experiencia de compra sin problemas a sus estimados clientes.<\/p>\n<p>Este incre\u00edble complemento le proporciona una interfaz f\u00e1cil de usar que no solo simplifica el sistema POS para usted sino tambi\u00e9n para sus clientes. Adem\u00e1s, admite m\u00faltiples m\u00e9todos de pago y es totalmente compatible con una amplia gama de dispositivos, incluidos esc\u00e1neres de c\u00f3digos de barras, cajones de efectivo e impresoras de recibos. Como resultado, puede optimizar su proceso de pago y garantizar transacciones suaves y eficientes.<\/p>\n<p>Adem\u00e1s, OpenPos le permite personalizar su proceso de pago de acuerdo con sus requisitos espec\u00edficos, lo que le permite crear una experiencia de compra perfecta y personalizada para sus clientes. Adem\u00e1s, este complemento le permite generar informes detallados que proporcionan informaci\u00f3n valiosa sobre el rendimiento de su negocio, lo que le permite tomar decisiones informadas y impulsar el crecimiento.<\/p>\n<p>Adem\u00e1s, con OpenPos, tiene el privilegio de crear perfiles de clientes, que se pueden utilizar para campa\u00f1as de marketing espec\u00edficas. Al comprender las preferencias y los h\u00e1bitos de compra de sus clientes, puede adaptar efectivamente sus estrategias y promociones de marketing para satisfacer sus necesidades, mejorando as\u00ed la satisfacci\u00f3n y la lealtad del cliente.<\/p>\n<p>En conclusi\u00f3n, OpenPOS es una herramienta esencial para cualquier negocio que busque optimizar sus operaciones y proporcionar una experiencia de compra excepcional. Con su integraci\u00f3n perfecta, interfaz f\u00e1cil de usar, soporte para m\u00faltiples m\u00e9todos de pago y compatibilidad con varios dispositivos, este complemento le permite administrar efectivamente su inventario, clientes y ventas. Al aprovechar el poder de OpenPos, puede optimizar sus operaciones comerciales, generar ideas valiosas y crear campa\u00f1as de marketing personalizadas, lo que finalmente impulsa el crecimiento y el \u00e9xito.<\/p>\n<ul>\n<li>OpenPos es un punto de venta poderoso e intuitivo para su tienda de WooCommerce.<\/li>\n<li>Organice sus ventas con facilidad: OpenPos lo ayuda a administrar inventario, descuentos, tasas impositivas, m\u00e9todos de pago y m\u00e1s.<\/li>\n<li>Diga adi\u00f3s a la entrada de pedido manual: OpenPos automatiza el proceso de pago, reduciendo el riesgo de error humano y liberando su tiempo para otras tareas.<\/li>\n<li>Obtenga datos en tiempo real en sus ventas: OpenPos le permite rastrear los ingresos y ver qu\u00e9 productos se est\u00e1n vendiendo bien, para que pueda optimizar su estrategia comercial.<\/li>\n<li>Mejore la experiencia de pago: OpenPos le permite aceptar una variedad de m\u00e9todos de pago, incluidas tarjetas de cr\u00e9dito, efectivo y billeteras electr\u00f3nicas, e incluso puede manejar pagos y reembolsos divididos.<\/li>\n<li>Personalice su sistema: OpenPOS ofrece una amplia gama de configuraciones y complementos para adaptar el sistema a sus necesidades comerciales.<\/li>\n<li>Simplifique su flujo de trabajo: OpenPos es f\u00e1cil de configurar y usar, para que pueda ponerse en funcionamiento r\u00e1pida y sin problemas.<\/li>\n<li>Proporcionar servicio al cliente de calidad: OpenPos le permite administrar pedidos y clientes de manera efectiva, e incluso generar recibos personalizados para agregar un toque personal.<\/li>\n<\/ul>\n","protected":false},"excerpt":{"rendered":"<p>OpenPos, el sistema de punto de venta robusto y f\u00e1cil de usar (POS), ha sido meticulosamente elaborado para satisfacer las necesidades \u00fanicas de WooCommerce. Con una interfaz intuitiva y una variedad de funcionalidades de vanguardia, esta herramienta excepcional le permite supervisar sin esfuerzo el inventario de su tienda, cumplir sin esfuerzo y procesar los pagos sin problemas, independientemente de si realiza su negocio en l\u00ednea o en una tienda f\u00edsica. OpenPOS no solo ofrece plantillas de recibo personalizables y variaciones de productos, sino que tambi\u00e9n proporciona un tablero f\u00e1cil de usar que simplifica la tarea de monitorear datos y an\u00e1lisis de ventas. Vuelva a despedirme de los sistemas de POS enrevesados \u200b\u200by adoptar la eficiencia y confiabilidad de OpenPos, la soluci\u00f3n definitiva que satisface todas sus necesidades.<\/p>\n","protected":false},"featured_media":167106,"comment_status":"open","ping_status":"open","template":"","meta":[],"product_brand":[2339],"product_cat":[1207,1248,1206],"product_tag":[1256],"class_list":{"0":"post-121189","1":"product","2":"type-product","3":"status-publish","4":"has-post-thumbnail","6":"product_brand-codecanyon","7":"product_cat-comercio-electronico-plugins","8":"product_cat-personalizacion-comercio-electronico-plugins","9":"product_cat-plugins","10":"product_tag-codecanyon","11":"member-discount","12":"discount-restricted","14":"first","15":"instock","16":"sale","17":"downloadable","18":"virtual","19":"sold-individually","20":"purchasable","21":"product-type-simple"},"_links":{"self":[{"href":"https:\/\/gpl-love.com\/es\/wp-json\/wp\/v2\/product\/121189","targetHints":{"allow":["GET"]}}],"collection":[{"href":"https:\/\/gpl-love.com\/es\/wp-json\/wp\/v2\/product"}],"about":[{"href":"https:\/\/gpl-love.com\/es\/wp-json\/wp\/v2\/types\/product"}],"replies":[{"embeddable":true,"href":"https:\/\/gpl-love.com\/es\/wp-json\/wp\/v2\/comments?post=121189"}],"wp:featuredmedia":[{"embeddable":true,"href":"https:\/\/gpl-love.com\/es\/wp-json\/wp\/v2\/media\/167106"}],"wp:attachment":[{"href":"https:\/\/gpl-love.com\/es\/wp-json\/wp\/v2\/media?parent=121189"}],"wp:term":[{"taxonomy":"product_brand","embeddable":true,"href":"https:\/\/gpl-love.com\/es\/wp-json\/wp\/v2\/product_brand?post=121189"},{"taxonomy":"product_cat","embeddable":true,"href":"https:\/\/gpl-love.com\/es\/wp-json\/wp\/v2\/product_cat?post=121189"},{"taxonomy":"product_tag","embeddable":true,"href":"https:\/\/gpl-love.com\/es\/wp-json\/wp\/v2\/product_tag?post=121189"}],"curies":[{"name":"wp","href":"https:\/\/api.w.org\/{rel}","templated":true}]}}