{"id":121187,"date":"2025-11-14T00:00:00","date_gmt":"2025-11-14T05:00:00","guid":{"rendered":"https:\/\/gpl-love.com\/es\/producto\/onum-seo-y-marketing-elementor-wordpress-theme\/"},"modified":"2026-04-05T05:15:44","modified_gmt":"2026-04-05T10:15:44","slug":"onum-seo-y-marketing-elementor-wordpress-theme","status":"publish","type":"product","link":"https:\/\/gpl-love.com\/es\/producto\/onum-seo-y-marketing-elementor-wordpress-theme\/","title":{"rendered":"Onum SEO y Marketing Elementor WordPress Theme 1.2.16.18"},"content":{"rendered":"<h3>Onum SEO y Marketing Elementor WordPress Theme Caracteristicas<\/h3>\n<p>El tema de Wordpress de WordPress de Onum SEO y Marketing, una herramienta robusta y flexible, ha sido dise\u00f1ado por el beneficio de los vendedores digitales, especialistas en SEO y empresarios en l\u00ednea por igual. Su interfaz no solo es intuitiva sino tambi\u00e9n f\u00e1cil de usar, lo que permite a los usuarios dise\u00f1ar sitios web exquisitos sin esfuerzo que no solo est\u00e1n optimizados para los motores de b\u00fasqueda, sino que tambi\u00e9n se adaptan a la generaci\u00f3n de conversiones. Onum cuenta con una variedad de caracter\u00edsticas avanzadas, como widgets personalizados, plantillas preconstruidas e integraci\u00f3n perfecta con complementos muy buscados como Yoast SEO y WooCommerce. Adem\u00e1s, ofrece una amplia gama de dise\u00f1os de demostraci\u00f3n, que sirve como un recurso valioso para ayudar a los usuarios a embarcarse en su viaje en l\u00ednea con facilidad y eficiencia. Independientemente de si est\u00e1 construyendo un blog personal o un sitio web de negocios profesionales, Onum proporciona todas las herramientas y recursos necesarios para garantizar su \u00e9xito en l\u00ednea.<\/p>\n<ul>\n<li>Dise\u00f1o personalizable y amigable con SEO<\/li>\n<li>Herramientas de marketing incorporadas<\/li>\n<li>Importaci\u00f3n de demostraci\u00f3n de un solo clic<\/li>\n<li>Builder de la p\u00e1gina de arrastrar y soltar<\/li>\n<li>Dise\u00f1o receptivo para dispositivos m\u00f3viles<\/li>\n<li>Integraci\u00f3n de comercio electr\u00f3nico<\/li>\n<li>Gran biblioteca de widgets y m\u00f3dulos<\/li>\n<li>Velocidad de carga r\u00e1pida<\/li>\n<li>Documentaci\u00f3n y apoyo extenso<\/li>\n<li>Actualizaciones y mejoras regulares<\/li>\n<\/ul>\n","protected":false},"excerpt":{"rendered":"<p>El tema de WordPress de WordPress de Onum SEO y Marketing es un tema incre\u00edblemente potente y rico en funciones que ha sido elaborado por expertos para las empresas que buscan mejorar su visibilidad en l\u00ednea mediante estrategias de marketing y SEO altamente efectivas. Con un dise\u00f1o elegante y contempor\u00e1neo, este tema proporciona una amplia gama de opciones de personalizaci\u00f3n, lo que le permite dise\u00f1ar un sitio web distintivo y cautivador que encarna sin problemas su identidad de marca. Junto con sus funcionalidades de SEO avanzadas, el tema se integra armoniosamente con Elementor, un complemento de constructor de p\u00e1ginas ampliamente aclamado que facilita la creaci\u00f3n perfecta de p\u00e1ginas asombrosamente hermosas en cuesti\u00f3n de minutos. Independientemente de si usted es un negocio a peque\u00f1a escala o una empresa a gran escala, el tema Onum representa la soluci\u00f3n \u00f3ptima para amplificar su presencia en l\u00ednea y aumentar su capacidad para generar una gran cantidad de clientes potenciales e ingresos.<\/p>\n","protected":false},"featured_media":167105,"comment_status":"open","ping_status":"open","template":"","meta":[],"product_brand":[2337],"product_cat":[1307,1237,1238],"product_tag":[1391],"class_list":{"0":"post-121187","1":"product","2":"type-product","3":"status-publish","4":"has-post-thumbnail","6":"product_brand-themeforest","7":"product_cat-negocio-wordpress-temas","8":"product_cat-temas","9":"product_cat-wordpress-temas","10":"product_tag-themeforest","11":"member-discount","12":"discount-restricted","14":"first","15":"instock","16":"sale","17":"downloadable","18":"virtual","19":"sold-individually","20":"purchasable","21":"product-type-simple"},"_links":{"self":[{"href":"https:\/\/gpl-love.com\/es\/wp-json\/wp\/v2\/product\/121187","targetHints":{"allow":["GET"]}}],"collection":[{"href":"https:\/\/gpl-love.com\/es\/wp-json\/wp\/v2\/product"}],"about":[{"href":"https:\/\/gpl-love.com\/es\/wp-json\/wp\/v2\/types\/product"}],"replies":[{"embeddable":true,"href":"https:\/\/gpl-love.com\/es\/wp-json\/wp\/v2\/comments?post=121187"}],"wp:featuredmedia":[{"embeddable":true,"href":"https:\/\/gpl-love.com\/es\/wp-json\/wp\/v2\/media\/167105"}],"wp:attachment":[{"href":"https:\/\/gpl-love.com\/es\/wp-json\/wp\/v2\/media?parent=121187"}],"wp:term":[{"taxonomy":"product_brand","embeddable":true,"href":"https:\/\/gpl-love.com\/es\/wp-json\/wp\/v2\/product_brand?post=121187"},{"taxonomy":"product_cat","embeddable":true,"href":"https:\/\/gpl-love.com\/es\/wp-json\/wp\/v2\/product_cat?post=121187"},{"taxonomy":"product_tag","embeddable":true,"href":"https:\/\/gpl-love.com\/es\/wp-json\/wp\/v2\/product_tag?post=121187"}],"curies":[{"name":"wp","href":"https:\/\/api.w.org\/{rel}","templated":true}]}}