{"id":121185,"date":"2025-03-25T00:00:00","date_gmt":"2025-03-25T05:00:00","guid":{"rendered":"https:\/\/gpl-love.com\/es\/producto\/olam-wordpress-easy-digital-downloads-theme-digital-marketplace-bookings\/"},"modified":"2026-04-10T11:20:16","modified_gmt":"2026-04-10T16:20:16","slug":"olam-wordpress-easy-digital-downloads-theme-digital-marketplace-bookings","status":"publish","type":"product","link":"https:\/\/gpl-love.com\/es\/producto\/olam-wordpress-easy-digital-downloads-theme-digital-marketplace-bookings\/","title":{"rendered":"Olam WordPress Easy Digital Downloads Theme, Digital Marketplace, Bookings 5.3.1"},"content":{"rendered":"<h3>Olam WordPress Easy Digital Downloads Theme, Digital Marketplace, Bookings Caracteristicas<\/h3>\n<p>El tema Olam WordPress Easy Digital Descargas se presenta como una herramienta integral y vers\u00e1til que es particularmente adecuada para las personas que buscan establecer un floreciente mercado digital en l\u00ednea. Al utilizar este tema, los usuarios tienen la oportunidad de establecer sin esfuerzo una plataforma que facilite la venta de una amplia gama de productos digitales, que abarcan libros electr\u00f3nicos, software, m\u00fasica y una variedad de otras ofertas. Adem\u00e1s, adem\u00e1s de su funcionalidad central, este tema tambi\u00e9n incorpora una funci\u00f3n de reservas, lo que permite a los usuarios acomodar f\u00e1cilmente las reservas en l\u00ednea para una gran cantidad de fines, que abarcan citas, alquileres y eventos. Mostrando una interfaz intuitivamente navegable, los usuarios pueden adaptar f\u00e1cilmente su sitio web para alinearse con sus especificaciones \u00fanicas al tiempo que capitalizan simult\u00e1neamente el conjunto expansivo de caracter\u00edsticas que el tema OLAM tiene para ofrecer. Independientemente de si uno se identifica como blogger o emprendedor, el tema Olam WordPress Easy Digital Descargas surge como una soluci\u00f3n ejemplar para las personas que buscan cultivar una empresa en l\u00ednea floreciente.<\/p>\n<ul>\n<li>Tema de WordPress f\u00e1cil de usar dise\u00f1ado para mercados digitales y reservas<\/li>\n<li>Admite un complemento de descargas digitales f\u00e1ciles para transacciones digitales simples y seguras<\/li>\n<li>Opciones de dise\u00f1o flexibles para personalizar el aspecto de su sitio web<\/li>\n<li>M\u00faltiples dise\u00f1os de p\u00e1gina de inicio para exhibir productos y servicios<\/li>\n<li>Compatible con los principales navegadores y dispositivos m\u00f3viles para una experiencia de usuario perfecta<\/li>\n<li>Potente herramienta de b\u00fasqueda para encontrar productos o servicios espec\u00edficos<\/li>\n<li>F\u00e1cil integraci\u00f3n con pasarelas de pago populares para transacciones sin problemas<\/li>\n<li>Caracter\u00edsticas adicionales para la gesti\u00f3n de reservas, incluida la vista del calendario y la programaci\u00f3n de citas<\/li>\n<li>Sistema de revisi\u00f3n incorporado para que los clientes compartan sus comentarios y calificaciones<\/li>\n<li>Documentaci\u00f3n y soporte integral para una f\u00e1cil configuraci\u00f3n y personalizaci\u00f3n.<\/li>\n<\/ul>\n","protected":false},"excerpt":{"rendered":"<p>El tema OLAM WordPress se presenta como la resoluci\u00f3n por excelencia para las personas que anhelan establecer un mercado digital sin problemas. Cuenta con un dise\u00f1o elegantemente simplificado junto con una interfaz intuitiva que permite la creaci\u00f3n de una experiencia sin problemas para su estimada clientela a medida que examinan y adquieren su variedad de productos meticulosamente seleccionados. Adem\u00e1s, su notable funcionalidad de reserva incorporada le permite administrar sin esfuerzo citas y reservas para la multitud de servicios que ofrece. En esencia, este tema excepcional personifica el instrumento Paramount para aquellos que desean impulsar su empresa digital a alturas incomparables.<\/p>\n","protected":false},"featured_media":167095,"comment_status":"open","ping_status":"open","template":"","meta":[],"product_brand":[2337],"product_cat":[1307,1237,1238],"product_tag":[1391],"class_list":{"0":"post-121185","1":"product","2":"type-product","3":"status-publish","4":"has-post-thumbnail","6":"product_brand-themeforest","7":"product_cat-negocio-wordpress-temas","8":"product_cat-temas","9":"product_cat-wordpress-temas","10":"product_tag-themeforest","11":"member-discount","12":"discount-restricted","14":"first","15":"instock","16":"sale","17":"downloadable","18":"virtual","19":"sold-individually","20":"purchasable","21":"product-type-simple"},"_links":{"self":[{"href":"https:\/\/gpl-love.com\/es\/wp-json\/wp\/v2\/product\/121185","targetHints":{"allow":["GET"]}}],"collection":[{"href":"https:\/\/gpl-love.com\/es\/wp-json\/wp\/v2\/product"}],"about":[{"href":"https:\/\/gpl-love.com\/es\/wp-json\/wp\/v2\/types\/product"}],"replies":[{"embeddable":true,"href":"https:\/\/gpl-love.com\/es\/wp-json\/wp\/v2\/comments?post=121185"}],"wp:featuredmedia":[{"embeddable":true,"href":"https:\/\/gpl-love.com\/es\/wp-json\/wp\/v2\/media\/167095"}],"wp:attachment":[{"href":"https:\/\/gpl-love.com\/es\/wp-json\/wp\/v2\/media?parent=121185"}],"wp:term":[{"taxonomy":"product_brand","embeddable":true,"href":"https:\/\/gpl-love.com\/es\/wp-json\/wp\/v2\/product_brand?post=121185"},{"taxonomy":"product_cat","embeddable":true,"href":"https:\/\/gpl-love.com\/es\/wp-json\/wp\/v2\/product_cat?post=121185"},{"taxonomy":"product_tag","embeddable":true,"href":"https:\/\/gpl-love.com\/es\/wp-json\/wp\/v2\/product_tag?post=121185"}],"curies":[{"name":"wp","href":"https:\/\/api.w.org\/{rel}","templated":true}]}}