{"id":121183,"date":"2025-05-21T00:00:00","date_gmt":"2025-05-21T05:00:00","guid":{"rendered":"https:\/\/gpl-love.com\/es\/producto\/oceanwp-woo-popup\/"},"modified":"2026-04-10T11:20:13","modified_gmt":"2026-04-10T16:20:13","slug":"oceanwp-woo-popup","status":"publish","type":"product","link":"https:\/\/gpl-love.com\/es\/producto\/oceanwp-woo-popup\/","title":{"rendered":"OceanWP Woo Popup 2.1.1"},"content":{"rendered":"<h3>OceanWP Woo Popup Caracteristicas<\/h3>\n<p>OceanWP Woo PopUp es una herramienta extremadamente robusta y potente dise\u00f1ada expertos para satisfacer exclusivamente las necesidades de las tiendas en l\u00ednea que se basan en la plataforma WooCommerce. Este complemento integra efectivamente una funci\u00f3n emergente altamente personalizable en su tienda, lo que le permite aumentar significativamente sus tasas de conversi\u00f3n al mostrar sin esfuerzo una gran cantidad de atractivas ofertas, promociones y descuentos a sus valiosos clientes. A trav\u00e9s de su interfaz notablemente f\u00e1cil de usar y su configuraci\u00f3n perfectamente navegable, tiene la capacidad sin precedentes de crear meticulosamente y de moda art\u00edsticamente emergentes que se combinan armoniosamente con la est\u00e9tica \u00fanica y el ambiente general de su tienda. Adem\u00e1s, posee la libertad de determinar meticulosamente el tiempo ideal y la colocaci\u00f3n estrat\u00e9gica para la exhibici\u00f3n de estas ventanas emergentes cautivadoras, apuntar efectivamente a las cohortes distintas de clientes o grupos de visitantes, y monitorear diligentemente la eficacia cuantificable y el rendimiento tangible de sus campa\u00f1as meticulosamente dise\u00f1adas a trav\u00e9s del empleo a trav\u00e9s del empleo a trav\u00e9s del empleo. de datos estad\u00edsticos en tiempo real. En esencia, OceanWP Woo emerge, sin duda, emerge como un complemento indispensable e indudablemente requerido para cualquier individuo astuto y exigente que sea el orgulloso propietario de una floreciente tienda de WooCommerce, ya que le impulsa inequ\u00edvocamente a fomentar y proteger sustancialmente el luctratividad de sus ventas, mientras Simult\u00e1neamente, elevando y enriqueciendo la experiencia general de compra de su estimada clientela.<\/p>\n<ul>\n<li>Un complemento para sitios web de WordPress y WooCommerce que muestra una ventana emergente personalizable<\/li>\n<li>La ventana emergente puede aparecer despu\u00e9s de una cierta cantidad de tiempo o cuando un usuario intenta salir del sitio<\/li>\n<li>Se puede utilizar para promover una oferta especial, recopilar suscriptores de correo electr\u00f3nico o mostrar informaci\u00f3n importante<\/li>\n<li>Compatible con el tema OceanWP y otros temas que usan el complemento de WooCommerce<\/li>\n<li>F\u00e1cil de usar y personalizar con un editor de arrastrar y soltar y m\u00faltiples opciones de dise\u00f1o<\/li>\n<li>Ofrece la capacidad de establecer reglas de visualizaci\u00f3n basadas en el comportamiento del usuario, como solo mostrar a los visitantes primerizos o aquellos que han pasado una cierta cantidad de tiempo en el sitio<\/li>\n<li>El dise\u00f1o receptivo asegura que la ventana emergente se vea genial en todos los dispositivos<\/li>\n<li>Admite m\u00faltiples idiomas para atender al p\u00fablico internacional<\/li>\n<li>Viene con una plataforma de an\u00e1lisis incorporada para rastrear cu\u00e1ntas veces se exhibi\u00f3 la ventana emergente y se logr\u00f3 las conversiones.<\/li>\n<\/ul>\n","protected":false},"excerpt":{"rendered":"<p>OceanWP Woo PopUp, un complemento de WordPress robusto y multifac\u00e9tico, ha sido meticulosamente elaborado para servir como catalizador para elevar las tasas de conversi\u00f3n de los proveedores en l\u00ednea. Al aprovechar las capacidades de esta herramienta, los comerciantes pueden moda sin esfuerzo cautivando ventanas emergentes que no solo exhiben sus ofertas, sino que tambi\u00e9n enfatizan los acuerdos exclusivos, promueven la disponibilidad de boletines informativos y se extienden m\u00e1s all\u00e1 de los l\u00edmites convencionales para abarcar una gran cantidad de funcionalidades adicionales. Independientemente de la escala de su empresa de comercio electr\u00f3nico, ya sea una modesta boutique o un emporio virtual expansivo, tenga la seguridad de que OceanWP Woo PopUp demostrar\u00e1 ser la panacea por excelencia para aumentar sus figuras de ventas y impulsar la trayectoria de crecimiento de su estadio establecimiento comercial .<\/p>\n","protected":false},"featured_media":167092,"comment_status":"open","ping_status":"open","template":"","meta":[],"product_brand":[2513],"product_cat":[1214,1206,1211],"product_tag":[1340],"class_list":{"0":"post-121183","1":"product","2":"type-product","3":"status-publish","4":"has-post-thumbnail","6":"product_brand-ocean-wp","7":"product_cat-personalizacion","8":"product_cat-plugins","9":"product_cat-wordpress-plugins","10":"product_tag-ocean-wp","11":"member-discount","12":"discount-restricted","14":"first","15":"instock","16":"sale","17":"downloadable","18":"virtual","19":"sold-individually","20":"purchasable","21":"product-type-simple"},"_links":{"self":[{"href":"https:\/\/gpl-love.com\/es\/wp-json\/wp\/v2\/product\/121183","targetHints":{"allow":["GET"]}}],"collection":[{"href":"https:\/\/gpl-love.com\/es\/wp-json\/wp\/v2\/product"}],"about":[{"href":"https:\/\/gpl-love.com\/es\/wp-json\/wp\/v2\/types\/product"}],"replies":[{"embeddable":true,"href":"https:\/\/gpl-love.com\/es\/wp-json\/wp\/v2\/comments?post=121183"}],"wp:featuredmedia":[{"embeddable":true,"href":"https:\/\/gpl-love.com\/es\/wp-json\/wp\/v2\/media\/167092"}],"wp:attachment":[{"href":"https:\/\/gpl-love.com\/es\/wp-json\/wp\/v2\/media?parent=121183"}],"wp:term":[{"taxonomy":"product_brand","embeddable":true,"href":"https:\/\/gpl-love.com\/es\/wp-json\/wp\/v2\/product_brand?post=121183"},{"taxonomy":"product_cat","embeddable":true,"href":"https:\/\/gpl-love.com\/es\/wp-json\/wp\/v2\/product_cat?post=121183"},{"taxonomy":"product_tag","embeddable":true,"href":"https:\/\/gpl-love.com\/es\/wp-json\/wp\/v2\/product_tag?post=121183"}],"curies":[{"name":"wp","href":"https:\/\/api.w.org\/{rel}","templated":true}]}}