{"id":121181,"date":"2025-05-21T00:00:00","date_gmt":"2025-05-21T05:00:00","guid":{"rendered":"https:\/\/gpl-love.com\/es\/producto\/oceanwp-white-label\/"},"modified":"2026-04-10T11:20:12","modified_gmt":"2026-04-10T16:20:12","slug":"oceanwp-white-label","status":"publish","type":"product","link":"https:\/\/gpl-love.com\/es\/producto\/oceanwp-white-label\/","title":{"rendered":"OceanWP White Label 2.1.1"},"content":{"rendered":"<h3>OceanWP White Label Caracteristicas<\/h3>\n<p>La etiqueta White OceanWP se presenta como un instrumento muy robusto e influyente, proporcionando a los usuarios la capacidad de personalizar y establecer una identidad de marca distinta para su sitio web de WordPress. Esta notable herramienta otorga a los individuos la capacidad de incorporar sin esfuerzo su propio emblema, modificar los tonos y la tipograf\u00eda de su sitio, e incluso integrar su propio CSS a medida. En consecuencia, este procedimiento sin complicaciones facilita la creaci\u00f3n de un sitio web sofisticado y de aspecto profesional que refleja con precisi\u00f3n la marca y el estilo \u00fanicos del individuo. Adem\u00e1s, la etiqueta White OceanWP est\u00e1 dise\u00f1ada espec\u00edficamente para ser f\u00e1cil de usar y accesible, atendiendo a personas con m\u00ednima a ninguna perspicacia de codificaci\u00f3n. Por lo tanto, ya sea que uno est\u00e9 construyendo un sitio web personal o que satisfaga las necesidades de los clientes, la etiqueta White OceanWP indudablemente emerge como un activo indispensable para cualquier desarrollador de WordPress competente.<\/p>\n<ul>\n<li>Opciones de marca personalizables para su sitio web<\/li>\n<li>Capacidad para agregar su propio logotipo y personalizar la pantalla de inicio de sesi\u00f3n<\/li>\n<li>Control completo sobre el dise\u00f1o y la apariencia del sitio web<\/li>\n<li>No hay marcas o enlaces de OceanWP visibles en el sitio web<\/li>\n<li>Perfecto para el uso de la agencia y el desarrollador<\/li>\n<li>F\u00e1cil de usar e implementar<\/li>\n<li>Compatible con otras extensiones y complementos de OceanWP<\/li>\n<li>Totalmente receptivo en cualquier dispositivo o tama\u00f1o de pantalla<\/li>\n<li>Actualizaciones y apoyo regulares del equipo de OceanWP<\/li>\n<\/ul>\n","protected":false},"excerpt":{"rendered":"<p>La etiqueta White OceanWP es una herramienta incre\u00edblemente potente que le permite dise\u00f1ar un encuentro de WordPress de marca exhaustiva y de marca para sus valiosos clientes. Armado con este complemento altamente efectivo, se le otorga la capacidad perfecta para suplantar la marca OceanWP con su logotipo, colores e incluso CSS personalizados. En consecuencia, esto le brinda a su estimada clientela la oportunidad de lujo en una plataforma de WordPress extremadamente pulida y profesional desprovista de cualquier rastro o alusi\u00f3n a OceanWP. De hecho, la etiqueta blanca de OceanWP es un activo indispensable para todas las personas que albergan un deseo de infundir su toque personal distintivo en el tejido mismo de sus sitios web de WordPress.<\/p>\n","protected":false},"featured_media":167091,"comment_status":"open","ping_status":"open","template":"","meta":[],"product_brand":[2513],"product_cat":[1212,1206,1211],"product_tag":[1340],"class_list":{"0":"post-121181","1":"product","2":"type-product","3":"status-publish","4":"has-post-thumbnail","6":"product_brand-ocean-wp","7":"product_cat-administracion-wordpress-plugins","8":"product_cat-plugins","9":"product_cat-wordpress-plugins","10":"product_tag-ocean-wp","11":"member-discount","12":"discount-restricted","14":"first","15":"instock","16":"sale","17":"downloadable","18":"virtual","19":"sold-individually","20":"purchasable","21":"product-type-simple"},"_links":{"self":[{"href":"https:\/\/gpl-love.com\/es\/wp-json\/wp\/v2\/product\/121181","targetHints":{"allow":["GET"]}}],"collection":[{"href":"https:\/\/gpl-love.com\/es\/wp-json\/wp\/v2\/product"}],"about":[{"href":"https:\/\/gpl-love.com\/es\/wp-json\/wp\/v2\/types\/product"}],"replies":[{"embeddable":true,"href":"https:\/\/gpl-love.com\/es\/wp-json\/wp\/v2\/comments?post=121181"}],"wp:featuredmedia":[{"embeddable":true,"href":"https:\/\/gpl-love.com\/es\/wp-json\/wp\/v2\/media\/167091"}],"wp:attachment":[{"href":"https:\/\/gpl-love.com\/es\/wp-json\/wp\/v2\/media?parent=121181"}],"wp:term":[{"taxonomy":"product_brand","embeddable":true,"href":"https:\/\/gpl-love.com\/es\/wp-json\/wp\/v2\/product_brand?post=121181"},{"taxonomy":"product_cat","embeddable":true,"href":"https:\/\/gpl-love.com\/es\/wp-json\/wp\/v2\/product_cat?post=121181"},{"taxonomy":"product_tag","embeddable":true,"href":"https:\/\/gpl-love.com\/es\/wp-json\/wp\/v2\/product_tag?post=121181"}],"curies":[{"name":"wp","href":"https:\/\/api.w.org\/{rel}","templated":true}]}}