{"id":121179,"date":"2025-05-21T00:00:00","date_gmt":"2025-05-21T05:00:00","guid":{"rendered":"https:\/\/gpl-love.com\/es\/producto\/oceanwp-sticky-header\/"},"modified":"2026-04-10T11:20:11","modified_gmt":"2026-04-10T16:20:11","slug":"oceanwp-sticky-header","status":"publish","type":"product","link":"https:\/\/gpl-love.com\/es\/producto\/oceanwp-sticky-header\/","title":{"rendered":"OceanWP Sticky Header 2.2.3"},"content":{"rendered":"<h3>OceanWP Sticky Header Caracteristicas<\/h3>\n<p>El complemento de encabezado Sticky OceanWP, una herramienta incre\u00edblemente potente, ha sido meticulosamente dise\u00f1ado para ofrecer a los usuarios una comodidad incomparable en la creaci\u00f3n de un encabezado pegajoso impresionante. Este notable complemento sirve para permitir la construcci\u00f3n sin esfuerzo de un encabezado que no solo exuda estilo, sino que tambi\u00e9n funciona a la perfecci\u00f3n al permanecer fijado en el pin\u00e1culo de la p\u00e1gina web a medida que los usuarios contin\u00faan desplaz\u00e1ndose hacia abajo. Con una interfaz que es notablemente f\u00e1cil de usar y rebosante de caracter\u00edsticas que son de naturaleza intuitiva, a los usuarios se les otorga la capacidad invaluable de adaptar el encabezado para alinearse perfectamente con sus preferencias de marca y estilo. Adem\u00e1s, el complemento de encabezado Sticky OceanWP, que se integra perfectamente con el tema OceanWP, ofrece una mir\u00edada de caracter\u00edsticas beneficiosas, incluida la capacidad de respuesta m\u00f3vil, una selecci\u00f3n integral de opciones de encabezado pegajoso y configuraciones avanzadas que facilitan la personalizaci\u00f3n de la apariencia del encabezado. Independientemente de si usted es propietario de un sitio web, un dise\u00f1ador o un desarrollador, este complemento sirve como un instrumento indispensable, lo que le permite crear un encabezado de sitio web profesional e notablemente impactante.<\/p>\n<ul>\n<li>Agrega un encabezado pegajoso a su sitio web de OceanWP<\/li>\n<li>Mantiene su encabezado visible y accesible incluso cuando los usuarios se desplazan hacia abajo en la p\u00e1gina<\/li>\n<li>Permite la personalizaci\u00f3n de la apariencia del encabezado pegajoso, incluido el logotipo, el estilo de men\u00fa y el esquema de color<\/li>\n<li>Compatible con todas las demostraciones y extensiones de OceanWP<\/li>\n<li>F\u00e1cil de instalar e integrar en su tema existente de OceanWP<\/li>\n<li>Aumenta la participaci\u00f3n del usuario y mejora la navegaci\u00f3n en su sitio web<\/li>\n<li>Totalmente receptivo, asegurando una experiencia perfecta en todos los dispositivos<\/li>\n<li>Aumenta el atractivo y la profesionalidad est\u00e9tica de su sitio web<\/li>\n<li>Proporciona una caracter\u00edstica valiosa para los sitios web de comercio electr\u00f3nico y negocios con importantes enlaces de navegaci\u00f3n y llamadas a la acci\u00f3n en el encabezado.<\/li>\n<\/ul>\n","protected":false},"excerpt":{"rendered":"<p>El encabezado Sticky OceanWP, una herramienta incre\u00edblemente vers\u00e1til que ofrece un valor inmenso para los propietarios de sitios web, permite la creaci\u00f3n de encabezados pegajosos impresionantes, totalmente personalizables y altamente receptivos. Esta notable herramienta faculta a los usuarios al proporcionarles la capacidad de incorporar sin esfuerzo un encabezado que permanezca fijo en la parte superior de la pantalla, incluso cuando los visitantes contin\u00faan desplaz\u00e1ndose hacia abajo en la p\u00e1gina. Al implementar con \u00e9xito esta caracter\u00edstica, la experiencia del usuario del sitio web mejora sustancialmente, ya que garantiza un acceso sin obst\u00e1culos y conveniente a elementos cruciales como enlaces de navegaci\u00f3n, logotipos y barras de b\u00fasqueda, lo que posteriormente elimina cualquier posible distracci\u00f3n que pueda impedir la navegaci\u00f3n suave del sitio. Adem\u00e1s, el proceso de configuraci\u00f3n del encabezado Sticky OceanWP es una brisa absoluta, y se integra sin problemas con la gran mayor\u00eda de los temas de WordPress, eliminando as\u00ed cualquier inquietud relacionada con la compatibilidad. Adem\u00e1s, vale la pena se\u00f1alar que esta herramienta excepcional ofrece una impresionante variedad de opciones y caracter\u00edsticas personalizables, lo que es una propuesta incre\u00edblemente atractiva para empresas en l\u00ednea, blogueros y propietarios de sitios web que est\u00e1n interesados \u200b\u200ben otorgar sus sitios un atractivo est\u00e9tico verdaderamente profesional y pulido .<\/p>\n","protected":false},"featured_media":167090,"comment_status":"open","ping_status":"open","template":"","meta":[],"product_brand":[2513],"product_cat":[1214,1206,1211],"product_tag":[1340],"class_list":{"0":"post-121179","1":"product","2":"type-product","3":"status-publish","4":"has-post-thumbnail","6":"product_brand-ocean-wp","7":"product_cat-personalizacion","8":"product_cat-plugins","9":"product_cat-wordpress-plugins","10":"product_tag-ocean-wp","11":"member-discount","12":"discount-restricted","14":"first","15":"instock","16":"sale","17":"downloadable","18":"virtual","19":"sold-individually","20":"purchasable","21":"product-type-simple"},"_links":{"self":[{"href":"https:\/\/gpl-love.com\/es\/wp-json\/wp\/v2\/product\/121179","targetHints":{"allow":["GET"]}}],"collection":[{"href":"https:\/\/gpl-love.com\/es\/wp-json\/wp\/v2\/product"}],"about":[{"href":"https:\/\/gpl-love.com\/es\/wp-json\/wp\/v2\/types\/product"}],"replies":[{"embeddable":true,"href":"https:\/\/gpl-love.com\/es\/wp-json\/wp\/v2\/comments?post=121179"}],"wp:featuredmedia":[{"embeddable":true,"href":"https:\/\/gpl-love.com\/es\/wp-json\/wp\/v2\/media\/167090"}],"wp:attachment":[{"href":"https:\/\/gpl-love.com\/es\/wp-json\/wp\/v2\/media?parent=121179"}],"wp:term":[{"taxonomy":"product_brand","embeddable":true,"href":"https:\/\/gpl-love.com\/es\/wp-json\/wp\/v2\/product_brand?post=121179"},{"taxonomy":"product_cat","embeddable":true,"href":"https:\/\/gpl-love.com\/es\/wp-json\/wp\/v2\/product_cat?post=121179"},{"taxonomy":"product_tag","embeddable":true,"href":"https:\/\/gpl-love.com\/es\/wp-json\/wp\/v2\/product_tag?post=121179"}],"curies":[{"name":"wp","href":"https:\/\/api.w.org\/{rel}","templated":true}]}}