{"id":121177,"date":"2025-05-21T00:00:00","date_gmt":"2025-05-21T05:00:00","guid":{"rendered":"https:\/\/gpl-love.com\/es\/producto\/oceanwp-sticky-footer\/"},"modified":"2026-04-10T11:20:10","modified_gmt":"2026-04-10T16:20:10","slug":"oceanwp-sticky-footer","status":"publish","type":"product","link":"https:\/\/gpl-love.com\/es\/producto\/oceanwp-sticky-footer\/","title":{"rendered":"OceanWP Sticky Footer 2.1.1"},"content":{"rendered":"<h3>OceanWP Sticky Footer Caracteristicas<\/h3>\n<p>El complemento de pie de p\u00e1gina Sticky OceanWP es una herramienta muy potente que ofrece la capacidad de establecer un pie de p\u00e1gina que permanezca fijo en la parte inferior de su sitio web. Esto implica que, independientemente de la ubicaci\u00f3n que sus visitantes se encuentren en su sitio, tendr\u00e1n continuamente los medios para acceder a informaci\u00f3n vital, como sus detalles de contacto, conexiones de redes sociales y detalles de derechos de autor. Al utilizar este complemento, no solo puede personalizar su pie de p\u00e1gina para alinearse con la est\u00e9tica general y la atm\u00f3sfera de su sitio web, sino que tambi\u00e9n puede incorporar widgets vers\u00e1tiles como un formulario de registro para un bolet\u00edn o un mapa din\u00e1mico que muestra su ubicaci\u00f3n geogr\u00e1fica precisa. Adem\u00e1s, debido a la naturaleza pegajosa del pie de p\u00e1gina, sirve como un medio excepcional para aumentar la prominencia y la facilidad de acceso a su contenido, fomentando as\u00ed la participaci\u00f3n activa de sus visitantes. En resumen, el complemento de pie de p\u00e1gina Sticky OceanWP es un instrumento indispensable para cualquier propietario de un sitio web m\u00e1s exigente que alberga un deseo genuino de elevar la experiencia del usuario y elevar la funcionalidad general de su estimado sitio web.<\/p>\n<ul>\n<li>Agrega un pie de p\u00e1gina adhesivo a su sitio web de OceanWP<\/li>\n<li>Se ajusta autom\u00e1ticamente para ajustar el contenido en la p\u00e1gina<\/li>\n<li>Configuraci\u00f3n personalizable, como color de fondo y tama\u00f1o de fuente,<\/li>\n<li>Compatible con cualquier tema de OceanWP y versi\u00f3n de WordPress<\/li>\n<li>Proceso de instalaci\u00f3n y activaci\u00f3n simple<\/li>\n<li>Funciona bien en dispositivos de escritorio y m\u00f3viles<\/li>\n<li>Proporciona una forma conveniente de mostrar informaci\u00f3n importante o llamadas a la acci\u00f3n<\/li>\n<li>Mejora la experiencia general del usuario y la navegabilidad de su sitio web<\/li>\n<li>Se puede deshabilitar en p\u00e1ginas o publicaciones espec\u00edficas si lo desea.<\/li>\n<\/ul>\n","protected":false},"excerpt":{"rendered":"<p>El pie de p\u00e1gina Sticky OceanWP, un complemento altamente funcional, tiene el prop\u00f3sito de garantizar la visibilidad constante de su pie de p\u00e1gina mientras se dedica al acto de desplazarse a trav\u00e9s de su sitio web. Esta herramienta extremadamente conveniente es particularmente adecuada para las personas que desean mantener la exhibici\u00f3n persistente de sus pies de p\u00e1gina, independientemente de las acciones de desplazamiento hacia abajo de los usuarios. Facilitando la instalaci\u00f3n sin esfuerzo y ofreciendo una variedad de opciones personalizables, el pie de p\u00e1gina Sticky OceanWP indudablemente demuestra ser un activo invaluable para cualquier dise\u00f1o de sitio web. Optimice la accesibilidad y la facilidad de uso de su contenido incorporando este complemento inmensamente pr\u00e1ctico en su sitio web.<\/p>\n","protected":false},"featured_media":167089,"comment_status":"open","ping_status":"open","template":"","meta":[],"product_brand":[2513],"product_cat":[1214,1206,1211],"product_tag":[1340],"class_list":{"0":"post-121177","1":"product","2":"type-product","3":"status-publish","4":"has-post-thumbnail","6":"product_brand-ocean-wp","7":"product_cat-personalizacion","8":"product_cat-plugins","9":"product_cat-wordpress-plugins","10":"product_tag-ocean-wp","11":"member-discount","12":"discount-restricted","14":"first","15":"instock","16":"sale","17":"downloadable","18":"virtual","19":"sold-individually","20":"purchasable","21":"product-type-simple"},"_links":{"self":[{"href":"https:\/\/gpl-love.com\/es\/wp-json\/wp\/v2\/product\/121177","targetHints":{"allow":["GET"]}}],"collection":[{"href":"https:\/\/gpl-love.com\/es\/wp-json\/wp\/v2\/product"}],"about":[{"href":"https:\/\/gpl-love.com\/es\/wp-json\/wp\/v2\/types\/product"}],"replies":[{"embeddable":true,"href":"https:\/\/gpl-love.com\/es\/wp-json\/wp\/v2\/comments?post=121177"}],"wp:featuredmedia":[{"embeddable":true,"href":"https:\/\/gpl-love.com\/es\/wp-json\/wp\/v2\/media\/167089"}],"wp:attachment":[{"href":"https:\/\/gpl-love.com\/es\/wp-json\/wp\/v2\/media?parent=121177"}],"wp:term":[{"taxonomy":"product_brand","embeddable":true,"href":"https:\/\/gpl-love.com\/es\/wp-json\/wp\/v2\/product_brand?post=121177"},{"taxonomy":"product_cat","embeddable":true,"href":"https:\/\/gpl-love.com\/es\/wp-json\/wp\/v2\/product_cat?post=121177"},{"taxonomy":"product_tag","embeddable":true,"href":"https:\/\/gpl-love.com\/es\/wp-json\/wp\/v2\/product_tag?post=121177"}],"curies":[{"name":"wp","href":"https:\/\/api.w.org\/{rel}","templated":true}]}}