{"id":121175,"date":"2021-02-09T00:00:00","date_gmt":"2021-02-09T05:00:00","guid":{"rendered":"https:\/\/gpl-love.com\/es\/producto\/oceanwp-sticky-anything\/"},"modified":"2026-04-10T11:20:10","modified_gmt":"2026-04-10T16:20:10","slug":"oceanwp-sticky-anything","status":"publish","type":"product","link":"https:\/\/gpl-love.com\/es\/producto\/oceanwp-sticky-anything\/","title":{"rendered":"OceanWP Sticky Anything 4.0.4"},"content":{"rendered":"<h3>OceanWP Sticky Anything Caracteristicas<\/h3>\n<p>Oceanwp Sticky Anything es un complemento notablemente ventajoso que permite a los propietarios de sitios web generar encabezados, pies y barras laterales adhesivos, aumentando as\u00ed la experiencia del usuario de las personas que visitan su sitio web proporcion\u00e1ndoles una experiencia de navegaci\u00f3n ininterrumpida y fluida. Al utilizar este complemento, tiene la capacidad de crear y personalizar componentes pegajosos en su sitio web que permanecer\u00e1n persistentemente visibles a medida que el usuario contin\u00fae desplazando hacia abajo en la p\u00e1gina. En consecuencia, sus estimados visitantes tendr\u00e1n acceso perpetuamente a informaci\u00f3n fundamental, abarcando men\u00fas de navegaci\u00f3n, enlaces de redes sociales, datos de contacto y varios otros elementos vitales. Adem\u00e1s, la naturaleza f\u00e1cil de usar de OceanWP Sticky Anything lo hace excepcionalmente accesible para personas con competencia de codificaci\u00f3n limitada, lo que le brinda una opci\u00f3n ejemplar para novatos y propietarios de sitios web experimentados. En resumen, este complemento es un activo indispensable para cualquier persona que busque elevar la funcionalidad y la experiencia del usuario de su sitio web.<\/p>\n<ul>\n<li>Le permite crear elementos pegajosos personalizados en su sitio web<\/li>\n<li>Se puede usar para encabezados, pies de p\u00e1gina, men\u00fas, \u00edconos sociales y m\u00e1s<\/li>\n<li>Proporciona opciones de personalizaci\u00f3n f\u00e1cil de usar<\/li>\n<li>Los elementos pegajosos permanecen visibles incluso cuando se desplazan por la p\u00e1gina<\/li>\n<li>El dise\u00f1o totalmente receptivo asegura que los elementos pegajosos se vean muy bien en cualquier dispositivo<\/li>\n<li>Compatible con el tema de OceanWP y otros temas que admiten elementos pegajosos<\/li>\n<li>No se requieren habilidades de codificaci\u00f3n, cualquiera de los cuales puede crear elementos pegajosos personalizados con este complemento<\/li>\n<li>Habilitar o deshabilitar f\u00e1cilmente elementos pegajosos en cualquier momento<\/li>\n<li>Mejora la experiencia del usuario manteniendo la informaci\u00f3n importante visible en todo momento<\/li>\n<li>Calificado por los usuarios por su facilidad de uso y funcionalidad<\/li>\n<\/ul>\n","protected":false},"excerpt":{"rendered":"<p>Al utilizar el muy conveniente complemento Sticky Anything, una amplia gama de elementos en su sitio web se puede fijar sin esfuerzo en la parte superior de la p\u00e1gina a medida que los usuarios navegan hacia abajo. Esto abarca una mir\u00edada de componentes como encabezados, men\u00fas, botones de llamado a acci\u00f3n e incluso \u00edconos de intercambio social, presentando posibilidades ilimitadas para mejorar. La naturaleza completamente adaptable de este complemento asegura que tenga una autonom\u00eda completa sobre la posici\u00f3n, la animaci\u00f3n y varias otras configuraciones, lo que permite una integraci\u00f3n perfecta con el dise\u00f1o general y la funcionalidad de su sitio web. Eleve la experiencia del usuario y fomente la mayor participaci\u00f3n en su sitio web implementando el complemento OceanWP Sticky Anything.<\/p>\n","protected":false},"featured_media":167088,"comment_status":"open","ping_status":"open","template":"","meta":[],"product_brand":[2513],"product_cat":[1214,1206,1211],"product_tag":[1340],"class_list":{"0":"post-121175","1":"product","2":"type-product","3":"status-publish","4":"has-post-thumbnail","6":"product_brand-ocean-wp","7":"product_cat-personalizacion","8":"product_cat-plugins","9":"product_cat-wordpress-plugins","10":"product_tag-ocean-wp","11":"member-discount","12":"discount-restricted","14":"first","15":"instock","16":"sale","17":"downloadable","18":"virtual","19":"sold-individually","20":"purchasable","21":"product-type-simple"},"_links":{"self":[{"href":"https:\/\/gpl-love.com\/es\/wp-json\/wp\/v2\/product\/121175","targetHints":{"allow":["GET"]}}],"collection":[{"href":"https:\/\/gpl-love.com\/es\/wp-json\/wp\/v2\/product"}],"about":[{"href":"https:\/\/gpl-love.com\/es\/wp-json\/wp\/v2\/types\/product"}],"replies":[{"embeddable":true,"href":"https:\/\/gpl-love.com\/es\/wp-json\/wp\/v2\/comments?post=121175"}],"wp:featuredmedia":[{"embeddable":true,"href":"https:\/\/gpl-love.com\/es\/wp-json\/wp\/v2\/media\/167088"}],"wp:attachment":[{"href":"https:\/\/gpl-love.com\/es\/wp-json\/wp\/v2\/media?parent=121175"}],"wp:term":[{"taxonomy":"product_brand","embeddable":true,"href":"https:\/\/gpl-love.com\/es\/wp-json\/wp\/v2\/product_brand?post=121175"},{"taxonomy":"product_cat","embeddable":true,"href":"https:\/\/gpl-love.com\/es\/wp-json\/wp\/v2\/product_cat?post=121175"},{"taxonomy":"product_tag","embeddable":true,"href":"https:\/\/gpl-love.com\/es\/wp-json\/wp\/v2\/product_tag?post=121175"}],"curies":[{"name":"wp","href":"https:\/\/api.w.org\/{rel}","templated":true}]}}