{"id":121173,"date":"2025-05-21T00:00:00","date_gmt":"2025-05-21T05:00:00","guid":{"rendered":"https:\/\/gpl-love.com\/es\/producto\/oceanwp-side-panel\/"},"modified":"2026-04-10T11:20:09","modified_gmt":"2026-04-10T16:20:09","slug":"oceanwp-side-panel","status":"publish","type":"product","link":"https:\/\/gpl-love.com\/es\/producto\/oceanwp-side-panel\/","title":{"rendered":"OceanWP Side Panel 2.2.2"},"content":{"rendered":"<h3>OceanWP Side Panel Caracteristicas<\/h3>\n<p>El panel lateral de OceanWP, una herramienta incre\u00edblemente potente y vers\u00e1til, ha sido meticulosamente elaborada para elevar la funcionalidad y la est\u00e9tica de su sitio web a nuevas alturas. Este complemento premium excepcional ofrece una amplia gama de opciones de personalizaci\u00f3n, lo que garantiza que pueda crear un panel lateral que est\u00e9 completamente personalizado y se alinee sin problemas con su marca y estilo \u00fanicos. La interfaz de arrastrar y soltar maravillosamente intuitiva le permite incorporar y organizar una variedad de widgets, que abarca enlaces de redes sociales cautivadores, men\u00fas totalmente personalizados, barras de b\u00fasqueda din\u00e1mica y una variedad de caracter\u00edsticas adicionales. Adem\u00e1s, el panel lateral de OceanWP proporciona generosamente una gran cantidad de plantillas predeterminadas, ahorr\u00e1ndole efectivamente un tiempo y un esfuerzo invaluables al permitirle seleccionar r\u00e1pidamente un dise\u00f1o perfectamente personalizado que atiende impecablemente sus requisitos espec\u00edficos. Est\u00e1 muy claro que, independientemente de si usted es un estimado blogger, un propietario emprendedor de la tienda de comercio electr\u00f3nico o un aspirante a propietario de una peque\u00f1a empresa, el panel lateral de OceanWP, sin duda, se presenta como una opci\u00f3n realmente excepcional, una que integra perfectamente una funcionalidad extra e irresistible Aloja en la misma tela de tu sitio web.<\/p>\n<ul>\n<li>Proporciona un panel lateral personalizable para el tema de OceanWP<\/li>\n<li>Permite un acceso r\u00e1pido y f\u00e1cil a informaci\u00f3n y caracter\u00edsticas importantes del sitio web.<\/li>\n<li>Puede mostrar widgets, men\u00fas y contenido de p\u00e1ginas o publicaciones<\/li>\n<li>Ofrece una variedad de opciones de estilo para que coincidan con el aspecto de su sitio web<\/li>\n<li>Compatible con versiones gratuitas y premium de OceanWP<\/li>\n<li>Se puede activar o apagar f\u00e1cilmente para un dise\u00f1o limpio y sin desorden<\/li>\n<li>Mejora la experiencia del usuario al reducir la necesidad de navegaci\u00f3n y proporcionar contenido importante de un vistazo<\/li>\n<li>Totalmente receptivo y amigable para los dispositivos m\u00f3viles para una visualizaci\u00f3n \u00f3ptima en cualquier dispositivo<\/li>\n<li>Ofrece una mayor flexibilidad y opciones de personalizaci\u00f3n sobre la barra lateral de tema OceanWP predeterminada<\/li>\n<li>F\u00e1cil de instalar y configurar con instrucciones detalladas y soporte disponibles.<\/li>\n<\/ul>\n","protected":false},"excerpt":{"rendered":"<p>El complemento del panel lateral de OceanWP, que es una herramienta altamente capaz y ventajosa, le otorga la capacidad de incorporar un panel lateral beneficioso y adaptable en su sitio web de WordPress. En virtud de su diversa variedad de opciones de dise\u00f1o y dise\u00f1o a su disposici\u00f3n, tiene la capacidad de forjar una apariencia sin precedentes y sofisticada que se alinea sin problemas con su marca y aumenta la experiencia general del usuario. Esta notable caracter\u00edstica abarca la capacidad de incluir una variedad de widgets, enlaces, \u00edconos de redes sociales y mucho m\u00e1s, proporcionando as\u00ed a sus estimados visitantes acceso sin esfuerzo y conveniente a informaci\u00f3n fundamental y recursos indispensables. Independientemente de si usted es un blogger venerable, un emprendedor exitoso o un profesional creativo innovador, el no igual de oceanwp Side Panel est\u00e1 garantizado que impulse su sitio web a mayores alturas y le permitir\u00e1 cautivar y absorber su estimada audiencia.<\/p>\n","protected":false},"featured_media":167087,"comment_status":"open","ping_status":"open","template":"","meta":[],"product_brand":[2513],"product_cat":[1214,1206,1211],"product_tag":[1340],"class_list":{"0":"post-121173","1":"product","2":"type-product","3":"status-publish","4":"has-post-thumbnail","6":"product_brand-ocean-wp","7":"product_cat-personalizacion","8":"product_cat-plugins","9":"product_cat-wordpress-plugins","10":"product_tag-ocean-wp","11":"member-discount","12":"discount-restricted","14":"first","15":"instock","16":"sale","17":"downloadable","18":"virtual","19":"sold-individually","20":"purchasable","21":"product-type-simple"},"_links":{"self":[{"href":"https:\/\/gpl-love.com\/es\/wp-json\/wp\/v2\/product\/121173","targetHints":{"allow":["GET"]}}],"collection":[{"href":"https:\/\/gpl-love.com\/es\/wp-json\/wp\/v2\/product"}],"about":[{"href":"https:\/\/gpl-love.com\/es\/wp-json\/wp\/v2\/types\/product"}],"replies":[{"embeddable":true,"href":"https:\/\/gpl-love.com\/es\/wp-json\/wp\/v2\/comments?post=121173"}],"wp:featuredmedia":[{"embeddable":true,"href":"https:\/\/gpl-love.com\/es\/wp-json\/wp\/v2\/media\/167087"}],"wp:attachment":[{"href":"https:\/\/gpl-love.com\/es\/wp-json\/wp\/v2\/media?parent=121173"}],"wp:term":[{"taxonomy":"product_brand","embeddable":true,"href":"https:\/\/gpl-love.com\/es\/wp-json\/wp\/v2\/product_brand?post=121173"},{"taxonomy":"product_cat","embeddable":true,"href":"https:\/\/gpl-love.com\/es\/wp-json\/wp\/v2\/product_cat?post=121173"},{"taxonomy":"product_tag","embeddable":true,"href":"https:\/\/gpl-love.com\/es\/wp-json\/wp\/v2\/product_tag?post=121173"}],"curies":[{"name":"wp","href":"https:\/\/api.w.org\/{rel}","templated":true}]}}