{"id":121171,"date":"2024-11-17T00:00:00","date_gmt":"2024-11-17T05:00:00","guid":{"rendered":"https:\/\/gpl-love.com\/es\/producto\/oceanwp-pro-demos\/"},"modified":"2026-03-13T17:26:45","modified_gmt":"2026-03-13T22:26:45","slug":"oceanwp-pro-demos","status":"publish","type":"product","link":"https:\/\/gpl-love.com\/es\/producto\/oceanwp-pro-demos\/","title":{"rendered":"OceanWP Pro Demos 1.5.2"},"content":{"rendered":"<h3>OceanWP Pro Demos Caracteristicas<\/h3>\n<p>Oceanwp Pro Demos presenta una gran variedad de sitios web predise\u00f1ados que ejemplifican efectivamente las extensas capacidades y adaptabilidad del aclamado tema de WordPress de OceanWP. Con una impresionante variedad de m\u00e1s de 80 manifestaciones meticulosamente elaboradas, las personas que buscan establecer su presencia en l\u00ednea pueden descubrir sin esfuerzo el dise\u00f1o y el dise\u00f1o ideales que resuena perfectamente con su visi\u00f3n \u00fanica. La personalizaci\u00f3n ilimitada de OceanWP Pro Demos faculta a los usuarios infundir sin esfuerzo su sitio web con un toque personal distinto, todo sin necesidad de ning\u00fan dominio de codificaci\u00f3n. Estas manifestaciones inventivas abarcan una amplia gama de industrias, que abarcan todo, desde pr\u00f3speras plataformas de comercio electr\u00f3nico hasta los blogs cautivadoramente involucrados hasta la resiliencia decidida de las empresas a peque\u00f1a escala. En consecuencia, independientemente de la naturaleza del sitio web deseado de uno, OceanWP Pro Demos surge sin problemas como una elecci\u00f3n incomparable. Al aprovechar el potencial innato de OceanWP Pro Demos, los usuarios est\u00e1n a punto de crear un sitio web visualmente deslumbrante, intuitivamente navegable e inequ\u00edvocamente cautivador en un marco de tiempo excepcionalmente condensado.<\/p>\n<ul>\n<li>M\u00e1s de 100 demostraciones de sitios web dise\u00f1adas profesionalmente<\/li>\n<li>Plantillas totalmente personalizables para adaptarse a cualquier marca o estilo<\/li>\n<li>Compatible con el tema de WordPress de Oceanwp<\/li>\n<li>Instalaci\u00f3n de un solo clic para una f\u00e1cil configuraci\u00f3n y personalizaci\u00f3n<\/li>\n<li>Documentaci\u00f3n y soporte integral para los usuarios<\/li>\n<li>Optimizado para dispositivos m\u00f3viles y tiempos de carga r\u00e1pidas<\/li>\n<li>Incluye complementos premium como Master Slider y Addons Premium para Elementor<\/li>\n<li>Actualizado regularmente con nuevas demostraciones y caracter\u00edsticas<\/li>\n<li>Adecuado para empresas, tiendas de comercio electr\u00f3nico, carteras y m\u00e1s<\/li>\n<li>Acceso a caracter\u00edsticas exclusivas como mega men\u00fa y encabezado pegajoso.<\/li>\n<\/ul>\n","protected":false},"excerpt":{"rendered":"<p>Las demostraciones de OceanWP Pro vienen en un paquete integral que cuenta con una amplia gama de demostraciones de sitios web personalizables atendidas espec\u00edficamente a los usuarios del incre\u00edblemente popular tema de WordPress de OceanWP. Mostrando dise\u00f1os elegantes y dise\u00f1os f\u00e1ciles de usar, estas demostraciones presentan un medio r\u00e1pido y sin esfuerzo para que las empresas y las personas establezcan sitios web de calibre profesional sin necesitar una amplia codificaci\u00f3n o experiencia en dise\u00f1o. Lo que distingue a las demostraciones de OceanWP Pro es su diversa variedad de plantillas espec\u00edficas de nicho, que abarca varios dominios, como el comercio electr\u00f3nico, los blogs, las carteras y m\u00e1s, asegurando as\u00ed que cada usuario pueda descubrir una coincidencia adecuada adaptada a sus requisitos \u00fanicos. Ya sea que se busque renovar un sitio web existente o embarcarse en un nuevo viaje, este producto excepcional es una soluci\u00f3n inigualable para todos aquellos que anhelan una experiencia de sitio web funcional y de primer nivel, todo mientras minimiza cualquier carga o complicaci\u00f3n asociadas.<\/p>\n","protected":false},"featured_media":167086,"comment_status":"open","ping_status":"open","template":"","meta":[],"product_brand":[2513],"product_cat":[1212,1206,1211],"product_tag":[1340],"class_list":{"0":"post-121171","1":"product","2":"type-product","3":"status-publish","4":"has-post-thumbnail","6":"product_brand-ocean-wp","7":"product_cat-administracion-wordpress-plugins","8":"product_cat-plugins","9":"product_cat-wordpress-plugins","10":"product_tag-ocean-wp","11":"member-discount","12":"discount-restricted","14":"first","15":"instock","16":"sale","17":"downloadable","18":"virtual","19":"sold-individually","20":"purchasable","21":"product-type-simple"},"_links":{"self":[{"href":"https:\/\/gpl-love.com\/es\/wp-json\/wp\/v2\/product\/121171","targetHints":{"allow":["GET"]}}],"collection":[{"href":"https:\/\/gpl-love.com\/es\/wp-json\/wp\/v2\/product"}],"about":[{"href":"https:\/\/gpl-love.com\/es\/wp-json\/wp\/v2\/types\/product"}],"replies":[{"embeddable":true,"href":"https:\/\/gpl-love.com\/es\/wp-json\/wp\/v2\/comments?post=121171"}],"wp:featuredmedia":[{"embeddable":true,"href":"https:\/\/gpl-love.com\/es\/wp-json\/wp\/v2\/media\/167086"}],"wp:attachment":[{"href":"https:\/\/gpl-love.com\/es\/wp-json\/wp\/v2\/media?parent=121171"}],"wp:term":[{"taxonomy":"product_brand","embeddable":true,"href":"https:\/\/gpl-love.com\/es\/wp-json\/wp\/v2\/product_brand?post=121171"},{"taxonomy":"product_cat","embeddable":true,"href":"https:\/\/gpl-love.com\/es\/wp-json\/wp\/v2\/product_cat?post=121171"},{"taxonomy":"product_tag","embeddable":true,"href":"https:\/\/gpl-love.com\/es\/wp-json\/wp\/v2\/product_tag?post=121171"}],"curies":[{"name":"wp","href":"https:\/\/api.w.org\/{rel}","templated":true}]}}