{"id":121169,"date":"2021-02-09T00:00:00","date_gmt":"2021-02-09T05:00:00","guid":{"rendered":"https:\/\/gpl-love.com\/es\/producto\/oceanwp-posts-slider\/"},"modified":"2026-04-10T11:20:08","modified_gmt":"2026-04-10T16:20:08","slug":"oceanwp-posts-slider","status":"publish","type":"product","link":"https:\/\/gpl-love.com\/es\/producto\/oceanwp-posts-slider\/","title":{"rendered":"OceanWP Posts Slider 1.5.1"},"content":{"rendered":"<h3>OceanWP Posts Slider Caracteristicas<\/h3>\n<p>El control deslizante OceanWP Posts es una herramienta extremadamente robusta y eficiente que proporciona a los usuarios la capacidad de exhibir sus publicaciones de una manera que es din\u00e1mica y visualmente cautivadora. Su dise\u00f1o elegante y sofisticado, junto con su interfaz f\u00e1cil de usar, hace que sea f\u00e1cil crear controles deslizantes extraordinarios que muestren efectivamente su contenido de la luz m\u00e1s favorable posible. Ya sea que su objetivo sea llamar la atenci\u00f3n sobre sus publicaciones m\u00e1s populares, promocionar sus \u00faltimos productos o simplemente inyectar un atractivo visual atractivo en su sitio web, el control deslizante OceanWP Publics es sin duda la soluci\u00f3n ideal. Ofreciendo una amplia gama de opciones de personalizaci\u00f3n y un conjunto intuitivo de caracter\u00edsticas, este complemento est\u00e1 dise\u00f1ado para optimizar el proceso de creaci\u00f3n de controles deslizantes posteriores, liberando as\u00ed un tiempo valioso y energ\u00eda para la creaci\u00f3n de contenido excepcional. En consecuencia, si se encuentra en busca de una herramienta potente y f\u00e1cil de usar que puede elevar sin esfuerzo la pantalla de publicaci\u00f3n en su sitio web, entonces no busque m\u00e1s que el control deslizante de OceanWP Posts.<\/p>\n<ul>\n<li>Permite a los usuarios mostrar publicaciones en un formato de control deslizante personalizable y visualmente atractivo<\/li>\n<li>Compatible con el tema de OceanWP y se puede integrar sin problemas<\/li>\n<li>Admite varios tipos de publicaciones, incluidos los tipos y categor\u00edas de publicaciones personalizadas<\/li>\n<li>Proporciona a los usuarios control sobre la cantidad de publicaciones que se muestran, la velocidad del movimiento del control deslizante y las opciones de navegaci\u00f3n<\/li>\n<li>F\u00e1cil de usar y configurar, sin requerido conocimiento de codificaci\u00f3n<\/li>\n<li>Aumenta el compromiso y la interacci\u00f3n del usuario en los sitios web mostrando publicaciones de manera llamativa<\/li>\n<li>Se puede usar para resaltar publicaciones destacadas o populares, o para crear una exhibici\u00f3n din\u00e1mica de las \u00faltimas publicaciones<\/li>\n<li>El dise\u00f1o receptivo asegura que el control deslizante se vea genial en todos los dispositivos, incluidos los dispositivos m\u00f3viles y las tabletas.<\/li>\n<li>Incluye caracter\u00edsticas adicionales como opciones de reproducci\u00f3n autom\u00e1tica, plantillas predise\u00f1adas e integraci\u00f3n con complementos de terceros.<\/li>\n<\/ul>\n","protected":false},"excerpt":{"rendered":"<p>El Slider de OceanWP Posts es un complemento WordPress incre\u00edblemente robusto y rico en funciones que otorga a los usuarios la capacidad de exhibir sin esfuerzo sus publicaciones dentro de una presentaci\u00f3n de diapositivas pulidas y personalizables. Al proporcionar las opciones para presentar im\u00e1genes destacadas, t\u00edtulos de publicaciones y extractos, las personas pueden mostrar efectivamente su contenido m\u00e1s reciente de una manera que es visualmente cautivadora. Adem\u00e1s, este complemento altamente receptivo permite a los usuarios personalizar sin problemas las velocidades de animaci\u00f3n, la duraci\u00f3n de la diapositiva y los controles de navegaci\u00f3n. Independientemente de si uno es un blogger apasionado o una entidad comercial floreciente que busca ansiosamente acentuar sus \u00faltimas noticias, la integraci\u00f3n del control deslizante OceanWP Publics en un sitio web es una necesidad absoluta.<\/p>\n","protected":false},"featured_media":167085,"comment_status":"open","ping_status":"open","template":"","meta":[],"product_brand":[2513],"product_cat":[1214,1206,1211],"product_tag":[1340],"class_list":{"0":"post-121169","1":"product","2":"type-product","3":"status-publish","4":"has-post-thumbnail","6":"product_brand-ocean-wp","7":"product_cat-personalizacion","8":"product_cat-plugins","9":"product_cat-wordpress-plugins","10":"product_tag-ocean-wp","11":"member-discount","12":"discount-restricted","14":"first","15":"instock","16":"sale","17":"downloadable","18":"virtual","19":"sold-individually","20":"purchasable","21":"product-type-simple"},"_links":{"self":[{"href":"https:\/\/gpl-love.com\/es\/wp-json\/wp\/v2\/product\/121169","targetHints":{"allow":["GET"]}}],"collection":[{"href":"https:\/\/gpl-love.com\/es\/wp-json\/wp\/v2\/product"}],"about":[{"href":"https:\/\/gpl-love.com\/es\/wp-json\/wp\/v2\/types\/product"}],"replies":[{"embeddable":true,"href":"https:\/\/gpl-love.com\/es\/wp-json\/wp\/v2\/comments?post=121169"}],"wp:featuredmedia":[{"embeddable":true,"href":"https:\/\/gpl-love.com\/es\/wp-json\/wp\/v2\/media\/167085"}],"wp:attachment":[{"href":"https:\/\/gpl-love.com\/es\/wp-json\/wp\/v2\/media?parent=121169"}],"wp:term":[{"taxonomy":"product_brand","embeddable":true,"href":"https:\/\/gpl-love.com\/es\/wp-json\/wp\/v2\/product_brand?post=121169"},{"taxonomy":"product_cat","embeddable":true,"href":"https:\/\/gpl-love.com\/es\/wp-json\/wp\/v2\/product_cat?post=121169"},{"taxonomy":"product_tag","embeddable":true,"href":"https:\/\/gpl-love.com\/es\/wp-json\/wp\/v2\/product_tag?post=121169"}],"curies":[{"name":"wp","href":"https:\/\/api.w.org\/{rel}","templated":true}]}}