{"id":121167,"date":"2025-05-21T00:00:00","date_gmt":"2025-05-21T05:00:00","guid":{"rendered":"https:\/\/gpl-love.com\/es\/producto\/oceanwp-portfolio\/"},"modified":"2026-04-10T11:20:07","modified_gmt":"2026-04-10T16:20:07","slug":"oceanwp-portfolio","status":"publish","type":"product","link":"https:\/\/gpl-love.com\/es\/producto\/oceanwp-portfolio\/","title":{"rendered":"OceanWP Portfolio 2.3.2"},"content":{"rendered":"<h3>OceanWP Portfolio Caracteristicas<\/h3>\n<p>La cartera de OceanWP es un complemento de WordPress de considerable potencia, que ofrece a los usuarios los medios para exhibir con buen gusto y profesionalmente sus esfuerzos creativos. Al utilizar este complemento, los usuarios obtienen la capacidad de construir carteras y galer\u00edas que poseen un impacto visual sorprendente, destinado a dejar una impresi\u00f3n duradera tanto en su clientela como en aquellos que visitan sus sitios web. Cabe destacarse en particular, el complemento ofrece una variedad de opciones y caracter\u00edsticas personalizables, lo que es la opci\u00f3n perfecta para artistas, dise\u00f1adores, fot\u00f3grafos y otros profesionales que trabajan en el \u00e1mbito de la creatividad. Con un dise\u00f1o flexible y receptivo, la cartera de OceanWP es totalmente adaptable, capaz de adaptarse para satisfacer las necesidades de cualquier sitio web. Con este complemento, los usuarios pueden incorporar sin esfuerzo im\u00e1genes, videos y otras formas de contenido multimedia en sus carteras, presentando as\u00ed su trabajo al mundo de una manera que es cautivadora y visualmente deslumbrante. En \u00faltima instancia, la cartera de OceanWP se erige como una herramienta indiscutiblemente indispensable para cualquier persona que busque exhibir su trabajo creativo dentro de la esfera en l\u00ednea, garantizando que se logren resultados impresionantes.<\/p>\n<ul>\n<li>OceanWP Portfolio es un complemento potente y personalizable para crear carteras impresionantes.<\/li>\n<li>Este complemento ofrece una gama de dise\u00f1os impresionantes, que incluyen cuadr\u00edcula, mamposter\u00eda y carrusel.<\/li>\n<li>Puede elegir entre una variedad de plantillas predise\u00f1adas para crear una hermosa cartera en minutos.<\/li>\n<li>Personalice todos los aspectos de su cartera, incluido el orden de sus proyectos, los colores y la tipograf\u00eda.<\/li>\n<li>Con la cartera de OceanWP, puede mostrar su trabajo como nunca antes y dejar una impresi\u00f3n duradera en sus clientes.<\/li>\n<li>Muestre f\u00e1cilmente sus im\u00e1genes y videos de manera elegante y organizada.<\/li>\n<li>Este complemento es totalmente receptivo, asegurando que su cartera se vea genial en todos los dispositivos.<\/li>\n<li>Tambi\u00e9n puede optar por habilitar la funcionalidad de LightBox para permitir a los usuarios ver sus im\u00e1genes en un formato m\u00e1s grande.<\/li>\n<li>Configure su cartera de forma r\u00e1pida y f\u00e1cil con la interfaz intuitiva y f\u00e1cil de usar.<\/li>\n<li>La cartera de OceanWP es compatible con varios temas de WordPress y se puede integrar sin problemas en su sitio web.<\/li>\n<\/ul>\n","protected":false},"excerpt":{"rendered":"<p>El complemento de cartera de OceanWP presenta una oportunidad incre\u00edble para que las personas exhiban sus esfuerzos y empresas imaginativas de una manera est\u00e9ticamente agradable y sofisticada. Otorga a los usuarios la conveniencia de elaborar sin esfuerzo una cartera personalizada con una variedad de diversos dise\u00f1os y estilos que se pueden adaptar a las preferencias individuales. Con una integraci\u00f3n perfecta con OceanWP, este notable complemento de cartera sirve como una soluci\u00f3n \u00f3ptima para fot\u00f3grafos, dise\u00f1adores, artistas y freelancers que aspiran a presentar sus mejores creaciones a posibles clientes o empleadores.<\/p>\n","protected":false},"featured_media":167084,"comment_status":"open","ping_status":"open","template":"","meta":[],"product_brand":[2513],"product_cat":[1214,1206,1211],"product_tag":[1340],"class_list":{"0":"post-121167","1":"product","2":"type-product","3":"status-publish","4":"has-post-thumbnail","6":"product_brand-ocean-wp","7":"product_cat-personalizacion","8":"product_cat-plugins","9":"product_cat-wordpress-plugins","10":"product_tag-ocean-wp","11":"member-discount","12":"discount-restricted","14":"first","15":"instock","16":"sale","17":"downloadable","18":"virtual","19":"sold-individually","20":"purchasable","21":"product-type-simple"},"_links":{"self":[{"href":"https:\/\/gpl-love.com\/es\/wp-json\/wp\/v2\/product\/121167","targetHints":{"allow":["GET"]}}],"collection":[{"href":"https:\/\/gpl-love.com\/es\/wp-json\/wp\/v2\/product"}],"about":[{"href":"https:\/\/gpl-love.com\/es\/wp-json\/wp\/v2\/types\/product"}],"replies":[{"embeddable":true,"href":"https:\/\/gpl-love.com\/es\/wp-json\/wp\/v2\/comments?post=121167"}],"wp:featuredmedia":[{"embeddable":true,"href":"https:\/\/gpl-love.com\/es\/wp-json\/wp\/v2\/media\/167084"}],"wp:attachment":[{"href":"https:\/\/gpl-love.com\/es\/wp-json\/wp\/v2\/media?parent=121167"}],"wp:term":[{"taxonomy":"product_brand","embeddable":true,"href":"https:\/\/gpl-love.com\/es\/wp-json\/wp\/v2\/product_brand?post=121167"},{"taxonomy":"product_cat","embeddable":true,"href":"https:\/\/gpl-love.com\/es\/wp-json\/wp\/v2\/product_cat?post=121167"},{"taxonomy":"product_tag","embeddable":true,"href":"https:\/\/gpl-love.com\/es\/wp-json\/wp\/v2\/product_tag?post=121167"}],"curies":[{"name":"wp","href":"https:\/\/api.w.org\/{rel}","templated":true}]}}