{"id":121165,"date":"2024-10-16T00:00:00","date_gmt":"2024-10-16T05:00:00","guid":{"rendered":"https:\/\/gpl-love.com\/es\/producto\/oceanwp-popup-login\/"},"modified":"2026-03-13T17:26:43","modified_gmt":"2026-03-13T22:26:43","slug":"oceanwp-popup-login","status":"publish","type":"product","link":"https:\/\/gpl-love.com\/es\/producto\/oceanwp-popup-login\/","title":{"rendered":"OceanWP Popup Login 2.2.0"},"content":{"rendered":"<h3>OceanWP Popup Login Caracteristicas<\/h3>\n<p>La herramienta de inicio de sesi\u00f3n emergente OceanWP cuenta con energ\u00eda y facilidad de uso, proporcionando a los propietarios de sitios web la capacidad de incorporar una ventana emergente de inicio de sesi\u00f3n personalizada en sus sitios web. Al utilizar este complemento, los usuarios pueden acceder sin esfuerzo a sus cuentas sin la necesidad de navegar a una p\u00e1gina de inicio de sesi\u00f3n separada. Las opciones de personalizaci\u00f3n permiten la integraci\u00f3n perfecta del formulario de inicio de sesi\u00f3n emergente en la est\u00e9tica general de su sitio web, con el beneficio adicional de poder determinar su ubicaci\u00f3n y tiempo espec\u00edficos. Adem\u00e1s, este complemento abarca numerosas caracter\u00edsticas avanzadas, incluidas alternativas de inicio de sesi\u00f3n sociales, enlaces de restablecimiento de contrase\u00f1a y la capacidad de adaptar los mensajes de error para adaptarse a sus preferencias. Con el inicio de sesi\u00f3n emergente de OceanWP, tiene la capacidad de crear una experiencia de inicio de sesi\u00f3n que sea conveniente y armoniosa para los valiosos visitantes del sitio web.<\/p>\n<ul>\n<li>Inicio de sesi\u00f3n emergente f\u00e1cil de usar para usuarios de temas de OceanWP<\/li>\n<li>Opciones de dise\u00f1o personalizables para que coincidan con la marca de su sitio web<\/li>\n<li>Dos modos de inicio de sesi\u00f3n diferentes (Classic y AJAX) para la conveniencia del usuario<\/li>\n<li>Admite el inicio de sesi\u00f3n de las redes sociales a trav\u00e9s de Facebook y Google<\/li>\n<li>Capacidad para agregar campos de inicio de sesi\u00f3n y registro personalizados<\/li>\n<li>Opci\u00f3n para que los usuarios permanezcan iniciados sesi\u00f3n para facilitar el acceso en las visitas de devoluci\u00f3n<\/li>\n<li>Capacidad para redirigir a los usuarios a una p\u00e1gina especificada despu\u00e9s de iniciar sesi\u00f3n<\/li>\n<li>Compatible con instalaciones multisitio de WordPress<\/li>\n<li>Dise\u00f1o receptivo para una experiencia de usuario \u00f3ptima en todos los dispositivos<\/li>\n<li>Actualizaciones y apoyo regulares del equipo de OceanWP<\/li>\n<\/ul>\n","protected":false},"excerpt":{"rendered":"<p>El inicio de sesi\u00f3n emergente de OceanWP es un complemento muy conveniente y utilizado sin esfuerzo que otorga a los visitantes del sitio web la capacidad de iniciar sesi\u00f3n sin esfuerzo y de forma segura en sus cuentas. Este notable complemento brinda la oportunidad de dise\u00f1ar ventanas emergentes de inicio de sesi\u00f3n visualmente atractivas y altamente adaptables, completos con campos a medida, la opci\u00f3n de iniciar sesi\u00f3n a trav\u00e9s de varias plataformas de redes sociales y la flexibilidad para seleccionar colores que se alineen con la marca distintiva de su sitio web. Adem\u00e1s, su integraci\u00f3n perfecta con el tema OceanWP lo convierte en una opci\u00f3n excepcional para las personas que buscan elevar la experiencia general del usuario de su sitio web.<\/p>\n","protected":false},"featured_media":167083,"comment_status":"open","ping_status":"open","template":"","meta":[],"product_brand":[2513],"product_cat":[1214,1206,1211],"product_tag":[1340],"class_list":{"0":"post-121165","1":"product","2":"type-product","3":"status-publish","4":"has-post-thumbnail","6":"product_brand-ocean-wp","7":"product_cat-personalizacion","8":"product_cat-plugins","9":"product_cat-wordpress-plugins","10":"product_tag-ocean-wp","11":"member-discount","12":"discount-restricted","14":"first","15":"instock","16":"sale","17":"downloadable","18":"virtual","19":"sold-individually","20":"purchasable","21":"product-type-simple"},"_links":{"self":[{"href":"https:\/\/gpl-love.com\/es\/wp-json\/wp\/v2\/product\/121165","targetHints":{"allow":["GET"]}}],"collection":[{"href":"https:\/\/gpl-love.com\/es\/wp-json\/wp\/v2\/product"}],"about":[{"href":"https:\/\/gpl-love.com\/es\/wp-json\/wp\/v2\/types\/product"}],"replies":[{"embeddable":true,"href":"https:\/\/gpl-love.com\/es\/wp-json\/wp\/v2\/comments?post=121165"}],"wp:featuredmedia":[{"embeddable":true,"href":"https:\/\/gpl-love.com\/es\/wp-json\/wp\/v2\/media\/167083"}],"wp:attachment":[{"href":"https:\/\/gpl-love.com\/es\/wp-json\/wp\/v2\/media?parent=121165"}],"wp:term":[{"taxonomy":"product_brand","embeddable":true,"href":"https:\/\/gpl-love.com\/es\/wp-json\/wp\/v2\/product_brand?post=121165"},{"taxonomy":"product_cat","embeddable":true,"href":"https:\/\/gpl-love.com\/es\/wp-json\/wp\/v2\/product_cat?post=121165"},{"taxonomy":"product_tag","embeddable":true,"href":"https:\/\/gpl-love.com\/es\/wp-json\/wp\/v2\/product_tag?post=121165"}],"curies":[{"name":"wp","href":"https:\/\/api.w.org\/{rel}","templated":true}]}}