{"id":121163,"date":"2025-11-25T00:00:00","date_gmt":"2025-11-25T05:00:00","guid":{"rendered":"https:\/\/gpl-love.com\/es\/producto\/oceanwp-ocean-extra\/"},"modified":"2026-03-31T17:15:51","modified_gmt":"2026-03-31T22:15:51","slug":"oceanwp-ocean-extra","status":"publish","type":"product","link":"https:\/\/gpl-love.com\/es\/producto\/oceanwp-ocean-extra\/","title":{"rendered":"OceanWP Ocean Extra 2.5.5"},"content":{"rendered":"<h3>OceanWP Ocean Extra Caracteristicas<\/h3>\n<p>El complemento OceanWP Ocean Extra es una herramienta incre\u00edblemente vers\u00e1til que ofrece una amplia gama de caracter\u00edsticas y funcionalidades complementarias para aumentar el ya impresionante tema de OceanWP. A trav\u00e9s de la utilizaci\u00f3n de este complemento excepcional, los usuarios tienen la notable oportunidad de adaptar su sitio web sin esfuerzo y sin problemas de acuerdo con sus especificaciones \u00fanicas. Esto se puede lograr a trav\u00e9s de la integraci\u00f3n perfecta de una multitud de elementos personalizables, incluida la incorporaci\u00f3n de widgets personalizados, la implementaci\u00f3n de estilos personalizados de encabezado y pie de p\u00e1gina y la inclusi\u00f3n de tipos de publicaciones personalizadas. Adem\u00e1s, este complemento excepcional cuenta con una variedad impresionante de demostraciones predise\u00f1adas, que puede importarse sin esfuerzo y aplicarse sin problemas al sitio web, mejorando sin esfuerzo su atractivo est\u00e9tico general. Adem\u00e1s, el complemento OceanWP Ocean Extra tambi\u00e9n ofrece a sus usuarios opciones de personalizaci\u00f3n avanzada, como la notable capacidad de incorporar perfectamente los c\u00f3digos CSS y JavaScript personalizados, lo que permite un nivel incomparable de precisi\u00f3n y control a medida. De esta manera, el complemento OceanWP Ocean Extra representa el pin\u00e1culo inequ\u00edvoco de excelencia para las personas que buscan optimizar la funcionalidad y el dise\u00f1o de su sitio web de una manera que es sofisticada e incre\u00edblemente f\u00e1cil de usar.<\/p>\n<ul>\n<li>Un complemento de WordPress dise\u00f1ado para mejorar la funcionalidad del tema de OceanWP<\/li>\n<li>Ofrece m\u00e1s de 50 plantillas para varios elementos y secciones del sitio web.<\/li>\n<li>Personalizar f\u00e1cilmente los encabezados del sitio web, los pies de p\u00e1gina, los dise\u00f1os de blog y los widgets<\/li>\n<li>Integraci\u00f3n con complementos populares como WooCommerce y Elementor<\/li>\n<li>Optimizado para tiempos de carga r\u00e1pidos y rendimiento de SEO<\/li>\n<li>Viene con una variedad de widgets, como \u00edconos de redes sociales, formularios de contacto y exhibiciones de cartera<\/li>\n<li>Incluye un constructor de ventanas emergentes para crear atractivas ventanas emergentes de llamadas a la acci\u00f3n<\/li>\n<li>Acceso a soporte y actualizaciones premium durante 1 a\u00f1o despu\u00e9s de la compra<\/li>\n<li>Adecuado para constructores de sitios web para principiantes y avanzados<\/li>\n<li>Compatible con la \u00faltima versi\u00f3n de WordPress y actualizada regularmente para garantizar la compatibilidad con futuras versiones<\/li>\n<\/ul>\n","protected":false},"excerpt":{"rendered":"<p>OceanWP Ocean Extra es un complemento de WordPress sofisticado y de alta calidad que sirve para mejorar la funcionalidad del tema de OceanWP, aumentando as\u00ed la experiencia general del usuario. Al proporcionar una amplia gama de extensiones \u00fatiles y pr\u00e1cticas, este complemento permite la adici\u00f3n de caracter\u00edsticas nuevas y emocionantes a su sitio web. Estas extensiones abarcan una variedad de componentes, como un pie de p\u00e1gina, encabezado y widgets laterales, as\u00ed como botones de intercambio social, un widget de alimentaci\u00f3n de Instagram y varias otras herramientas destinadas a mejorar el rendimiento general del sitio web. El proceso de instalaci\u00f3n y configuraci\u00f3n de Ocean Extra es extremadamente f\u00e1cil de usar y directo, lo que permite que incluso aquellos con experiencia t\u00e9cnica limitada expandan f\u00e1cilmente y sin esfuerzo las capacidades de su tema OceanWP. Independientemente de si usted es un blogger dedicado, propietario de una peque\u00f1a empresa o un profesional creativo, la utilizaci\u00f3n de Ocean Extra es absolutamente indispensable en su b\u00fasqueda de mejorar tanto el atractivo est\u00e9tico como la eficiencia operativa de su sitio web de WordPress.<\/p>\n","protected":false},"featured_media":167082,"comment_status":"open","ping_status":"open","template":"","meta":[],"product_brand":[2513],"product_cat":[1214,1206,1211],"product_tag":[1340],"class_list":{"0":"post-121163","1":"product","2":"type-product","3":"status-publish","4":"has-post-thumbnail","6":"product_brand-ocean-wp","7":"product_cat-personalizacion","8":"product_cat-plugins","9":"product_cat-wordpress-plugins","10":"product_tag-ocean-wp","11":"member-discount","12":"discount-restricted","14":"first","15":"instock","16":"sale","17":"downloadable","18":"virtual","19":"sold-individually","20":"purchasable","21":"product-type-simple"},"_links":{"self":[{"href":"https:\/\/gpl-love.com\/es\/wp-json\/wp\/v2\/product\/121163","targetHints":{"allow":["GET"]}}],"collection":[{"href":"https:\/\/gpl-love.com\/es\/wp-json\/wp\/v2\/product"}],"about":[{"href":"https:\/\/gpl-love.com\/es\/wp-json\/wp\/v2\/types\/product"}],"replies":[{"embeddable":true,"href":"https:\/\/gpl-love.com\/es\/wp-json\/wp\/v2\/comments?post=121163"}],"wp:featuredmedia":[{"embeddable":true,"href":"https:\/\/gpl-love.com\/es\/wp-json\/wp\/v2\/media\/167082"}],"wp:attachment":[{"href":"https:\/\/gpl-love.com\/es\/wp-json\/wp\/v2\/media?parent=121163"}],"wp:term":[{"taxonomy":"product_brand","embeddable":true,"href":"https:\/\/gpl-love.com\/es\/wp-json\/wp\/v2\/product_brand?post=121163"},{"taxonomy":"product_cat","embeddable":true,"href":"https:\/\/gpl-love.com\/es\/wp-json\/wp\/v2\/product_cat?post=121163"},{"taxonomy":"product_tag","embeddable":true,"href":"https:\/\/gpl-love.com\/es\/wp-json\/wp\/v2\/product_tag?post=121163"}],"curies":[{"name":"wp","href":"https:\/\/api.w.org\/{rel}","templated":true}]}}