{"id":121161,"date":"2021-02-09T00:00:00","date_gmt":"2021-02-09T05:00:00","guid":{"rendered":"https:\/\/gpl-love.com\/es\/producto\/oceanwp-modal-window\/"},"modified":"2026-04-10T11:20:06","modified_gmt":"2026-04-10T16:20:06","slug":"oceanwp-modal-window","status":"publish","type":"product","link":"https:\/\/gpl-love.com\/es\/producto\/oceanwp-modal-window\/","title":{"rendered":"OceanWP Modal Window 5.5.0"},"content":{"rendered":"<h3>OceanWP Modal Window Caracteristicas<\/h3>\n<p>La ventana modal OceanWP, una herramienta incre\u00edblemente poderosa, mejora enormemente la experiencia del usuario en su sitio web al proporcionar una ventana emergente elegante y altamente personalizable. Esta notable caracter\u00edstica le otorga la capacidad de mostrar informaci\u00f3n vital, incluidos boletines, anuncios o ofertas exclusivas, a sus estimados visitantes de una manera visualmente cautivadora. Con la ventana modal de OceanWP, posee un control total sobre la est\u00e9tica y el ambiente de la ventana emergente, ya que ofrece una gran cantidad de opciones para colores personalizados, fuentes y animaciones. Adem\u00e1s, esta ventana modal est\u00e1 ingeniosamente dise\u00f1ada para responder completamente, asegurando su apariencia impecable en cualquier dispositivo. Adem\u00e1s, puede establecer desencadenantes para la apariencia de la ventana modal, como retrasos en el tiempo o acciones iniciadas por el usuario. La ventana modal de OceanWP se erige como un activo invaluable para cualquier sitio web que busque ansiosamente aumentar el compromiso y las conversiones.<\/p>\n<ul>\n<li>Ventanas modales personalizables para su sitio web de WordPress<\/li>\n<li>Ofrece una apariencia profesional y elegante que se puede adaptar a su marca<\/li>\n<li>Admite varios tipos de contenido que incluyen texto, im\u00e1genes, videos y formularios.<\/li>\n<li>Elija entre una selecci\u00f3n de dise\u00f1os prefabricados o cree el suyo con su constructor de arrastrar y soltar<\/li>\n<li>Agregue f\u00e1cilmente ventanas modales a p\u00e1ginas espec\u00edficas o para eventos espec\u00edficos, como la intenci\u00f3n de salida o despu\u00e9s de una cierta cantidad de tiempo<\/li>\n<li>Se puede utilizar para diversos fines, como la generaci\u00f3n de leads, las promociones y la muestra de informaci\u00f3n importante a los visitantes.<\/li>\n<li>El dise\u00f1o receptivo asegura que sus ventanas modales se vean muy bien en todos los dispositivos<\/li>\n<li>Actualizaciones frecuentes y excelente apoyo del equipo de OceanWP.<\/li>\n<\/ul>\n","protected":false},"excerpt":{"rendered":"<p>La ventana modal de OceanWP se erige como una herramienta excepcionalmente formidable que permite a los usuarios fabricar ventanas emergentes visualmente cautivadoras en su sitio web. Ofrece una variedad de plantillas personalizables y una interfaz notablemente f\u00e1cil de usar, lo que permite la creaci\u00f3n sin esfuerzo de modales adaptados para diversos fines, como recopilaci\u00f3n de direcciones de correo electr\u00f3nico, promoci\u00f3n de productos o eventos, y innumerables otros. Adem\u00e1s, su capacidad de respuesta completa e integraci\u00f3n perfecta con el tema de OceanWP aumentan a\u00fan m\u00e1s la experiencia general del usuario de su sitio web.<\/p>\n","protected":false},"featured_media":167081,"comment_status":"open","ping_status":"open","template":"","meta":[],"product_brand":[2513],"product_cat":[1214,1206,1211],"product_tag":[1340],"class_list":{"0":"post-121161","1":"product","2":"type-product","3":"status-publish","4":"has-post-thumbnail","6":"product_brand-ocean-wp","7":"product_cat-personalizacion","8":"product_cat-plugins","9":"product_cat-wordpress-plugins","10":"product_tag-ocean-wp","11":"member-discount","12":"discount-restricted","14":"first","15":"instock","16":"sale","17":"downloadable","18":"virtual","19":"sold-individually","20":"purchasable","21":"product-type-simple"},"_links":{"self":[{"href":"https:\/\/gpl-love.com\/es\/wp-json\/wp\/v2\/product\/121161","targetHints":{"allow":["GET"]}}],"collection":[{"href":"https:\/\/gpl-love.com\/es\/wp-json\/wp\/v2\/product"}],"about":[{"href":"https:\/\/gpl-love.com\/es\/wp-json\/wp\/v2\/types\/product"}],"replies":[{"embeddable":true,"href":"https:\/\/gpl-love.com\/es\/wp-json\/wp\/v2\/comments?post=121161"}],"wp:featuredmedia":[{"embeddable":true,"href":"https:\/\/gpl-love.com\/es\/wp-json\/wp\/v2\/media\/167081"}],"wp:attachment":[{"href":"https:\/\/gpl-love.com\/es\/wp-json\/wp\/v2\/media?parent=121161"}],"wp:term":[{"taxonomy":"product_brand","embeddable":true,"href":"https:\/\/gpl-love.com\/es\/wp-json\/wp\/v2\/product_brand?post=121161"},{"taxonomy":"product_cat","embeddable":true,"href":"https:\/\/gpl-love.com\/es\/wp-json\/wp\/v2\/product_cat?post=121161"},{"taxonomy":"product_tag","embeddable":true,"href":"https:\/\/gpl-love.com\/es\/wp-json\/wp\/v2\/product_tag?post=121161"}],"curies":[{"name":"wp","href":"https:\/\/api.w.org\/{rel}","templated":true}]}}