{"id":121157,"date":"2025-11-30T00:00:00","date_gmt":"2025-11-30T05:00:00","guid":{"rendered":"https:\/\/gpl-love.com\/es\/producto\/oceanwp-hooks\/"},"modified":"2026-03-31T17:15:50","modified_gmt":"2026-03-31T22:15:50","slug":"oceanwp-hooks","status":"publish","type":"product","link":"https:\/\/gpl-love.com\/es\/producto\/oceanwp-hooks\/","title":{"rendered":"OceanWP Hooks 2.1.6"},"content":{"rendered":"<h3>OceanWP Hooks Caracteristicas<\/h3>\n<p>OceanWP Hooks es un complemento de WordPress incre\u00edblemente robusto que presenta a los usuarios una extensa variedad de opciones de entrada, facilitando as\u00ed la personalizaci\u00f3n perfecta de su sitio web. Este complemento cuenta con una amplia gama de opciones de entrada, que abarca CSS personalizado, JavaScript e incluso ganchos preconstruidos para diferentes secciones de un sitio web. Al emplear los ganchos de OceanWP, los usuarios obtienen la capacidad de incorporar sin esfuerzo elementos personalizados en \u00e1reas cruciales como el encabezado, el pie de p\u00e1gina y otras secciones fundamentales, en consecuencia otorg\u00e1ndoles una autoridad incomparable sobre el atractivo visual y la funcionalidad general de su sitio. No importa si posee una comprensi\u00f3n rudimentaria del desarrollo del sitio web o posee una gran experiencia como desarrollador, ya que OceanWP Hooks indudablemente representa un activo invaluable que puede impulsar su sitio web a alturas incomparables.<\/p>\n<ul>\n<li>Personalice f\u00e1cilmente su sitio web con los ganchos de OceanWP<\/li>\n<li>Aumentar la funcionalidad del sitio web agregando fragmentos de c\u00f3digo personalizado<\/li>\n<li>Compatible con el tema y las extensiones de OceanWP<\/li>\n<li>Modificar y controlar secciones espec\u00edficas de su sitio web con facilidad<\/li>\n<li>Posibilidades ilimitadas de dise\u00f1o y personalizaci\u00f3n<\/li>\n<li>No hay experiencia en codificaci\u00f3n necesaria, simple y f\u00e1cil de usar<\/li>\n<li>Ahorra tiempo y dinero eliminando la necesidad de desarrolladores de terceros<\/li>\n<li>Actualizaciones y mantenimiento incluidos con la compra<\/li>\n<li>Mejorar la experiencia del usuario y mejorar el rendimiento general de su sitio web<\/li>\n<li>Apoyo y asistencia disponible en el equipo de OceanWP<\/li>\n<\/ul>\n","protected":false},"excerpt":{"rendered":"<p>OceanWP Hooks es una herramienta incre\u00edblemente robusta e impactante que le brinda la oportunidad de incorporar a la perfecci\u00f3n fragmentos de c\u00f3digo personalizados en su tema OceanWP, todo sin la necesidad de hacer modificaciones a los archivos centrales. La gran versatilidad de esta herramienta es realmente notable, ya que le ofrece la capacidad de implementar ganchos en varias secciones de su sitio web, permitiendo as\u00ed la personalizaci\u00f3n sin esfuerzo del atractivo est\u00e9tico y las capacidades funcionales de su tema elegido. Independientemente de si aspira a incorporar CSS personalizados, infundir sin problemas un gui\u00f3n o incluso modificar una plantilla existente, tenga la seguridad de que OceanWP Hooks lo tiene completamente cubierto. Adem\u00e1s, vale la pena se\u00f1alar que esta herramienta notable no solo es incre\u00edblemente poderosa, sino que tambi\u00e9n es extremadamente f\u00e1cil de usar, lo que lo convierte en un ajuste perfecto para las personas que son nuevas en el mundo del desarrollo del sitio web. Adem\u00e1s, la documentaci\u00f3n integral que acompa\u00f1a a los ganchos de OceanWP garantiza que incluso aquellos con una experiencia m\u00ednima puedan navegar y utilizar f\u00e1cilmente esta herramienta a su m\u00e1ximo potencial. Por lo tanto, desata su esp\u00edritu creativo y lleve su sitio web a alturas sin precedentes con la funcionalidad incomparable y las caracter\u00edsticas innovadoras de los ganchos de OceanWP.<\/p>\n","protected":false},"featured_media":167079,"comment_status":"open","ping_status":"open","template":"","meta":[],"product_brand":[2513],"product_cat":[1212,1206,1211],"product_tag":[1340],"class_list":{"0":"post-121157","1":"product","2":"type-product","3":"status-publish","4":"has-post-thumbnail","6":"product_brand-ocean-wp","7":"product_cat-administracion-wordpress-plugins","8":"product_cat-plugins","9":"product_cat-wordpress-plugins","10":"product_tag-ocean-wp","11":"member-discount","12":"discount-restricted","14":"first","15":"instock","16":"sale","17":"downloadable","18":"virtual","19":"sold-individually","20":"purchasable","21":"product-type-simple"},"_links":{"self":[{"href":"https:\/\/gpl-love.com\/es\/wp-json\/wp\/v2\/product\/121157","targetHints":{"allow":["GET"]}}],"collection":[{"href":"https:\/\/gpl-love.com\/es\/wp-json\/wp\/v2\/product"}],"about":[{"href":"https:\/\/gpl-love.com\/es\/wp-json\/wp\/v2\/types\/product"}],"replies":[{"embeddable":true,"href":"https:\/\/gpl-love.com\/es\/wp-json\/wp\/v2\/comments?post=121157"}],"wp:featuredmedia":[{"embeddable":true,"href":"https:\/\/gpl-love.com\/es\/wp-json\/wp\/v2\/media\/167079"}],"wp:attachment":[{"href":"https:\/\/gpl-love.com\/es\/wp-json\/wp\/v2\/media?parent=121157"}],"wp:term":[{"taxonomy":"product_brand","embeddable":true,"href":"https:\/\/gpl-love.com\/es\/wp-json\/wp\/v2\/product_brand?post=121157"},{"taxonomy":"product_cat","embeddable":true,"href":"https:\/\/gpl-love.com\/es\/wp-json\/wp\/v2\/product_cat?post=121157"},{"taxonomy":"product_tag","embeddable":true,"href":"https:\/\/gpl-love.com\/es\/wp-json\/wp\/v2\/product_tag?post=121157"}],"curies":[{"name":"wp","href":"https:\/\/api.w.org\/{rel}","templated":true}]}}