{"id":121155,"date":"2025-05-21T00:00:00","date_gmt":"2025-05-21T05:00:00","guid":{"rendered":"https:\/\/gpl-love.com\/es\/producto\/oceanwp-full-screen\/"},"modified":"2026-04-10T11:20:05","modified_gmt":"2026-04-10T16:20:05","slug":"oceanwp-full-screen","status":"publish","type":"product","link":"https:\/\/gpl-love.com\/es\/producto\/oceanwp-full-screen\/","title":{"rendered":"OceanWP Full Screen 2.1.6"},"content":{"rendered":"<h3>OceanWP Full Screen Caracteristicas<\/h3>\n<p>OceanWP Full Screen es un tema de WordPress incre\u00edblemente robusto y rico en caracter\u00edsticas que le otorga la capacidad de elaborar sitios web de pantalla completa sin esfuerzo para elaborar sin esfuerzo. Con su dise\u00f1o de vanguardia y elegante, abarca una extensa gama de posibilidades de personalizaci\u00f3n, que abarca una mir\u00edada de estilos de encabezado, widgets a medida y una paleta infinita de esquemas de color, brind\u00e1ndole la oportunidad incompleta de integrar un sitio web que encapsula sin problemas el que encapsula sin problemas el alumno de la falla el the the the the the the the the the the the the the the wappapsulent the the the the wappapsolly the inpapsulats the the shaphapsula esencia y esp\u00edritu de tu marca. Adem\u00e1s, este tema cuenta con un dise\u00f1o receptivo, lo que garantiza que su sitio web exhibe un atractivo visual excepcional en todos los dispositivos. En particular, se ha optimizado meticulosamente para una velocidad \u00f3ptima y optimizaci\u00f3n de motores de b\u00fasqueda, facilitando as\u00ed la mejora del rendimiento y la visibilidad de su sitio web en las p\u00e1ginas de resultados del motor de b\u00fasqueda. En general, la pantalla completa de OceanWP representa indiscutiblemente una opci\u00f3n impecable para las personas que buscan fabricar un sitio web visualmente llamativo y excepcionalmente de alto rendimiento.<\/p>\n<ul>\n<li>Dise\u00f1o de pantalla completa para sitios web creados con el tema OceanWP<\/li>\n<li>Ayuda a proporcionar una experiencia de navegaci\u00f3n \u00fanica e inmersiva para sus visitantes<\/li>\n<li>Permite a los usuarios ver su sitio web sin ning\u00fan elemento de distracci\u00f3n o desorden de interfaz<\/li>\n<li>Optimizado para varios tama\u00f1os y resoluciones de pantalla, asegurando una experiencia perfecta en todos los dispositivos<\/li>\n<li>Compatible con varios complementos y complementos de OceanWP para la funcionalidad mejorada y las opciones de personalizaci\u00f3n<\/li>\n<li>F\u00e1cil de instalar y configurar con opciones y controles intuitivos en la configuraci\u00f3n del tema OceanWP<\/li>\n<li>Proporciona un dise\u00f1o de sitio web minimalista y moderno con un enfoque en el contenido y el mensaje de su sitio web<\/li>\n<li>Ayuda a aumentar el compromiso y reducir las tasas de rebote al proporcionar una experiencia de usuario cautivadora e ininterrumpida.<\/li>\n<\/ul>\n","protected":false},"excerpt":{"rendered":"<p>Eleve el rendimiento de su sitio web de WordPress incorporando las capacidades extraordinarias de la pantalla completa de OceanWP. Este complemento notablemente robusto le proporciona la capacidad de fabricar dise\u00f1os de pantalla completa visualmente cautivadores para sus p\u00e1ginas web, publicaciones de blog y cualquier otro contenido que pueda poseer. Embellados con una extensa variedad de caracter\u00edsticas de personalizaci\u00f3n, como la inclusi\u00f3n de fondos de video y la incorporaci\u00f3n de efectos de paralaje, tiene la libertad de generar experiencias de usuarios verdaderamente distintivas y cautivadoras. Adem\u00e1s, la interfaz de arrastrar y soltar f\u00e1cilmente de usuario garantiza que incluso las personas sin experiencia en el desarrollo web puedan navegar y utilizar f\u00e1cilmente esta herramienta excepcional. No dude, revolucione su sitio web hoy integrando la pantalla completa de OceanWP en su repertorio digital.<\/p>\n","protected":false},"featured_media":167078,"comment_status":"open","ping_status":"open","template":"","meta":[],"product_brand":[2513],"product_cat":[1214,1206,1211],"product_tag":[1340],"class_list":{"0":"post-121155","1":"product","2":"type-product","3":"status-publish","4":"has-post-thumbnail","6":"product_brand-ocean-wp","7":"product_cat-personalizacion","8":"product_cat-plugins","9":"product_cat-wordpress-plugins","10":"product_tag-ocean-wp","11":"member-discount","12":"discount-restricted","14":"first","15":"instock","16":"sale","17":"downloadable","18":"virtual","19":"sold-individually","20":"purchasable","21":"product-type-simple"},"_links":{"self":[{"href":"https:\/\/gpl-love.com\/es\/wp-json\/wp\/v2\/product\/121155","targetHints":{"allow":["GET"]}}],"collection":[{"href":"https:\/\/gpl-love.com\/es\/wp-json\/wp\/v2\/product"}],"about":[{"href":"https:\/\/gpl-love.com\/es\/wp-json\/wp\/v2\/types\/product"}],"replies":[{"embeddable":true,"href":"https:\/\/gpl-love.com\/es\/wp-json\/wp\/v2\/comments?post=121155"}],"wp:featuredmedia":[{"embeddable":true,"href":"https:\/\/gpl-love.com\/es\/wp-json\/wp\/v2\/media\/167078"}],"wp:attachment":[{"href":"https:\/\/gpl-love.com\/es\/wp-json\/wp\/v2\/media?parent=121155"}],"wp:term":[{"taxonomy":"product_brand","embeddable":true,"href":"https:\/\/gpl-love.com\/es\/wp-json\/wp\/v2\/product_brand?post=121155"},{"taxonomy":"product_cat","embeddable":true,"href":"https:\/\/gpl-love.com\/es\/wp-json\/wp\/v2\/product_cat?post=121155"},{"taxonomy":"product_tag","embeddable":true,"href":"https:\/\/gpl-love.com\/es\/wp-json\/wp\/v2\/product_tag?post=121155"}],"curies":[{"name":"wp","href":"https:\/\/api.w.org\/{rel}","templated":true}]}}