{"id":121153,"date":"2025-05-21T00:00:00","date_gmt":"2025-05-21T05:00:00","guid":{"rendered":"https:\/\/gpl-love.com\/es\/producto\/oceanwp-footer-callout\/"},"modified":"2026-04-10T11:20:04","modified_gmt":"2026-04-10T16:20:04","slug":"oceanwp-footer-callout","status":"publish","type":"product","link":"https:\/\/gpl-love.com\/es\/producto\/oceanwp-footer-callout\/","title":{"rendered":"OceanWP Footer Callout 2.2.2"},"content":{"rendered":"<h3>OceanWP Footer Callout Caracteristicas<\/h3>\n<p>La llamada de pie de p\u00e1gina OceanWP es una herramienta incre\u00edblemente efectiva que otorga a los usuarios la capacidad de incorporar llamadas dentro de la secci\u00f3n de pies de p\u00e1gina de su sitio web. Este producto en particular se ha desarrollado meticulosamente para enriquecer la experiencia general del usuario al tiempo que entrega simult\u00e1neamente un mensaje coherente y sucinto a quienes visitan el sitio web. El grado de personalizaci\u00f3n disponible dentro de esta herramienta es realmente excepcional, ya que ofrece a los usuarios una amplia gama de opciones y configuraciones para seleccionar, asegurando que el dise\u00f1o y la marca de su sitio web permanezcan fielmente intactos. A trav\u00e9s de la utilizaci\u00f3n de la llamada de los pies de OceanWP, los propietarios de sitios web poseen los medios para promover sin esfuerzo sus productos, servicios o cualquier oferta exclusiva directamente dentro del \u00e1rea de los pies, maximizando as\u00ed las tasas de conversi\u00f3n de su sitio web. Vale la pena se\u00f1alar que este producto es extremadamente f\u00e1cil de usar, y gracias a su dise\u00f1o receptivo, funciona sin problemas en todos los dispositivos. Sin lugar a dudas, la llamada de pie de p\u00e1gina de OceanWP es una herramienta indispensable que el propietario de cada sitio web debe poseer para aumentar la usabilidad de su sitio web y elevar sus tasas de conversi\u00f3n.<\/p>\n<ul>\n<li>Una secci\u00f3n de llamadas de pie de p\u00e1gina personalizable para el tema de WordPress de Oceanwp<\/li>\n<li>Agregue f\u00e1cilmente un bot\u00f3n de llamada a acci\u00f3n o enlace al pie de p\u00e1gina de su sitio web<\/li>\n<li>Elija entre m\u00faltiples opciones de dise\u00f1o para la secci\u00f3n de llamadas<\/li>\n<li>Personalizar el texto, el color de fondo y el color de los botones para que coincida con la marca de su sitio web<\/li>\n<li>El dise\u00f1o totalmente receptivo asegura que la llamada se vea genial en todos los dispositivos<\/li>\n<li>Compatible con constructores de p\u00e1ginas populares como Elementor y Beaver Builder<\/li>\n<li>Optimizado para SEO para garantizar que su sitio web permanezca amigable con el motor de b\u00fasqueda<\/li>\n<li>Actualizaciones regulares y soporte del equipo de OceanWP para garantizar que el complemento permanezca actualizado con las \u00faltimas actualizaciones de WordPress.<\/li>\n<\/ul>\n","protected":false},"excerpt":{"rendered":"<p>La llamada de pie de p\u00e1gina OceanWP demuestra ser una herramienta excepcionalmente potente para los propietarios de sitios web que buscan generar mensajes cautivadores de llamadas a acci\u00f3n dentro del pie de p\u00e1gina de sus p\u00e1ginas de sitios web. Este complemento notablemente sencillo pero altamente efectivo capacita a los usuarios con la capacidad de personalizar la llamada de los pies a trav\u00e9s de la incorporaci\u00f3n de colores, fuentes y texto distintos, al tiempo que incorpora los enlaces de clics que refuerzan efectivamente el tr\u00e1fico hacia p\u00e1ginas o promociones designadas. Adem\u00e1s, vale la pena se\u00f1alar que la llamada del pie de p\u00e1gina OceanWP exhibe la m\u00e1xima capacidad de respuesta, garantizando una exhibici\u00f3n est\u00e9ticamente agradable de su mensaje de llamada a la acci\u00f3n en todos los dispositivos. En virtud de su interfaz f\u00e1cil de usar y su proceso de instalaci\u00f3n sin interrupciones, es inequ\u00edvocamente claro que la llamada del pie de p\u00e1gina OceanWP es un activo indispensable para cualquier empresa que se esfuerce por amplificar la tasa de participaci\u00f3n y conversi\u00f3n de los usuarios de su sitio web.<\/p>\n","protected":false},"featured_media":167077,"comment_status":"open","ping_status":"open","template":"","meta":[],"product_brand":[2513],"product_cat":[1214,1206,1211],"product_tag":[1340],"class_list":{"0":"post-121153","1":"product","2":"type-product","3":"status-publish","4":"has-post-thumbnail","6":"product_brand-ocean-wp","7":"product_cat-personalizacion","8":"product_cat-plugins","9":"product_cat-wordpress-plugins","10":"product_tag-ocean-wp","11":"member-discount","12":"discount-restricted","14":"first","15":"instock","16":"sale","17":"downloadable","18":"virtual","19":"sold-individually","20":"purchasable","21":"product-type-simple"},"_links":{"self":[{"href":"https:\/\/gpl-love.com\/es\/wp-json\/wp\/v2\/product\/121153","targetHints":{"allow":["GET"]}}],"collection":[{"href":"https:\/\/gpl-love.com\/es\/wp-json\/wp\/v2\/product"}],"about":[{"href":"https:\/\/gpl-love.com\/es\/wp-json\/wp\/v2\/types\/product"}],"replies":[{"embeddable":true,"href":"https:\/\/gpl-love.com\/es\/wp-json\/wp\/v2\/comments?post=121153"}],"wp:featuredmedia":[{"embeddable":true,"href":"https:\/\/gpl-love.com\/es\/wp-json\/wp\/v2\/media\/167077"}],"wp:attachment":[{"href":"https:\/\/gpl-love.com\/es\/wp-json\/wp\/v2\/media?parent=121153"}],"wp:term":[{"taxonomy":"product_brand","embeddable":true,"href":"https:\/\/gpl-love.com\/es\/wp-json\/wp\/v2\/product_brand?post=121153"},{"taxonomy":"product_cat","embeddable":true,"href":"https:\/\/gpl-love.com\/es\/wp-json\/wp\/v2\/product_cat?post=121153"},{"taxonomy":"product_tag","embeddable":true,"href":"https:\/\/gpl-love.com\/es\/wp-json\/wp\/v2\/product_tag?post=121153"}],"curies":[{"name":"wp","href":"https:\/\/api.w.org\/{rel}","templated":true}]}}