{"id":121151,"date":"2025-04-11T00:00:00","date_gmt":"2025-04-11T05:00:00","guid":{"rendered":"https:\/\/gpl-love.com\/es\/producto\/oceanwp-elementor-widgets\/"},"modified":"2026-04-10T11:20:03","modified_gmt":"2026-04-10T16:20:03","slug":"oceanwp-elementor-widgets","status":"publish","type":"product","link":"https:\/\/gpl-love.com\/es\/producto\/oceanwp-elementor-widgets\/","title":{"rendered":"OceanWP Elementor Widgets 2.4.8"},"content":{"rendered":"<h3>OceanWP Elementor Widgets Caracteristicas<\/h3>\n<p>Widgets de OceanWP Elementer es una herramienta incre\u00edblemente robusta y efectiva que permite a los usuarios construir sin esfuerzo sitios web visualmente cautivadores. Esta herramienta excepcional sirve como una compilaci\u00f3n integral de widgets vers\u00e1tiles, sin problemas con el altamente aclamado Elementor Page Builder. Al ofrecer una amplia gama de posibilidades, los usuarios pueden integrar sin problemas una variedad de elementos en sus p\u00e1ginas, abarcar deslizadores, galer\u00edas de im\u00e1genes, iconos de redes sociales, formularios de contacto y mucho m\u00e1s. Estos widgets se pueden personalizar sin esfuerzo y adaptarse para satisfacer los requisitos y preferencias espec\u00edficas de cada usuario. Los widgets de OceanWP Elementor representa el ep\u00edtome de la conveniencia y la eficiencia para dise\u00f1adores web, desarrolladores e individuos que buscan manifestar una presencia en l\u00ednea elegante y profesional desprovista de conocimientos de codificaci\u00f3n intrincados. Adem\u00e1s, su interfaz f\u00e1cil de usar garantiza una experiencia perfecta y gratificante, al tiempo que ofrece resultados impresionantes simult\u00e1neamente, solidificando as\u00ed su estado como una herramienta indispensable y fundamental para cualquier persona que aspire a crear un sitio web verdaderamente excepcional.<\/p>\n<ul>\n<li>Un conjunto de widgets personalizables dise\u00f1ados para funcionar a la perfecci\u00f3n con el tema del tema OceanWP y el constructor de p\u00e1ginas de elementos<\/li>\n<li>Ofrece varios widgets para diferentes necesidades, como encabezados, im\u00e1genes, botones, iconos, enlaces de redes sociales y m\u00e1s<\/li>\n<li>Permite una f\u00e1cil personalizaci\u00f3n de la apariencia del widget que incluye color de fondo, tipo de fuente, tama\u00f1o, espaciado y m\u00e1s<\/li>\n<li>Se integra suavemente con la interfaz de arrastre y ca\u00edda de Elementor para la colocaci\u00f3n y organizaci\u00f3n de widgets sin esfuerzo<\/li>\n<li>Proporciona documentaci\u00f3n detallada y soporte para ayudar a los usuarios a aprovechar al m\u00e1ximo el producto<\/li>\n<li>Compatible con m\u00faltiples idiomas y versiones de WordPress que garantizan un uso universal<\/li>\n<li>Rimensiones de la creaci\u00f3n de sitios web procesos y ayuda a los usuarios a lograr sitios web de aspecto profesional sin habilidades de codificaci\u00f3n<\/li>\n<li>El producto se actualiza y mantiene continuamente para garantizar un rendimiento y compatibilidad \u00f3ptimos con las \u00faltimas actualizaciones de software.<\/li>\n<\/ul>\n","protected":false},"excerpt":{"rendered":"<p>Los widgets de OceanWP Elementor comprende un conjunto integral de widgets, que poseen inmensas opciones de potencia y personalizaci\u00f3n. Estos widgets se integran sin problemas con el constructor de p\u00e1ginas Elementor, facilitando as\u00ed una integraci\u00f3n armoniosa en su sitio web. Con una interfaz intuitiva, esta colecci\u00f3n permite la adici\u00f3n perfecta de caracter\u00edsticas impresionantes en su sitio web, que abarca una variedad de elementos como encabezados, pies de p\u00e1gina, publicaciones de blog, testimonios y mucho m\u00e1s. Los widgets dentro de esta colecci\u00f3n han sido dise\u00f1ados meticulosamente para ofrecer flexibilidad incomparable y facilidad de uso, lo que lo permite modificarlos y dise\u00f1arlos sin esfuerzo de una manera que se alinee con su marca y preferencias est\u00e9ticas. Adem\u00e1s, estos widgets se han optimizado meticulosamente para garantizar un rendimiento r\u00e1pido y eficiente, garantizando una experiencia de usuario perfecta para sus visitantes apreciados. \u00a1No pierda el tiempo y adquiera los widgets de OceanWP Elementor hoy, impulsando as\u00ed su sitio web a alturas sin precedentes!<\/p>\n","protected":false},"featured_media":167076,"comment_status":"open","ping_status":"open","template":"","meta":[],"product_brand":[2513],"product_cat":[1214,1206,1211],"product_tag":[1340],"class_list":{"0":"post-121151","1":"product","2":"type-product","3":"status-publish","4":"has-post-thumbnail","6":"product_brand-ocean-wp","7":"product_cat-personalizacion","8":"product_cat-plugins","9":"product_cat-wordpress-plugins","10":"product_tag-ocean-wp","11":"member-discount","12":"discount-restricted","14":"first","15":"instock","16":"sale","17":"downloadable","18":"virtual","19":"sold-individually","20":"purchasable","21":"product-type-simple"},"_links":{"self":[{"href":"https:\/\/gpl-love.com\/es\/wp-json\/wp\/v2\/product\/121151","targetHints":{"allow":["GET"]}}],"collection":[{"href":"https:\/\/gpl-love.com\/es\/wp-json\/wp\/v2\/product"}],"about":[{"href":"https:\/\/gpl-love.com\/es\/wp-json\/wp\/v2\/types\/product"}],"replies":[{"embeddable":true,"href":"https:\/\/gpl-love.com\/es\/wp-json\/wp\/v2\/comments?post=121151"}],"wp:featuredmedia":[{"embeddable":true,"href":"https:\/\/gpl-love.com\/es\/wp-json\/wp\/v2\/media\/167076"}],"wp:attachment":[{"href":"https:\/\/gpl-love.com\/es\/wp-json\/wp\/v2\/media?parent=121151"}],"wp:term":[{"taxonomy":"product_brand","embeddable":true,"href":"https:\/\/gpl-love.com\/es\/wp-json\/wp\/v2\/product_brand?post=121151"},{"taxonomy":"product_cat","embeddable":true,"href":"https:\/\/gpl-love.com\/es\/wp-json\/wp\/v2\/product_cat?post=121151"},{"taxonomy":"product_tag","embeddable":true,"href":"https:\/\/gpl-love.com\/es\/wp-json\/wp\/v2\/product_tag?post=121151"}],"curies":[{"name":"wp","href":"https:\/\/api.w.org\/{rel}","templated":true}]}}