{"id":121149,"date":"2021-02-09T00:00:00","date_gmt":"2021-02-09T05:00:00","guid":{"rendered":"https:\/\/gpl-love.com\/es\/producto\/oceanwp-custom-sidebar\/"},"modified":"2026-04-10T11:20:02","modified_gmt":"2026-04-10T16:20:02","slug":"oceanwp-custom-sidebar","status":"publish","type":"product","link":"https:\/\/gpl-love.com\/es\/producto\/oceanwp-custom-sidebar\/","title":{"rendered":"OceanWP Custom Sidebar 1.5.0"},"content":{"rendered":"<h3>OceanWP Custom Sidebar Caracteristicas<\/h3>\n<p>La barra lateral personalizada OceanWP es una herramienta incre\u00edblemente robusta y vers\u00e1til que otorga a los usuarios la capacidad de generar sin esfuerzo para barras laterales personalizadas para su sitio web de WordPress. Este complemento excepcional faculta a las personas para incorporar a la perfecci\u00f3n nuevas barras laterales en cualquier p\u00e1gina o publicaci\u00f3n deseada, e incluso proporciona la incre\u00edble capacidad para establecer dise\u00f1os distintos de la barra lateral para cada p\u00e1gina individual. Este notable producto es realmente una necesidad absoluta para aquellos que buscan aumentar la funcionalidad y la adaptabilidad de su sitio web. Con esta notable herramienta, se le brinda la tremenda oportunidad de presentar contenido diverso en varias secciones de su sitio, que abarcan elementos como anuncios, hiperv\u00ednculos, publicaciones recientes y mucho m\u00e1s. Configurar e implementar la barra lateral personalizada OceanWP es una brisa absoluta, ya que cuenta con un proceso de instalaci\u00f3n intuitivo y una interfaz incre\u00edblemente f\u00e1cil de usar. Adem\u00e1s, este notable complemento ofrece a los usuarios una amplia gama de opciones de personalizaci\u00f3n, lo que les permite personalizar sus \u00e1reas de widgets, seleccionar sus colores preferidos e incluso elegir entre una variedad de estilos de fuentes cautivadores. Independientemente de si usted es un usuario novato o experimentado de WordPress, este complemento excepcional es un esencial innegable para cualquiera que se esfuerce por crear un sitio web verdaderamente din\u00e1mico, cautivador y atractivo.<\/p>\n<ul>\n<li>Opciones de barra lateral personalizables para su tema de OceanWP WordPress<\/li>\n<li>Elija entre m\u00faltiples opciones de dise\u00f1o, incluidos uno, dos y tres dise\u00f1os de columnas.<\/li>\n<li>Le permite agregar y organizar f\u00e1cilmente widgets a su barra lateral<\/li>\n<li>Compatible con los widgets incorporados de OceanWP, as\u00ed como los widgets de terceros<\/li>\n<li>Opci\u00f3n para agregar CSS personalizado para una mayor personalizaci\u00f3n<\/li>\n<li>Interfaz f\u00e1cil de usar para f\u00e1cil navegaci\u00f3n y configuraci\u00f3n<\/li>\n<li>Ayuda a aumentar la funcionalidad del sitio web y la experiencia del usuario<\/li>\n<\/ul>\n","protected":false},"excerpt":{"rendered":"<p>La barra lateral personalizada OceanWP, un complemento incre\u00edblemente conveniente para el muy popular tema de WordPress de OceanWP, brinda a los usuarios la oportunidad de dise\u00f1ar y adaptar sus propias barras laterales. Armados con esta notable caracter\u00edstica, los usuarios pueden integrar sin problemas su propia variedad de widgets y contenido, asignar barras laterales espec\u00edficas a p\u00e1ginas o publicaciones distintas e incluso ejercer control sobre el atractivo est\u00e9tico general de su sitio web. Gracias a su interfaz f\u00e1cil de usar y su proceso de instalaci\u00f3n directo, este complemento se ha convertido en la opci\u00f3n ideal para las personas que anhelan imbuir el dise\u00f1o de su sitio web con un sentido de personalizaci\u00f3n.<\/p>\n","protected":false},"featured_media":167075,"comment_status":"open","ping_status":"open","template":"","meta":[],"product_brand":[2513],"product_cat":[1214,1206,1211],"product_tag":[1340],"class_list":{"0":"post-121149","1":"product","2":"type-product","3":"status-publish","4":"has-post-thumbnail","6":"product_brand-ocean-wp","7":"product_cat-personalizacion","8":"product_cat-plugins","9":"product_cat-wordpress-plugins","10":"product_tag-ocean-wp","11":"member-discount","12":"discount-restricted","14":"first","15":"instock","16":"sale","17":"downloadable","18":"virtual","19":"sold-individually","20":"purchasable","21":"product-type-simple"},"_links":{"self":[{"href":"https:\/\/gpl-love.com\/es\/wp-json\/wp\/v2\/product\/121149","targetHints":{"allow":["GET"]}}],"collection":[{"href":"https:\/\/gpl-love.com\/es\/wp-json\/wp\/v2\/product"}],"about":[{"href":"https:\/\/gpl-love.com\/es\/wp-json\/wp\/v2\/types\/product"}],"replies":[{"embeddable":true,"href":"https:\/\/gpl-love.com\/es\/wp-json\/wp\/v2\/comments?post=121149"}],"wp:featuredmedia":[{"embeddable":true,"href":"https:\/\/gpl-love.com\/es\/wp-json\/wp\/v2\/media\/167075"}],"wp:attachment":[{"href":"https:\/\/gpl-love.com\/es\/wp-json\/wp\/v2\/media?parent=121149"}],"wp:term":[{"taxonomy":"product_brand","embeddable":true,"href":"https:\/\/gpl-love.com\/es\/wp-json\/wp\/v2\/product_brand?post=121149"},{"taxonomy":"product_cat","embeddable":true,"href":"https:\/\/gpl-love.com\/es\/wp-json\/wp\/v2\/product_cat?post=121149"},{"taxonomy":"product_tag","embeddable":true,"href":"https:\/\/gpl-love.com\/es\/wp-json\/wp\/v2\/product_tag?post=121149"}],"curies":[{"name":"wp","href":"https:\/\/api.w.org\/{rel}","templated":true}]}}