{"id":121147,"date":"2025-05-21T00:00:00","date_gmt":"2025-05-21T05:00:00","guid":{"rendered":"https:\/\/gpl-love.com\/es\/producto\/oceanwp-cookie-notice\/"},"modified":"2026-04-10T11:20:01","modified_gmt":"2026-04-10T16:20:01","slug":"oceanwp-cookie-notice","status":"publish","type":"product","link":"https:\/\/gpl-love.com\/es\/producto\/oceanwp-cookie-notice\/","title":{"rendered":"OceanWP Cookie Notice 2.2.1"},"content":{"rendered":"<h3>OceanWP Cookie Notice Caracteristicas<\/h3>\n<p>OceanWP Cookie Aviso es una herramienta inmensamente beneficiosa para los propietarios de sitios web que desean adherirse a las leyes de privacidad mostrando prominentemente un aviso relacionado con la utilizaci\u00f3n de cookies en su sitio web. Este complemento excepcional se puede instalar y adaptarse sin esfuerzo para alinearse perfectamente con la marca distintiva de su sitio web. Abarca una gran cantidad de caracter\u00edsticas notables, que abarca la capacidad de personalizar el mensaje, el color y la configuraci\u00f3n de posici\u00f3n de acuerdo con sus preferencias. Adem\u00e1s, muestra una notable versatilidad al admitir m\u00faltiples idiomas y ofrecer la opci\u00f3n de incorporar un enlace a una p\u00e1gina de pol\u00edtica de cookies. Al aprovechar las notables capacidades del aviso de cookies OceanWP, los propietarios de sitios web diligentes pueden asegurarse astutamente de que sus estimados visitantes sean informados diligentemente del empleo de cookies en su estimado sitio, por lo que fortalece su capacidad de establecer y fomentar un sentido de confianza y transparencia inquebrantable con su capacidad con su audiencia exigente.<\/p>\n<ul>\n<li>Proporciona un aviso de cookies personalizable para cumplir con los requisitos de GDPR<\/li>\n<li>Ofrece m\u00faltiples estilos de consentimiento de cookies que se ajustan a cualquier dise\u00f1o de sitio web<\/li>\n<li>Permite a los usuarios elegir qu\u00e9 cookies desean habilitar\/deshabilitar<\/li>\n<li>Incluye una opci\u00f3n para que los usuarios acepten autom\u00e1ticamente cookies despu\u00e9s de un per\u00edodo de tiempo establecido<\/li>\n<li>Compatible con todos los temas de OceanWP y la mayor\u00eda de los temas de WordPress<\/li>\n<li>F\u00e1cil de usar y configurar sin requerido conocimiento de codificaci\u00f3n<\/li>\n<li>Ayuda a los propietarios de sitios web a evitar posibles multas de GDPR por incumplimiento<\/li>\n<\/ul>\n","protected":false},"excerpt":{"rendered":"<p>El complemento de Aviso de Cookie OceanWP sirve como una herramienta eficaz meticulosamente elaborada para ayudar a los propietarios de sitios web a cumplir con las leyes de cookies aplicadas por la Uni\u00f3n Europea. Este notable activo ofrece una notificaci\u00f3n de cookies totalmente personalizable, que se manifiesta con precisi\u00f3n en su estimado sitio web cada vez que un visitante adorna sus reinos digitales. Con un proceso de instalaci\u00f3n notablemente sencillo a su disposici\u00f3n, tiene la oportunidad de mostrar un mensaje l\u00facido y f\u00e1cil de usar a los estimados habitantes de su morada virtual, inform\u00e1ndolos diligentemente sobre el empleo de cookies de su sitio web y ofreci\u00e9ndoles la libertad de abarrotar o rechazar esta confecci\u00f3n digital. Adem\u00e1s, este complemento impresionante le dura una mir\u00edada de opciones de dise\u00f1o y estilo, armonizando sin problemas con la marca \u00fanica de su sitio web y elevando su atractivo est\u00e9tico a alturas sin precedentes, asegurando as\u00ed un cumplimiento meticuloso con las regulaciones de gobierno y preservando meticulosamente un aire de aire de de Profesionalismo a lo largo de su totalidad.<\/p>\n","protected":false},"featured_media":167074,"comment_status":"open","ping_status":"open","template":"","meta":[],"product_brand":[2513],"product_cat":[1214,1206,1211],"product_tag":[1340],"class_list":{"0":"post-121147","1":"product","2":"type-product","3":"status-publish","4":"has-post-thumbnail","6":"product_brand-ocean-wp","7":"product_cat-personalizacion","8":"product_cat-plugins","9":"product_cat-wordpress-plugins","10":"product_tag-ocean-wp","11":"member-discount","12":"discount-restricted","14":"first","15":"instock","16":"sale","17":"downloadable","18":"virtual","19":"sold-individually","20":"purchasable","21":"product-type-simple"},"_links":{"self":[{"href":"https:\/\/gpl-love.com\/es\/wp-json\/wp\/v2\/product\/121147","targetHints":{"allow":["GET"]}}],"collection":[{"href":"https:\/\/gpl-love.com\/es\/wp-json\/wp\/v2\/product"}],"about":[{"href":"https:\/\/gpl-love.com\/es\/wp-json\/wp\/v2\/types\/product"}],"replies":[{"embeddable":true,"href":"https:\/\/gpl-love.com\/es\/wp-json\/wp\/v2\/comments?post=121147"}],"wp:featuredmedia":[{"embeddable":true,"href":"https:\/\/gpl-love.com\/es\/wp-json\/wp\/v2\/media\/167074"}],"wp:attachment":[{"href":"https:\/\/gpl-love.com\/es\/wp-json\/wp\/v2\/media?parent=121147"}],"wp:term":[{"taxonomy":"product_brand","embeddable":true,"href":"https:\/\/gpl-love.com\/es\/wp-json\/wp\/v2\/product_brand?post=121147"},{"taxonomy":"product_cat","embeddable":true,"href":"https:\/\/gpl-love.com\/es\/wp-json\/wp\/v2\/product_cat?post=121147"},{"taxonomy":"product_tag","embeddable":true,"href":"https:\/\/gpl-love.com\/es\/wp-json\/wp\/v2\/product_tag?post=121147"}],"curies":[{"name":"wp","href":"https:\/\/api.w.org\/{rel}","templated":true}]}}