{"id":121145,"date":"2022-01-28T00:00:00","date_gmt":"2022-01-28T05:00:00","guid":{"rendered":"https:\/\/gpl-love.com\/es\/producto\/noor-5-multipurpose-y-fully-customizable-creative-amp-theme\/"},"modified":"2026-04-10T11:19:51","modified_gmt":"2026-04-10T16:19:51","slug":"noor-5-multipurpose-y-fully-customizable-creative-amp-theme","status":"publish","type":"product","link":"https:\/\/gpl-love.com\/es\/producto\/noor-5-multipurpose-y-fully-customizable-creative-amp-theme\/","title":{"rendered":"Noor 5 MultiPurpose y Fully Customizable Creative AMP Theme 5.8.3"},"content":{"rendered":"<h3>Noor 5 MultiPurpose y Fully Customizable Creative AMP Theme Caracteristicas<\/h3>\n<p>Noor 5, un tema de amplificador notablemente vers\u00e1til y notablemente personalizable, ha sido ingeniosamente elaborado para atender los gustos exigentes de los profesionales creativos. M\u00e1s all\u00e1 de su mera adaptabilidad, Noor 5 extiende su utilidad en una gama de diversos proyectos, desde los \u00e1mbitos \u00edntimamente personales de los blogs hasta la grandeza de los sitios web corporativos. Adem\u00e1s, este tema ha sido finamente sintonizado para optimizar la velocidad, asegurando que su sitio web evoque sin esfuerzo una experiencia de navegaci\u00f3n perfecta, desprovista de retrasos frustrantes. La brillantez de Noor 5 se encuentra no solo en su funcionalidad, sino tambi\u00e9n en la mir\u00edada de posibilidades que presenta para la personalizaci\u00f3n. Le facule el creaci\u00f3n de un reino digital que se adapte a sus especificaciones exactas, acomodando sus necesidades y preferencias. Ya sea que se encuentre en el papel de un dise\u00f1ador visionario o un desarrollador magistral, Noor 5 sigue siendo una elecci\u00f3n incomparable para dise\u00f1ar un sitio web impresionante y de alto rendimiento que eclipsa sin esfuerzo a sus rivales.<\/p>\n<ul>\n<li>La tecnolog\u00eda avanzada de p\u00e1ginas m\u00f3viles (AMP) garantiza velocidades de carga de la p\u00e1gina de rayo y una mejor experiencia del usuario<\/li>\n<li>Dise\u00f1o altamente personalizable con m\u00faltiples plantillas de demostraci\u00f3n para adaptarse a diversas industrias y prop\u00f3sitos<\/li>\n<li>El constructor de p\u00e1ginas de arrastrar y soltar permite la creaci\u00f3n f\u00e1cil de dise\u00f1os y dise\u00f1os personalizados<\/li>\n<li>El dise\u00f1o totalmente receptivo asegura que su sitio web se vea muy bien en cualquier dispositivo.<\/li>\n<li>Integrado con complementos populares como WooCommerce y Yoast SEO para una funcionalidad adicional<\/li>\n<li>El c\u00f3digo HTML5 y CSS3 garantiza un c\u00f3digo moderno, limpio y eficiente para un rendimiento \u00f3ptimo<\/li>\n<li>Construido con las mejores pr\u00e1cticas de SEO en mente para ayudar a su sitio web a clasificar m\u00e1s alto en los motores de b\u00fasqueda<\/li>\n<li>Equipo de soporte dedicado y documentaci\u00f3n en l\u00ednea para mayor soporte y orientaci\u00f3n para usar el tema<\/li>\n<li>Actualizaciones y mejoras regulares para la compatibilidad a largo plazo con actualizaciones y mejoras de WordPress<\/li>\n<li>Traducci\u00f3n lista para usar en varios idiomas para llegar a una audiencia global.<\/li>\n<\/ul>\n","protected":false},"excerpt":{"rendered":"<p>Estamos entusiasmados de presentar el tema notable y que lo abarca Noor 5 Amp, una respuesta perfecta para las personas que buscan construir un sitio web extraordinario que pueda adaptarse a sus preferencias. Con un dise\u00f1o elegante y sofisticado junto con caracter\u00edsticas revolucionarias, Noor 5 simplifica el proceso de crear un sitio web que se distingue sin esfuerzo de la competencia. Independientemente de si usted es un blogger entusiasta, un creativo visionario o un propietario de un negocio exitoso, este tema excepcionalmente adaptable ofrece una gama completa de herramientas y recursos que mostrar\u00e1 efectivamente su identidad de marca \u00fanica y atraer\u00e1 a una base de clientes m\u00e1s grande. Entonces, \u00bfpor qu\u00e9 retrasar m\u00e1s? \u00a1Eleve su presencia en l\u00ednea y emprende un viaje transformador adoptando las capacidades incomparables de Noor 5 hoy!<\/p>\n","protected":false},"featured_media":167062,"comment_status":"open","ping_status":"open","template":"","meta":[],"product_brand":[2337],"product_cat":[1239,1237,1238],"product_tag":[1391],"class_list":{"0":"post-121145","1":"product","2":"type-product","3":"status-publish","4":"has-post-thumbnail","6":"product_brand-themeforest","7":"product_cat-de-multiples-fines","8":"product_cat-temas","9":"product_cat-wordpress-temas","10":"product_tag-themeforest","11":"member-discount","12":"discount-restricted","14":"first","15":"instock","16":"sale","17":"downloadable","18":"virtual","19":"sold-individually","20":"purchasable","21":"product-type-simple"},"_links":{"self":[{"href":"https:\/\/gpl-love.com\/es\/wp-json\/wp\/v2\/product\/121145","targetHints":{"allow":["GET"]}}],"collection":[{"href":"https:\/\/gpl-love.com\/es\/wp-json\/wp\/v2\/product"}],"about":[{"href":"https:\/\/gpl-love.com\/es\/wp-json\/wp\/v2\/types\/product"}],"replies":[{"embeddable":true,"href":"https:\/\/gpl-love.com\/es\/wp-json\/wp\/v2\/comments?post=121145"}],"wp:featuredmedia":[{"embeddable":true,"href":"https:\/\/gpl-love.com\/es\/wp-json\/wp\/v2\/media\/167062"}],"wp:attachment":[{"href":"https:\/\/gpl-love.com\/es\/wp-json\/wp\/v2\/media?parent=121145"}],"wp:term":[{"taxonomy":"product_brand","embeddable":true,"href":"https:\/\/gpl-love.com\/es\/wp-json\/wp\/v2\/product_brand?post=121145"},{"taxonomy":"product_cat","embeddable":true,"href":"https:\/\/gpl-love.com\/es\/wp-json\/wp\/v2\/product_cat?post=121145"},{"taxonomy":"product_tag","embeddable":true,"href":"https:\/\/gpl-love.com\/es\/wp-json\/wp\/v2\/product_tag?post=121145"}],"curies":[{"name":"wp","href":"https:\/\/api.w.org\/{rel}","templated":true}]}}