{"id":121143,"date":"2022-12-28T00:00:00","date_gmt":"2022-12-28T05:00:00","guid":{"rendered":"https:\/\/gpl-love.com\/es\/producto\/ninja-popups-popup-plugin-para-wordpress\/"},"modified":"2026-03-09T07:56:59","modified_gmt":"2026-03-09T12:56:59","slug":"ninja-popups-popup-plugin-para-wordpress","status":"publish","type":"product","link":"https:\/\/gpl-love.com\/es\/producto\/ninja-popups-popup-plugin-para-wordpress\/","title":{"rendered":"Ninja Popups Popup Plugin para WordPress 4.7.8"},"content":{"rendered":"<h3>Ninja Popups Popup Plugin para WordPress Caracteristicas<\/h3>\n<p>Ninja Popups Popup Plugin para WordPress es una herramienta inmensamente poderosa que tiene la capacidad de ayudar a los propietarios de sitios web a mejorar sus tasas de conversi\u00f3n. Con una amplia selecci\u00f3n de m\u00e1s de 65 temas emergentes personalizables, este complemento excepcional permite a los usuarios elaborar ventanas emergentes \u00fanicas y cautivadoras que cautivan efectivamente la atenci\u00f3n de los visitantes e incitan a tomar medidas inmediatas. Ya sea que su objetivo sea promover un producto o servicio novedoso, expandir su base de suscriptores de correo electr\u00f3nico o disminuir el abandono del carrito, tenga la seguridad de que el complemento emergente Ninja PopUps lo tiene completamente cubierto. Adem\u00e1s, ofrece una variedad de opciones de orientaci\u00f3n avanzada que le otorgan la capacidad de mostrar ventanas emergentes exclusivamente a visitantes espec\u00edficos en funci\u00f3n de su comportamiento distintivo o ubicaci\u00f3n geogr\u00e1fica. Con su interfaz intuitiva y f\u00e1cil de usar, junto con su documentaci\u00f3n integral, el complemento emergente Ninja PopUps para WordPress, sin duda, se presenta como una soluci\u00f3n \u00f3ptima para las personas que se esfuerzan por amplificar el rendimiento general de sus sitios web.<\/p>\n<ul>\n<li>Cree ventanas emergentes profesionales y llamativas para su sitio web de WordPress sin ninguna habilidad de codificaci\u00f3n<\/li>\n<li>Elija entre una variedad de plantillas prefabricadas o personalice su propio dise\u00f1o<\/li>\n<li>Establezca desencadenantes como desplazamiento, retraso de tiempo o intenci\u00f3n de salida para mostrar sus ventanas emergentes en el momento correcto<\/li>\n<li>Agregue cualquier tipo de contenido, como im\u00e1genes, videos, formularios de contacto o botones de redes sociales.<\/li>\n<li>Use pruebas A\/B para determinar qu\u00e9 ventanas emergentes generan la mayor\u00eda de las conversiones<\/li>\n<li>Con\u00e9ctese con servicios populares de marketing por correo electr\u00f3nico como MailChimp o Aweber para hacer crecer su lista de correo electr\u00f3nico<\/li>\n<li>Rastree su rendimiento con an\u00e1lisis detallados e informes para optimizar sus ventanas emergentes<\/li>\n<li>Compatible con cualquier tema de WordPress o constructor de p\u00e1ginas<\/li>\n<li>El dise\u00f1o receptivo asegura que sus ventanas emergentes se vean bien en cualquier dispositivo<\/li>\n<li>Actualizaciones regulares y excelente atenci\u00f3n al cliente del equipo Ninja.<\/li>\n<\/ul>\n","protected":false},"excerpt":{"rendered":"<p>Ninja Popups PopUp Plugin, un complemento de WordPress de alta calidad, ofrece la capacidad de generar ventanas emergentes visualmente cautivadoras y ampliamente personalizables, lo que permite una participaci\u00f3n efectiva con los visitantes de su sitio web. A trav\u00e9s de su interfaz de arrastrar y soltar f\u00e1cilmente de usuario y una gran colecci\u00f3n de plantillas, puede dise\u00f1ar ventanas emergentes personalizadas sin esfuerzo adaptadas a varias p\u00e1ginas, dispositivos y audiencias objetivo. Adem\u00e1s, este complemento se integra perfectamente con servicios de marketing por correo electr\u00f3nico de renombre, plataformas de comercio electr\u00f3nico y redes sociales, facilitando as\u00ed la expansi\u00f3n de su lista de correo electr\u00f3nico, mejora de las conversiones y la amplificaci\u00f3n de su presencia en l\u00ednea. El complemento emergente Ninja PopUps sirve como el mejor instrumento para elaborar ventanas emergentes impactantes que convierten efectivamente el tr\u00e1fico de su sitio web en clientes dedicados.<\/p>\n","protected":false},"featured_media":167050,"comment_status":"open","ping_status":"open","template":"","meta":[],"product_brand":[2509],"product_cat":[1216,1206,1211],"product_tag":[1338],"class_list":{"0":"post-121143","1":"product","2":"type-product","3":"status-publish","4":"has-post-thumbnail","6":"product_brand-ninja-forms","7":"product_cat-formas","8":"product_cat-plugins","9":"product_cat-wordpress-plugins","10":"product_tag-ninja-forms","11":"member-discount","12":"discount-restricted","14":"first","15":"instock","16":"sale","17":"downloadable","18":"virtual","19":"sold-individually","20":"purchasable","21":"product-type-simple"},"_links":{"self":[{"href":"https:\/\/gpl-love.com\/es\/wp-json\/wp\/v2\/product\/121143","targetHints":{"allow":["GET"]}}],"collection":[{"href":"https:\/\/gpl-love.com\/es\/wp-json\/wp\/v2\/product"}],"about":[{"href":"https:\/\/gpl-love.com\/es\/wp-json\/wp\/v2\/types\/product"}],"replies":[{"embeddable":true,"href":"https:\/\/gpl-love.com\/es\/wp-json\/wp\/v2\/comments?post=121143"}],"wp:featuredmedia":[{"embeddable":true,"href":"https:\/\/gpl-love.com\/es\/wp-json\/wp\/v2\/media\/167050"}],"wp:attachment":[{"href":"https:\/\/gpl-love.com\/es\/wp-json\/wp\/v2\/media?parent=121143"}],"wp:term":[{"taxonomy":"product_brand","embeddable":true,"href":"https:\/\/gpl-love.com\/es\/wp-json\/wp\/v2\/product_brand?post=121143"},{"taxonomy":"product_cat","embeddable":true,"href":"https:\/\/gpl-love.com\/es\/wp-json\/wp\/v2\/product_cat?post=121143"},{"taxonomy":"product_tag","embeddable":true,"href":"https:\/\/gpl-love.com\/es\/wp-json\/wp\/v2\/product_tag?post=121143"}],"curies":[{"name":"wp","href":"https:\/\/api.w.org\/{rel}","templated":true}]}}