{"id":121141,"date":"2021-02-09T00:00:00","date_gmt":"2021-02-09T05:00:00","guid":{"rendered":"https:\/\/gpl-love.com\/es\/producto\/ninja-kick-sliding-panel-para-wordpress\/"},"modified":"2026-04-10T11:19:41","modified_gmt":"2026-04-10T16:19:41","slug":"ninja-kick-sliding-panel-para-wordpress","status":"publish","type":"product","link":"https:\/\/gpl-love.com\/es\/producto\/ninja-kick-sliding-panel-para-wordpress\/","title":{"rendered":"Ninja Kick: Sliding Panel para WordPress 3.0.16"},"content":{"rendered":"<h3>Ninja Kick: Sliding Panel para WordPress Caracteristicas<\/h3>\n<p>El panel Ninja Kick: Sliding para WordPress es un complemento de notable funcionalidad y dinamismo, dise\u00f1ado meticulosamente para mejorar las tasas de interacci\u00f3n del usuario y aumentar las tasas de conversi\u00f3n en los sitios web de WordPress. Distinguido por su naturaleza excepcional, este complemento ofrece un panel deslizante intuitivo y receptivo que puede configurarse sin esfuerzo para deslizarse elegantemente de cualquier per\u00edmetro de la pantalla, dando a los usuarios con un medio sofisticado y elegante para exhibir contenido, forma, men\u00fas y men\u00fas y Una gran cantidad de otros elementos. Con sus opciones de personalizaci\u00f3n f\u00e1cil de usar, el panel Ninja Kick: Sliding para WordPress confiere a los usuarios la capacidad de fabricar una experiencia de usuario perfecta e individualizada para sus estimados visitantes. Independientemente de si el reino en l\u00ednea de uno abarca una plataforma de comercio electr\u00f3nico, un blog o cualquier otra variante del sitio web, es indudablemente incumbente a uno para obtener la patada ninja indispensable: panel deslizante para WordPress, un instrumento invaluable que tiene el potencial de impulsar su sitio web a alturas incomparables.<\/p>\n<ul>\n<li>Panel deslizante f\u00e1cil de usar para sitios web de WordPress<\/li>\n<li>Dise\u00f1o de panel personalizable que coincide con la marca de su sitio web<\/li>\n<li>Agrega funcionalidad adicional a su sitio web al permitir un f\u00e1cil acceso a p\u00e1ginas o caracter\u00edsticas importantes.<\/li>\n<li>Se puede utilizar para una variedad de fines, como formularios de contacto, formularios de suscripci\u00f3n o alimentos en las redes sociales<\/li>\n<li>Se integra a la perfecci\u00f3n con su sitio de WordPress, sin ralentizar los tiempos de carga de la p\u00e1gina<\/li>\n<li>El dise\u00f1o receptivo asegura que el panel se vea muy bien en cualquier tama\u00f1o de pantalla o dispositivo<\/li>\n<li>Compatible con una amplia gama de temas y complementos de WordPress<\/li>\n<li>Viene con documentaci\u00f3n detallada y soporte para una f\u00e1cil instalaci\u00f3n y uso<\/li>\n<li>Actualizaciones regulares y correcciones de errores aseguran la compatibilidad y el rendimiento continuos<\/li>\n<li>Planes de precios asequibles disponibles para uso personal y comercial.<\/li>\n<\/ul>\n","protected":false},"excerpt":{"rendered":"<p>El panel Ninja Kick: Sliding para WordPress es una herramienta extremadamente robusta y potente que capacita a los usuarios con la capacidad de incorporar perfectamente paneles deslizantes personalizados y simplificados en su sitio de WordPress. En virtud de su interfaz de arrastrar y soltar notablemente f\u00e1cil de usar e intuitiva, los usuarios pueden fabricar paneles sin esfuerzo que muestran una variedad de contenido notable, como formularios de contacto, informaci\u00f3n de productos o alimentos en las redes sociales, entre otros. Los paneles deslizantes pueden ser impulsados \u200b\u200bpor varios est\u00edmulos, incluidos botones, enlaces o incluso gestos de mouse, lo que les hace una adici\u00f3n extraordinariamente din\u00e1mica y cautivadora a cualquier sitio web. Independientemente de si usted es un blogger, vendedor o propietario de negocios, la versatilidad y eficacia incomparables de la patada ninja: el panel deslizante para WordPress se presenta como la soluci\u00f3n por excelencia para amplificar la funcionalidad de su sitio web y elevar la experiencia general del usuario.<\/p>\n","protected":false},"featured_media":167049,"comment_status":"open","ping_status":"open","template":"","meta":[],"product_brand":[2339],"product_cat":[1214,1206,1211],"product_tag":[1256],"class_list":{"0":"post-121141","1":"product","2":"type-product","3":"status-publish","4":"has-post-thumbnail","6":"product_brand-codecanyon","7":"product_cat-personalizacion","8":"product_cat-plugins","9":"product_cat-wordpress-plugins","10":"product_tag-codecanyon","11":"member-discount","12":"discount-restricted","14":"first","15":"instock","16":"sale","17":"downloadable","18":"virtual","19":"sold-individually","20":"purchasable","21":"product-type-simple"},"_links":{"self":[{"href":"https:\/\/gpl-love.com\/es\/wp-json\/wp\/v2\/product\/121141","targetHints":{"allow":["GET"]}}],"collection":[{"href":"https:\/\/gpl-love.com\/es\/wp-json\/wp\/v2\/product"}],"about":[{"href":"https:\/\/gpl-love.com\/es\/wp-json\/wp\/v2\/types\/product"}],"replies":[{"embeddable":true,"href":"https:\/\/gpl-love.com\/es\/wp-json\/wp\/v2\/comments?post=121141"}],"wp:featuredmedia":[{"embeddable":true,"href":"https:\/\/gpl-love.com\/es\/wp-json\/wp\/v2\/media\/167049"}],"wp:attachment":[{"href":"https:\/\/gpl-love.com\/es\/wp-json\/wp\/v2\/media?parent=121141"}],"wp:term":[{"taxonomy":"product_brand","embeddable":true,"href":"https:\/\/gpl-love.com\/es\/wp-json\/wp\/v2\/product_brand?post=121141"},{"taxonomy":"product_cat","embeddable":true,"href":"https:\/\/gpl-love.com\/es\/wp-json\/wp\/v2\/product_cat?post=121141"},{"taxonomy":"product_tag","embeddable":true,"href":"https:\/\/gpl-love.com\/es\/wp-json\/wp\/v2\/product_tag?post=121141"}],"curies":[{"name":"wp","href":"https:\/\/api.w.org\/{rel}","templated":true}]}}