{"id":121139,"date":"2024-07-11T00:00:00","date_gmt":"2024-07-11T05:00:00","guid":{"rendered":"https:\/\/gpl-love.com\/es\/producto\/ninja-forms-pdf-form-submission\/"},"modified":"2026-04-10T11:19:27","modified_gmt":"2026-04-10T16:19:27","slug":"ninja-forms-pdf-form-submission","status":"publish","type":"product","link":"https:\/\/gpl-love.com\/es\/producto\/ninja-forms-pdf-form-submission\/","title":{"rendered":"Ninja Forms PDF Form Submission 3.2.4"},"content":{"rendered":"<h3>Ninja Forms PDF Form Submission Caracteristicas<\/h3>\n<p>La presentaci\u00f3n del formulario PDF Ninja Forms es una herramienta extremadamente potente que otorga a los usuarios la capacidad de fabricar y enviar sin esfuerzo formularios PDF. Este notable producto permite a los usuarios generar formas personalizadas y acumular informaci\u00f3n de su p\u00fablico objetivo. El resultado final de utilizar esta ingeniosa herramienta es un documento PDF impecablemente dise\u00f1ado que puede ser difundido y reproducido sin esfuerzo. En particular, esta herramienta es una opci\u00f3n impecable para las empresas, organizaciones e individuos por igual que necesitan una gran necesidad de recopilar informaci\u00f3n de manera expedita y eficiente. Gracias a su interfaz f\u00e1cil de usar y caracter\u00edsticas de vanguardia, Ninja Forms PDF Form-Envision se encuentra como la soluci\u00f3n por excelencia para todos sus requisitos de env\u00edo de formulario. Ya sea que su objetivo sea recopilar informaci\u00f3n de contacto, respuestas de encuestas o pagos, esta herramienta extraordinaria abarca todos los recursos necesarios para optimizar y mejorar el proceso, asegurando que siga siendo sin esfuerzo simplista y notablemente efectivo.<\/p>\n<ul>\n<li>Crear forma r\u00e1pida y f\u00e1cil de formularios PDF usando formularios ninja<\/li>\n<li>Permitir a los usuarios enviar formularios PDF completos directamente desde su sitio web<\/li>\n<li>Personalice el dise\u00f1o y el dise\u00f1o de sus formularios PDF para que coincidan con su marca<\/li>\n<li>Genere y entregue autom\u00e1ticamente copias en PDF de las presentaciones a las direcciones de correo electr\u00f3nico designadas<\/li>\n<li>Mejorar la precisi\u00f3n de los datos mediante la recopilaci\u00f3n de informaci\u00f3n en un formato estructurado y estandarizado<\/li>\n<li>Minimizar errores y retrasos eliminando la necesidad de entrada de datos manuales<\/li>\n<li>Ahorre tiempo y mejore la eficiencia al automatizar el proceso de env\u00edo del formulario<\/li>\n<li>Rastrear y monitorear los env\u00edos de formularios con potentes herramientas de an\u00e1lisis<\/li>\n<li>Almacene y administre de forma segura los formularios y env\u00edos de PDF dentro de su sitio web de WordPress<\/li>\n<li>Configuraci\u00f3n e integraci\u00f3n f\u00e1cil con formularios ninja y plataformas de WordPress.<\/li>\n<\/ul>\n","protected":false},"excerpt":{"rendered":"<p>Ninja Forms PDF Form -Forming Presing es una herramienta inmensamente robusta y altamente efectiva que le otorga el potencial de fabricar formularios PDF de forma r\u00e1pida y sin esfuerzo que emplean formas ninja. Esta herramienta extraordinaria le permite acumular datos pertinentes de las personas que visitan su sitio web y luego, posteriormente, engendren autom\u00e1ticamente los formularios PDF que se pueden obtener sin esfuerzo mediante la descarga y posteriormente imprimir. Esta ingeniosa herramienta est\u00e1 hecha a medida para una variedad de empresas y organizaciones que requieren la recopilaci\u00f3n de datos cruciales de su estimada clientela o usuarios. Ya sea que est\u00e9 tratando de acumular comentarios de los clientes, realizar encuestas integrales o capturar informaci\u00f3n sobre el pedido fundamental, la soluci\u00f3n presentada por los formularios Ninja PDF Formizaci\u00f3n del formulario es el remedio por excelencia para optimizar y optimizar su proceso de env\u00edo de formulario.<\/p>\n","protected":false},"featured_media":167027,"comment_status":"open","ping_status":"open","template":"","meta":[],"product_brand":[2509],"product_cat":[1216,1206,1211],"product_tag":[1338],"class_list":{"0":"post-121139","1":"product","2":"type-product","3":"status-publish","4":"has-post-thumbnail","6":"product_brand-ninja-forms","7":"product_cat-formas","8":"product_cat-plugins","9":"product_cat-wordpress-plugins","10":"product_tag-ninja-forms","11":"member-discount","12":"discount-restricted","14":"first","15":"instock","16":"sale","17":"downloadable","18":"virtual","19":"sold-individually","20":"purchasable","21":"product-type-simple"},"_links":{"self":[{"href":"https:\/\/gpl-love.com\/es\/wp-json\/wp\/v2\/product\/121139","targetHints":{"allow":["GET"]}}],"collection":[{"href":"https:\/\/gpl-love.com\/es\/wp-json\/wp\/v2\/product"}],"about":[{"href":"https:\/\/gpl-love.com\/es\/wp-json\/wp\/v2\/types\/product"}],"replies":[{"embeddable":true,"href":"https:\/\/gpl-love.com\/es\/wp-json\/wp\/v2\/comments?post=121139"}],"wp:featuredmedia":[{"embeddable":true,"href":"https:\/\/gpl-love.com\/es\/wp-json\/wp\/v2\/media\/167027"}],"wp:attachment":[{"href":"https:\/\/gpl-love.com\/es\/wp-json\/wp\/v2\/media?parent=121139"}],"wp:term":[{"taxonomy":"product_brand","embeddable":true,"href":"https:\/\/gpl-love.com\/es\/wp-json\/wp\/v2\/product_brand?post=121139"},{"taxonomy":"product_cat","embeddable":true,"href":"https:\/\/gpl-love.com\/es\/wp-json\/wp\/v2\/product_cat?post=121139"},{"taxonomy":"product_tag","embeddable":true,"href":"https:\/\/gpl-love.com\/es\/wp-json\/wp\/v2\/product_tag?post=121139"}],"curies":[{"name":"wp","href":"https:\/\/api.w.org\/{rel}","templated":true}]}}